{"id":6355,"date":"2017-06-20T15:07:07","date_gmt":"2017-06-20T13:07:07","guid":{"rendered":"https:\/\/fsk-kino.peripherfilm.de\/?page_id=6355"},"modified":"2021-10-26T20:01:04","modified_gmt":"2021-10-26T18:01:04","slug":"stromaufwaerts-2","status":"publish","type":"page","link":"https:\/\/fsk-kino.peripherfilm.de\/en\/peripher-filmverleih\/stromaufwaerts-2\/","title":{"rendered":"Stromaufw\u00e4rts"},"content":{"rendered":"<p class=\"qtranxs-available-languages-message qtranxs-available-languages-message-en\">Sorry, this ent\u00adry is only available in <a href=\"https:\/\/fsk-kino.peripherfilm.de\/de\/wp-json\/wp\/v2\/pages\/6355\" class=\"qtranxs-available-language-link qtranxs-available-language-link-de\" title=\"Deutsch\">Deutsch<\/a>.<\/p><p>Ein Film von Marion H\u00e4nsel.<\/p>\n<p style=\"text-align: right;\">[<a href=\"https:\/\/fsk-kino.peripherfilm.de\/kinopresseservice\/pressematerial-stromaufwaerts\/\">Pressezone<\/a>]<\/p>\n<p>Die bei\u00adden Halbbr\u00fcder Homer (Oliver Gourmet) und Jo\u00e9 (Sergi L\u00f3pez) wuss\u00adten bis vor kur\u00adzem nichts von der Existenz des jeweils ande\u00adren, erfah\u00adren haben sie von\u00adein\u00adan\u00adder erst nach dem Tod des gemein\u00adsa\u00admen Vaters. Um sich bes\u00adser ken\u00adnen\u00adzu\u00adler\u00adnen, unter\u00adneh\u00admen sie eine gemein\u00adsa\u00adme Bootsfahrt in Kroatien, dort\u00adhin, wo sich der Vater zuletzt auf\u00adge\u00adhal\u00adten hat. Was sich dabei schnell zeigt, ist, dass bei\u00adde zu ver\u00adschie\u00adden sind, um eine gute Zeit mit\u00adein\u00adan\u00adder zu ver\u00adbrin\u00adgen. Wor\u00fcber die bei\u00adden wort\u00adkar\u00adgen M\u00e4nner auch kaum spre\u00adchen k\u00f6n\u00adnen, sind die unter\u00adschied\u00adli\u00adchen Verletzungen, die bei\u00adde durch den Vater erlit\u00adten haben. Mehr schwei\u00adgend als redend tuckern sie den Flu\u00df hin\u00adauf, der sich durch eine wun\u00adder\u00adsch\u00f6\u00adne Felslandschaft schl\u00e4n\u00adgelt. Kurz vor ihrem Ziel, einem alten Kloster,<b> <\/b>tref\u00adfen sie auf einen drit\u00adten Mann, den Iren Sean (John Lynch), der mit dem Vater gesch\u00e4ft\u00adlich zu tun hat\u00adte und der mehr \u00fcber des\u00adsen Vergangenheit wei\u00df als die&nbsp;S\u00f6hne.<\/p>\n<p>Die bel\u00adgi\u00adsche Regisseurin Marion H\u00e4nsel (Dust, Barbarische Hochzeit, Between the Devil and the deep blue Sea, Z\u00e4rtlichkeit \u2026) kon\u00adzen\u00adtriert sich in ihrem neu\u00aden Film ganz auf die schwie\u00adri\u00adge Ann\u00e4herung der bei\u00adden Halbbr\u00fcder. Oliver Gourmet und Sergi L\u00f3pez spie\u00adlen die\u00adsen Mangel an Worten mit einer fas\u00adzi\u00adnie\u00adren\u00adden Pr\u00e4senz und set\u00adzen so die ruhi\u00adge Erz\u00e4hlung unter Spannung. Der Fluss und die fel\u00adsi\u00adge Umgebung tun ihr \u00dcbriges dazu.<\/p>\n<p><span class=\"dquo\">\u00bb<\/span>Manche Menschen fin\u00adden es schwie\u00adrig, u\u0308ber sich selbst zu spre\u00adchen, aus vie\u00adlen unter\u00adschied\u00adli\u00adchen Gru\u0308nden. Meine Charaktere, die Halbbru\u0308der Homer und Joe\u0301, sind sol\u00adche Menschen. Homer ist durch die Abwesenheit sei\u00adnes Vaters trau\u00adma\u00adti\u00adsiert, der sei\u00adne Existenz igno\u00adrier\u00adte; Joe\u0301 durch die Gewalt des\u00adsel\u00adben Vaters. Der Mangel an Worten, an ver\u00adba\u00adler Kommunikation inter\u00ades\u00adsiert mich und fin\u00addet sich in eini\u00adgen mei\u00adner Filme wie\u00adder. Die Stille, das Ungesagte la\u0308sst Raum fu\u0308r die Interpretation der Zuschauer*innen, fu\u0308r ihre eige\u00adnen Vorstellungen. Das gefa\u0308llt mir. Was die Erza\u0308hlung betrifft, habe ich den Eindruck, in bereits ver\u00adtrau\u00adtem Boden zu gra\u00adben, aber noch tie\u00adfer gehen zu wol\u00adlen. Es ist kein Zufall, dass Joe\u0301 und Homer Halbbru\u0308der sind. In eini\u00adgen mei\u00adner fru\u0308heren Filme sind Blutsbande, Verwandtschaft, das Bild des Vaters oder sei\u00adne Abwesenheit sehr pra\u0308sent. <em>En amont du fleuve<\/em> geho\u0308rt zu der\u00adsel\u00adben Gattung.\u00ab <i>Marion H\u00e4nsel<\/i><\/p>\n<p>Kritik in der <a href=\"https:\/\/www.google.de\/url?sa=t&amp;rct=j&amp;q=&amp;esrc=s&amp;source=newssearch&amp;cd=1&amp;cad=rja&amp;uact=8&amp;ved=0ahUKEwj0te3bzs_WAhXHPRoKHenlBXAQu4gBCCYoATAA&amp;url=http%3A%2F%2Fwww.taz.de%2FFilmstart-Stromaufwaerts%2F!5448208%2F&amp;usg=AOvVaw1cJfuEnhdj8CX3kqJsXZLB\">taz<\/a> \u2013 im <a href=\"https:\/\/www.google.de\/url?sa=t&amp;rct=j&amp;q=&amp;esrc=s&amp;source=newssearch&amp;cd=1&amp;cad=rja&amp;uact=8&amp;ved=0ahUKEwj0te3bzs_WAhXHPRoKHenlBXAQqQIIJSgAMAA&amp;url=http%3A%2F%2Fwww.tagesspiegel.de%2Fkultur%2Fbelgischer-film-stromaufwaerts-die-klippen-des-lebens%2F20386878.html&amp;usg=AOvVaw18GkpfFK1AE0MDDSaS2nB8\">Tagesspiegel<\/a><\/p>\n<div id=\"gallery-1\" class=\"gallery galleryid-6355 gallery-columns-3 gallery-size-thumbnail\"><figure class=\"gallery-item\">\n\t\t\t<div class=\"gallery-icon landscape\">\n\t\t\t\t<a href=\"https:\/\/fsk-kino.peripherfilm.de\/wp-content\/uploads\/2017\/06\/stromaufwaerts8.jpg\"><img loading=\"lazy\" decoding=\"async\" width=\"150\" height=\"150\" src=\"https:\/\/fsk-kino.peripherfilm.de\/wp-content\/uploads\/2017\/06\/stromaufwaerts8-150x150.jpg\" class=\"attachment-thumbnail size-thumbnail\" alt srcset=\"https:\/\/fsk-kino.peripherfilm.de\/wp-content\/uploads\/2017\/06\/stromaufwaerts8-150x150.jpg 150w, https:\/\/fsk-kino.peripherfilm.de\/wp-content\/uploads\/2017\/06\/stromaufwaerts8-100x100.jpg 100w\" sizes=\"auto, (max-width: 150px) 100vw, 150px\"><\/a>\n\t\t\t<\/div><\/figure><figure class=\"gallery-item\">\n\t\t\t<div class=\"gallery-icon landscape\">\n\t\t\t\t<a href=\"https:\/\/fsk-kino.peripherfilm.de\/wp-content\/uploads\/2017\/06\/stromaufwaerts7.jpg\"><img loading=\"lazy\" decoding=\"async\" width=\"150\" height=\"150\" src=\"https:\/\/fsk-kino.peripherfilm.de\/wp-content\/uploads\/2017\/06\/stromaufwaerts7-150x150.jpg\" class=\"attachment-thumbnail size-thumbnail\" alt srcset=\"https:\/\/fsk-kino.peripherfilm.de\/wp-content\/uploads\/2017\/06\/stromaufwaerts7-150x150.jpg 150w, https:\/\/fsk-kino.peripherfilm.de\/wp-content\/uploads\/2017\/06\/stromaufwaerts7-100x100.jpg 100w\" sizes=\"auto, (max-width: 150px) 100vw, 150px\"><\/a>\n\t\t\t<\/div><\/figure><figure class=\"gallery-item\">\n\t\t\t<div class=\"gallery-icon landscape\">\n\t\t\t\t<a href=\"https:\/\/fsk-kino.peripherfilm.de\/wp-content\/uploads\/2017\/06\/stromaufwaerts4.jpg\"><img loading=\"lazy\" decoding=\"async\" width=\"150\" height=\"150\" src=\"https:\/\/fsk-kino.peripherfilm.de\/wp-content\/uploads\/2017\/06\/stromaufwaerts4-150x150.jpg\" class=\"attachment-thumbnail size-thumbnail\" alt srcset=\"https:\/\/fsk-kino.peripherfilm.de\/wp-content\/uploads\/2017\/06\/stromaufwaerts4-150x150.jpg 150w, https:\/\/fsk-kino.peripherfilm.de\/wp-content\/uploads\/2017\/06\/stromaufwaerts4-100x100.jpg 100w\" sizes=\"auto, (max-width: 150px) 100vw, 150px\"><\/a>\n\t\t\t<\/div><\/figure><figure class=\"gallery-item\">\n\t\t\t<div class=\"gallery-icon landscape\">\n\t\t\t\t<a href=\"https:\/\/fsk-kino.peripherfilm.de\/wp-content\/uploads\/2017\/06\/stromaufwaerts2-e1497967597139.jpg\"><img loading=\"lazy\" decoding=\"async\" width=\"150\" height=\"150\" src=\"https:\/\/fsk-kino.peripherfilm.de\/wp-content\/uploads\/2017\/06\/stromaufwaerts2-e1497967597139-150x150.jpg\" class=\"attachment-thumbnail size-thumbnail\" alt srcset=\"https:\/\/fsk-kino.peripherfilm.de\/wp-content\/uploads\/2017\/06\/stromaufwaerts2-e1497967597139-150x150.jpg 150w, https:\/\/fsk-kino.peripherfilm.de\/wp-content\/uploads\/2017\/06\/stromaufwaerts2-e1497967597139-100x100.jpg 100w\" sizes=\"auto, (max-width: 150px) 100vw, 150px\"><\/a>\n\t\t\t<\/div><\/figure><figure class=\"gallery-item\">\n\t\t\t<div class=\"gallery-icon landscape\">\n\t\t\t\t<a href=\"https:\/\/fsk-kino.peripherfilm.de\/wp-content\/uploads\/2017\/06\/stromaufwaerts1-e1497967627552.jpg\"><img loading=\"lazy\" decoding=\"async\" width=\"150\" height=\"150\" src=\"https:\/\/fsk-kino.peripherfilm.de\/wp-content\/uploads\/2017\/06\/stromaufwaerts1-e1497967627552-150x150.jpg\" class=\"attachment-thumbnail size-thumbnail\" alt srcset=\"https:\/\/fsk-kino.peripherfilm.de\/wp-content\/uploads\/2017\/06\/stromaufwaerts1-e1497967627552-150x150.jpg 150w, https:\/\/fsk-kino.peripherfilm.de\/wp-content\/uploads\/2017\/06\/stromaufwaerts1-e1497967627552-100x100.jpg 100w\" sizes=\"auto, (max-width: 150px) 100vw, 150px\"><\/a>\n\t\t\t<\/div><\/figure><figure class=\"gallery-item\">\n\t\t\t<div class=\"gallery-icon landscape\">\n\t\t\t\t<a href=\"https:\/\/fsk-kino.peripherfilm.de\/wp-content\/uploads\/2017\/06\/EADF-2-e1497967709997.jpg\"><img loading=\"lazy\" decoding=\"async\" width=\"150\" height=\"150\" src=\"https:\/\/fsk-kino.peripherfilm.de\/wp-content\/uploads\/2017\/06\/EADF-2-150x150.jpg\" class=\"attachment-thumbnail size-thumbnail\" alt srcset=\"https:\/\/fsk-kino.peripherfilm.de\/wp-content\/uploads\/2017\/06\/EADF-2-150x150.jpg 150w, https:\/\/fsk-kino.peripherfilm.de\/wp-content\/uploads\/2017\/06\/EADF-2-e1497967709997-100x100.jpg 100w\" sizes=\"auto, (max-width: 150px) 100vw, 150px\"><\/a>\n\t\t\t<\/div><\/figure>\n\t\t<\/div>\n\n<p><em>(En amont du fleuve)<br>\nBelgien\/Niederlande\/Kroatien 2016, 90&nbsp;Min.<br>\nRegie: <a href=\"https:\/\/de.wikipedia.org\/wiki\/Marion_H\u00e4nsel\" title=\"Marion H\u00e4nsel on Wikipedia\">Marion H\u00e4nsel<\/a><br>\nBuch: Marion H\u00e4nsel, Hubert Mingarelli<br>\nMit: <a href=\"https:\/\/de.wikipedia.org\/wiki\/Olivier_Gourmet\" title=\"Olivier Gourmet on Wikipedia\">Olivier Gourmet<\/a>, <a href=\"https:\/\/de.wikipedia.org\/wiki\/Sergi_L\u00f3pez\" title=\"Sergi L\u00f3pez on Wikipedia\">Sergi L\u00f3pez<\/a>, John&nbsp;Lynch<br>\n<\/em><em>Kamera: Didier Frateur<br>\n<\/em><em>Schnitt: Mich\u00e8le Hubinon<br>\n<\/em><em>Produktion: Marion H\u00e4nsel, Digna&nbsp;Sinke<br>\nfrei\u00adge\u00adge\u00adben ab 12 Jahren (<a href=\"http:\/\/www.spio.de\/asp\/fskkarte.asp?pvid=577369\"><span class=\"caps\">FSK<\/span> Karte \u2013 pdf<\/a>)<\/em><\/p>\n<p><iframe loading=\"lazy\" src=\"https:\/\/player.vimeo.com\/video\/224466314\" width=\"640\" height=\"360\" frameborder=\"0\" allowfullscreen=\"allowfullscreen\"><\/iframe><\/p>\n<p><a href=\"https:\/\/vimeo.com\/224466314\">Trailer Stromaufw\u00e4rts<\/a> from <a href=\"https:\/\/vimeo.com\/peripherfilm\">Peripher Filmverleih<\/a> on <a href=\"https:\/\/vimeo.com\">Vimeo<\/a>.<\/p>","protected":false},"excerpt":{"rendered":"<p>Sorry, this ent\u00adry is only available in Deutsch.Ein Film von Marion H\u00e4nsel. [Pressezone] Die bei\u00adden Halbbr\u00fcder Homer (Oliver Gourmet) und Jo\u00e9 (Sergi L\u00f3pez) wuss\u00adten bis vor kur\u00adzem nichts von der Existenz des jeweils ande\u00adren, erfah\u00adren haben sie von\u00adein\u00adan\u00adder erst nach dem Tod des gemein\u00adsa\u00admen Vaters. Um sich bes\u00adser ken\u00adnen\u00adzu\u00adler\u00adnen, unter\u00adneh\u00admen sie eine gemein\u00adsa\u00adme Bootsfahrt in&nbsp;[\u2026]<\/p>\n","protected":false},"author":2,"featured_media":6359,"parent":3028,"menu_order":0,"comment_status":"closed","ping_status":"closed","template":"","meta":{"_crdt_document":"","wp_typography_post_enhancements_disabled":false,"slim_seo":{"title":"[:de]Stromaufw\u00e4rts[:] - fsk Kino","description":"[:de]Ein Film von Marion H\u00e4nsel. [ Pressezone ] Die beiden Halbbr\u00fcder Homer (Oliver Gourmet) und Jo\u00e9 (Sergi L\u00f3pez) wussten bis vor kurzem nichts von der Existen"},"footnotes":""},"class_list":["post-6355","page","type-page","status-publish","has-post-thumbnail","hentry"],"_links":{"self":[{"href":"https:\/\/fsk-kino.peripherfilm.de\/en\/wp-json\/wp\/v2\/pages\/6355","targetHints":{"allow":["GET"]}}],"collection":[{"href":"https:\/\/fsk-kino.peripherfilm.de\/en\/wp-json\/wp\/v2\/pages"}],"about":[{"href":"https:\/\/fsk-kino.peripherfilm.de\/en\/wp-json\/wp\/v2\/types\/page"}],"author":[{"embeddable":true,"href":"https:\/\/fsk-kino.peripherfilm.de\/en\/wp-json\/wp\/v2\/users\/2"}],"replies":[{"embeddable":true,"href":"https:\/\/fsk-kino.peripherfilm.de\/en\/wp-json\/wp\/v2\/comments?post=6355"}],"version-history":[{"count":0,"href":"https:\/\/fsk-kino.peripherfilm.de\/en\/wp-json\/wp\/v2\/pages\/6355\/revisions"}],"up":[{"embeddable":true,"href":"https:\/\/fsk-kino.peripherfilm.de\/en\/wp-json\/wp\/v2\/pages\/3028"}],"wp:featuredmedia":[{"embeddable":true,"href":"https:\/\/fsk-kino.peripherfilm.de\/en\/wp-json\/wp\/v2\/media\/6359"}],"wp:attachment":[{"href":"https:\/\/fsk-kino.peripherfilm.de\/en\/wp-json\/wp\/v2\/media?parent=6355"}],"curies":[{"name":"wp","href":"https:\/\/api.w.org\/{rel}","templated":true}]}}