{"id":5190,"date":"2017-01-10T19:38:17","date_gmt":"2017-01-10T18:38:17","guid":{"rendered":"https:\/\/fsk-kino.peripherfilm.de\/?page_id=5190"},"modified":"2021-10-26T20:00:26","modified_gmt":"2021-10-26T18:00:26","slug":"kommunion","status":"publish","type":"page","link":"https:\/\/fsk-kino.peripherfilm.de\/en\/peripher-filmverleih\/kommunion\/","title":{"rendered":"Kommunion"},"content":{"rendered":"<p>Ein Film von Anna Zamecka. Ab 4.Mai im&nbsp;Kino.<\/p>\n<p style=\"text-align: right;\">[<a href=\"https:\/\/fsk-kino.peripherfilm.de\/kinopresseservice\/pressematerial-kommunion\/\">Pres\u00adse\u00adzo\u00adne<\/a>]<\/p>\n<p>Die 14-j\u00e4h\u00adri\u00adge Ola k\u00fcm\u00admert sich um ihren j\u00fcn\u00adge\u00adren autis\u00adti\u00adschen Bruder Nikodem, der bald zum ers\u00adten Mal die hei\u00adli\u00adge Kommunion emp\u00adfan\u00adgen soll. Bedingung f\u00fcr Letzteres ist aller\u00addings, dass er die m\u00fcnd\u00adli\u00adche Pr\u00fcfung besteht, des\u00adhalb lernt Ola mit ihm all das, was ein Katholik \u00fcber sei\u00adnen Glauben wis\u00adsen soll\u00adte, und malt in den schw\u00e4r\u00adzes\u00adten Farben aus, was pas\u00adsie\u00adren k\u00f6nn\u00adte, wenn er durch\u00adf\u00e4llt. Mit Hilfe von Bananenscheiben wird schlie\u00df\u00adlich auch ge\u00fcbt, wie man die Hostie rich\u00adtig ent\u00adge\u00adgen nimmt. Daneben k\u00fcm\u00admert sich Ola um den Haushalt und dar\u00adum, dass der Vater, den es immer wie\u00adder in die Kneipe zieht, bald wie\u00adder zu Hause ist. Zur Mutter besteht nur tele\u00adfo\u00adnisch Kontakt, bei jedem Gespr\u00e4ch mit ihr ver\u00adsucht Ola sie zu \u00fcber\u00adre\u00adden, zur Kommunionfeier von Nikodem zu kom\u00admen \u2013 mit dem Hintergedanken, dass sich die Familie dabei ja auch wie\u00adder ver\u00adei\u00adnen und die Mutter dann zur\u00fcck zu ihnen zie\u00adhen k\u00f6nnte.<br>\nIm Direct Cinema-Stil gedreht, beschr\u00e4nkt sich <span class=\"caps\">KOMMUNION<\/span> ganz dar\u00adauf, den Lebensalltag von Ola und Nikodem zu doku\u00admen\u00adtie\u00adren. Dabei ent\u00adfal\u00adtet sich das wech\u00adsel\u00advol\u00adle und inten\u00adsi\u00adve Verh\u00e4ltnis zwi\u00adschen den bei\u00adden sich selbst \u00fcber\u00adlas\u00adse\u00adnen Jugendlichen.<\/p>\n<p><span class=\"dquo\">\u201e<\/span>Der Realit\u00e4t, die kaum Raum zum Atmen l\u00e4sst, ein\u00adge\u00adfan\u00adgen mit beklem\u00admen\u00adder Unmittelbarkeit, set\u00adzen die Teenager all ihre Lebenskraft entgegen.\u201d<br>\nKatalogtext Dok Leipzig | Lars&nbsp;Meyer<\/p>\n<p><span class=\"dquo\">\u201e<\/span>Ola sitzt auf einer r\u00fct\u00adteln\u00adden Waschmaschine und h\u00e4lt w\u00e4h\u00adrend\u00addes\u00adsen die Sp\u00fcle fest, die neben\u00adan steht und mit\u00adschep\u00adpert. Es macht den Eindruck, als w\u00fcr\u00adde ihr, w\u00fcr\u00adde sie nicht mit dem K\u00f6rper gegen\u00adsteu\u00adern, die Welt um die Ohren flie\u00adgen. Ihr jun\u00adger, d\u00fcn\u00adner K\u00f6rper wird mit einer ein\u00adzi\u00adgen Einstellung zum Atlas. Sie ist vier\u00adzehn Jahre alt, und auf ihr las\u00adtet ein enor\u00admer Druck. Anna Zameckas <em>Kommunion<\/em> zeigt uns, wie Ola den Haushalt schmei\u00dft, die Schulhefte f\u00fcr ihren j\u00fcn\u00adge\u00adren, autis\u00adti\u00adschen Bruder Nikodem sor\u00adtiert und ihn auf die anste\u00adhen\u00adde Kommunion vor\u00adbe\u00adrei\u00adtet, die in der pol\u00adni\u00adschen Provinz nicht unwe\u00adsent\u00adlich zum Leben geh\u00f6rt. Nur ein\u00admal sehen wir Ola in einer Art Kinderdisko, in der Jungen und M\u00e4dchen auf getrenn\u00adten Seiten tan\u00adzen. Dort tritt sie auf wie eine Einheizerin. Ihre Bewegungen sind die aus\u00adla\u00addends\u00adten, sie ist die Einzige, die in die Musik hin\u00adein\u00adbr\u00fcllt, die Kontakt mit der Jungsseite auf\u00adnimmt, indem sie Stinkefinger hin\u00ad\u00fcber\u00adschickt. Mit dem Anschwellen der Musik erm\u00e4ch\u00adtigt sich Ola \u00fcber Raum und Menschen. Sie wird zur zen\u00adtra\u00adlen, das Geschehen struk\u00adtu\u00adrie\u00adren\u00adden Figur \u2013 und es ist ihr Tanz, es sind ihre aggres\u00adsi\u00adven und zugleich aus\u00adge\u00adlas\u00adse\u00adnen Bewegungskonfigurationen, die das leisten.&nbsp;\u201d<br>\ncritic.de \u2013 Lucas&nbsp;Stern<\/p>\n<p><strong>Young Eyes Film Award<\/strong> | Dok Leipzig 2016<\/p>\n<div id=\"gallery-2\" class=\"gallery galleryid-5190 gallery-columns-3 gallery-size-medium\"><figure class=\"gallery-item\">\n\t\t\t<div class=\"gallery-icon landscape\">\n\t\t\t\t<a href=\"https:\/\/fsk-kino.peripherfilm.de\/wp-content\/uploads\/2017\/01\/kommunion8.jpeg\"><img loading=\"lazy\" decoding=\"async\" width=\"400\" height=\"225\" src=\"https:\/\/fsk-kino.peripherfilm.de\/wp-content\/uploads\/2017\/01\/kommunion8-400x225.jpeg\" class=\"attachment-medium size-medium\" alt srcset=\"https:\/\/fsk-kino.peripherfilm.de\/wp-content\/uploads\/2017\/01\/kommunion8-400x225.jpeg 400w, https:\/\/fsk-kino.peripherfilm.de\/wp-content\/uploads\/2017\/01\/kommunion8-300x169.jpeg 300w, https:\/\/fsk-kino.peripherfilm.de\/wp-content\/uploads\/2017\/01\/kommunion8-600x338.jpeg 600w, https:\/\/fsk-kino.peripherfilm.de\/wp-content\/uploads\/2017\/01\/kommunion8-768x432.jpeg 768w, https:\/\/fsk-kino.peripherfilm.de\/wp-content\/uploads\/2017\/01\/kommunion8-1024x576.jpeg 1024w, https:\/\/fsk-kino.peripherfilm.de\/wp-content\/uploads\/2017\/01\/kommunion8-624x351.jpeg 624w, https:\/\/fsk-kino.peripherfilm.de\/wp-content\/uploads\/2017\/01\/kommunion8.jpeg 1280w\" sizes=\"auto, (max-width: 400px) 100vw, 400px\"><\/a>\n\t\t\t<\/div><\/figure><figure class=\"gallery-item\">\n\t\t\t<div class=\"gallery-icon landscape\">\n\t\t\t\t<a href=\"https:\/\/fsk-kino.peripherfilm.de\/wp-content\/uploads\/2017\/01\/kommunion7.jpeg\"><img loading=\"lazy\" decoding=\"async\" width=\"400\" height=\"225\" src=\"https:\/\/fsk-kino.peripherfilm.de\/wp-content\/uploads\/2017\/01\/kommunion7-400x225.jpeg\" class=\"attachment-medium size-medium\" alt srcset=\"https:\/\/fsk-kino.peripherfilm.de\/wp-content\/uploads\/2017\/01\/kommunion7-400x225.jpeg 400w, https:\/\/fsk-kino.peripherfilm.de\/wp-content\/uploads\/2017\/01\/kommunion7-300x169.jpeg 300w, https:\/\/fsk-kino.peripherfilm.de\/wp-content\/uploads\/2017\/01\/kommunion7-600x338.jpeg 600w, https:\/\/fsk-kino.peripherfilm.de\/wp-content\/uploads\/2017\/01\/kommunion7-768x432.jpeg 768w, https:\/\/fsk-kino.peripherfilm.de\/wp-content\/uploads\/2017\/01\/kommunion7-1024x576.jpeg 1024w, https:\/\/fsk-kino.peripherfilm.de\/wp-content\/uploads\/2017\/01\/kommunion7-624x351.jpeg 624w, https:\/\/fsk-kino.peripherfilm.de\/wp-content\/uploads\/2017\/01\/kommunion7.jpeg 1280w\" sizes=\"auto, (max-width: 400px) 100vw, 400px\"><\/a>\n\t\t\t<\/div><\/figure><figure class=\"gallery-item\">\n\t\t\t<div class=\"gallery-icon landscape\">\n\t\t\t\t<a href=\"https:\/\/fsk-kino.peripherfilm.de\/wp-content\/uploads\/2017\/01\/kommunion6.jpeg\"><img loading=\"lazy\" decoding=\"async\" width=\"400\" height=\"225\" src=\"https:\/\/fsk-kino.peripherfilm.de\/wp-content\/uploads\/2017\/01\/kommunion6-400x225.jpeg\" class=\"attachment-medium size-medium\" alt srcset=\"https:\/\/fsk-kino.peripherfilm.de\/wp-content\/uploads\/2017\/01\/kommunion6-400x225.jpeg 400w, https:\/\/fsk-kino.peripherfilm.de\/wp-content\/uploads\/2017\/01\/kommunion6-300x169.jpeg 300w, https:\/\/fsk-kino.peripherfilm.de\/wp-content\/uploads\/2017\/01\/kommunion6-600x338.jpeg 600w, https:\/\/fsk-kino.peripherfilm.de\/wp-content\/uploads\/2017\/01\/kommunion6-768x432.jpeg 768w, https:\/\/fsk-kino.peripherfilm.de\/wp-content\/uploads\/2017\/01\/kommunion6-1024x576.jpeg 1024w, https:\/\/fsk-kino.peripherfilm.de\/wp-content\/uploads\/2017\/01\/kommunion6-624x351.jpeg 624w, https:\/\/fsk-kino.peripherfilm.de\/wp-content\/uploads\/2017\/01\/kommunion6.jpeg 1280w\" sizes=\"auto, (max-width: 400px) 100vw, 400px\"><\/a>\n\t\t\t<\/div><\/figure><figure class=\"gallery-item\">\n\t\t\t<div class=\"gallery-icon landscape\">\n\t\t\t\t<a href=\"https:\/\/fsk-kino.peripherfilm.de\/wp-content\/uploads\/2017\/01\/kommunion5.jpeg\"><img loading=\"lazy\" decoding=\"async\" width=\"400\" height=\"225\" src=\"https:\/\/fsk-kino.peripherfilm.de\/wp-content\/uploads\/2017\/01\/kommunion5-400x225.jpeg\" class=\"attachment-medium size-medium\" alt srcset=\"https:\/\/fsk-kino.peripherfilm.de\/wp-content\/uploads\/2017\/01\/kommunion5-400x225.jpeg 400w, https:\/\/fsk-kino.peripherfilm.de\/wp-content\/uploads\/2017\/01\/kommunion5-300x169.jpeg 300w, https:\/\/fsk-kino.peripherfilm.de\/wp-content\/uploads\/2017\/01\/kommunion5-600x338.jpeg 600w, https:\/\/fsk-kino.peripherfilm.de\/wp-content\/uploads\/2017\/01\/kommunion5-768x432.jpeg 768w, https:\/\/fsk-kino.peripherfilm.de\/wp-content\/uploads\/2017\/01\/kommunion5-1024x576.jpeg 1024w, https:\/\/fsk-kino.peripherfilm.de\/wp-content\/uploads\/2017\/01\/kommunion5-624x351.jpeg 624w, https:\/\/fsk-kino.peripherfilm.de\/wp-content\/uploads\/2017\/01\/kommunion5.jpeg 1280w\" sizes=\"auto, (max-width: 400px) 100vw, 400px\"><\/a>\n\t\t\t<\/div><\/figure><figure class=\"gallery-item\">\n\t\t\t<div class=\"gallery-icon landscape\">\n\t\t\t\t<a href=\"https:\/\/fsk-kino.peripherfilm.de\/wp-content\/uploads\/2017\/01\/kommunion4.jpeg\"><img loading=\"lazy\" decoding=\"async\" width=\"400\" height=\"225\" src=\"https:\/\/fsk-kino.peripherfilm.de\/wp-content\/uploads\/2017\/01\/kommunion4-400x225.jpeg\" class=\"attachment-medium size-medium\" alt srcset=\"https:\/\/fsk-kino.peripherfilm.de\/wp-content\/uploads\/2017\/01\/kommunion4-400x225.jpeg 400w, https:\/\/fsk-kino.peripherfilm.de\/wp-content\/uploads\/2017\/01\/kommunion4-300x169.jpeg 300w, https:\/\/fsk-kino.peripherfilm.de\/wp-content\/uploads\/2017\/01\/kommunion4-600x338.jpeg 600w, https:\/\/fsk-kino.peripherfilm.de\/wp-content\/uploads\/2017\/01\/kommunion4-768x432.jpeg 768w, https:\/\/fsk-kino.peripherfilm.de\/wp-content\/uploads\/2017\/01\/kommunion4-1024x576.jpeg 1024w, https:\/\/fsk-kino.peripherfilm.de\/wp-content\/uploads\/2017\/01\/kommunion4-624x351.jpeg 624w, https:\/\/fsk-kino.peripherfilm.de\/wp-content\/uploads\/2017\/01\/kommunion4.jpeg 1280w\" sizes=\"auto, (max-width: 400px) 100vw, 400px\"><\/a>\n\t\t\t<\/div><\/figure><figure class=\"gallery-item\">\n\t\t\t<div class=\"gallery-icon landscape\">\n\t\t\t\t<a href=\"https:\/\/fsk-kino.peripherfilm.de\/wp-content\/uploads\/2017\/01\/kommunion1.jpeg\"><img loading=\"lazy\" decoding=\"async\" width=\"400\" height=\"224\" src=\"https:\/\/fsk-kino.peripherfilm.de\/wp-content\/uploads\/2017\/01\/kommunion1-400x224.jpeg\" class=\"attachment-medium size-medium\" alt srcset=\"https:\/\/fsk-kino.peripherfilm.de\/wp-content\/uploads\/2017\/01\/kommunion1-400x224.jpeg 400w, https:\/\/fsk-kino.peripherfilm.de\/wp-content\/uploads\/2017\/01\/kommunion1-300x168.jpeg 300w, https:\/\/fsk-kino.peripherfilm.de\/wp-content\/uploads\/2017\/01\/kommunion1-600x337.jpeg 600w, https:\/\/fsk-kino.peripherfilm.de\/wp-content\/uploads\/2017\/01\/kommunion1-768x431.jpeg 768w, https:\/\/fsk-kino.peripherfilm.de\/wp-content\/uploads\/2017\/01\/kommunion1-1024x574.jpeg 1024w, https:\/\/fsk-kino.peripherfilm.de\/wp-content\/uploads\/2017\/01\/kommunion1-624x350.jpeg 624w, https:\/\/fsk-kino.peripherfilm.de\/wp-content\/uploads\/2017\/01\/kommunion1.jpeg 1280w\" sizes=\"auto, (max-width: 400px) 100vw, 400px\"><\/a>\n\t\t\t<\/div><\/figure><figure class=\"gallery-item\">\n\t\t\t<div class=\"gallery-icon landscape\">\n\t\t\t\t<a href=\"https:\/\/fsk-kino.peripherfilm.de\/wp-content\/uploads\/2017\/01\/kommunion3.jpeg\"><img loading=\"lazy\" decoding=\"async\" width=\"400\" height=\"224\" src=\"https:\/\/fsk-kino.peripherfilm.de\/wp-content\/uploads\/2017\/01\/kommunion3-400x224.jpeg\" class=\"attachment-medium size-medium\" alt srcset=\"https:\/\/fsk-kino.peripherfilm.de\/wp-content\/uploads\/2017\/01\/kommunion3-400x224.jpeg 400w, https:\/\/fsk-kino.peripherfilm.de\/wp-content\/uploads\/2017\/01\/kommunion3-300x168.jpeg 300w, https:\/\/fsk-kino.peripherfilm.de\/wp-content\/uploads\/2017\/01\/kommunion3-600x337.jpeg 600w, https:\/\/fsk-kino.peripherfilm.de\/wp-content\/uploads\/2017\/01\/kommunion3-768x431.jpeg 768w, https:\/\/fsk-kino.peripherfilm.de\/wp-content\/uploads\/2017\/01\/kommunion3-1024x574.jpeg 1024w, https:\/\/fsk-kino.peripherfilm.de\/wp-content\/uploads\/2017\/01\/kommunion3-624x350.jpeg 624w, https:\/\/fsk-kino.peripherfilm.de\/wp-content\/uploads\/2017\/01\/kommunion3.jpeg 1280w\" sizes=\"auto, (max-width: 400px) 100vw, 400px\"><\/a>\n\t\t\t<\/div><\/figure>\n\t\t<\/div>\n\n<p><em><span class=\"caps\">OT<\/span>: Komunia<\/em><br>\n<em>Polen 2016, 72 Min., pol\u00adni\u00adsche&nbsp;OmU<\/em><br>\n<em>Regie <span class=\"amp\">&amp;<\/span> Buch: Anna Zamecka<\/em><br>\n<em>Produktion: Anna Wydra, Anna Zamecka, Zuzanna Kr\u00f3l, Hanka Kastelicova, Izabela \u0141opuch<\/em><br>\n<em>Kamera: Ma\u0142gorzata Szy\u0142ak<\/em><br>\n<em>Schnitt: Agnieszka Gli\u0144ska, Anna Zamecka, Wojciech Janas<\/em><\/p>\n<p>Ver\u00adleih unter\u00adst\u00fctzt von:<br>\n<a href=\"http:\/\/berlin.polnischekultur.de\/\"><img loading=\"lazy\" decoding=\"async\" class=\"size-full wp-image-5455 alignnone\" src=\"https:\/\/fsk-kino.peripherfilm.de\/wp-content\/uploads\/2015\/09\/polninstitut.png\" alt width=\"335\" height=\"100\" srcset=\"https:\/\/fsk-kino.peripherfilm.de\/wp-content\/uploads\/2015\/09\/polninstitut.png 335w, https:\/\/fsk-kino.peripherfilm.de\/wp-content\/uploads\/2015\/09\/polninstitut-300x90.png 300w\" sizes=\"auto, (max-width: 335px) 100vw, 335px\"><\/a><\/p>\n<p><iframe loading=\"lazy\" src=\"https:\/\/player.vimeo.com\/video\/204682874?dnt=1\" width=\"800\" height=\"450\" frameborder=\"0\" allowfullscreen=\"allowfullscreen\"><\/iframe><\/p>\n<p><a href=\"https:\/\/vimeo.com\/204682874?dnt=1\">Trailer zum Film Kommunion<\/a> from <a href=\"https:\/\/vimeo.com\/peripherfilm\">Peripher Filmverleih<\/a> on <a href=\"https:\/\/vimeo.com\">Vimeo<\/a>.<\/p>","protected":false},"excerpt":{"rendered":"<p>Ein Film von Anna Zamecka. Ab 4.Mai im&nbsp;Kino. [Pres\u00adse\u00adzo\u00adne] Die 14-j\u00e4h\u00adri\u00ad\u00adge Ola k\u00fcm\u00admert sich um ihren j\u00fcn\u00adge\u00adren autis\u00adti\u00adschen Bruder Nikodem, der bald zum ers\u00adten Mal die hei\u00adli\u00adge Kommunion emp\u00adfan\u00adgen soll. Bedingung f\u00fcr Letzteres ist aller\u00addings, dass er die m\u00fcnd\u00adli\u00adche Pr\u00fcfung besteht, des\u00adhalb lernt Ola mit ihm all das, was ein Katholik \u00fcber sei\u00adnen Glauben wissen&nbsp;[\u2026]<\/p>\n","protected":false},"author":2,"featured_media":5198,"parent":3028,"menu_order":0,"comment_status":"closed","ping_status":"closed","template":"","meta":{"_crdt_document":"","wp_typography_post_enhancements_disabled":false,"slim_seo":{"title":"Kommunion - fsk Kino","description":"[:de]Ein Film von Anna Zamecka. \u00a0[ im Kino ] [ Pres\u00adse\u00adzo\u00adne ] Die 14-j\u00e4hrige Ola k\u00fcmmert sich um ihren j\u00fcngeren autistischen Bruder Nikodem, der bald zum erste"},"footnotes":""},"class_list":["post-5190","page","type-page","status-publish","has-post-thumbnail","hentry"],"_links":{"self":[{"href":"https:\/\/fsk-kino.peripherfilm.de\/en\/wp-json\/wp\/v2\/pages\/5190","targetHints":{"allow":["GET"]}}],"collection":[{"href":"https:\/\/fsk-kino.peripherfilm.de\/en\/wp-json\/wp\/v2\/pages"}],"about":[{"href":"https:\/\/fsk-kino.peripherfilm.de\/en\/wp-json\/wp\/v2\/types\/page"}],"author":[{"embeddable":true,"href":"https:\/\/fsk-kino.peripherfilm.de\/en\/wp-json\/wp\/v2\/users\/2"}],"replies":[{"embeddable":true,"href":"https:\/\/fsk-kino.peripherfilm.de\/en\/wp-json\/wp\/v2\/comments?post=5190"}],"version-history":[{"count":0,"href":"https:\/\/fsk-kino.peripherfilm.de\/en\/wp-json\/wp\/v2\/pages\/5190\/revisions"}],"up":[{"embeddable":true,"href":"https:\/\/fsk-kino.peripherfilm.de\/en\/wp-json\/wp\/v2\/pages\/3028"}],"wp:featuredmedia":[{"embeddable":true,"href":"https:\/\/fsk-kino.peripherfilm.de\/en\/wp-json\/wp\/v2\/media\/5198"}],"wp:attachment":[{"href":"https:\/\/fsk-kino.peripherfilm.de\/en\/wp-json\/wp\/v2\/media?parent=5190"}],"curies":[{"name":"wp","href":"https:\/\/api.w.org\/{rel}","templated":true}]}}