{"id":4686,"date":"2016-10-31T16:02:08","date_gmt":"2016-10-31T15:02:08","guid":{"rendered":"https:\/\/fsk-kino.peripherfilm.de\/?page_id=4686"},"modified":"2021-10-26T20:00:26","modified_gmt":"2021-10-26T18:00:26","slug":"certain-women","status":"publish","type":"page","link":"https:\/\/fsk-kino.peripherfilm.de\/en\/peripher-filmverleih\/certain-women\/","title":{"rendered":"Certain Women"},"content":{"rendered":"<p>Ein Film von Kelly Reichardt. Ab 2.3.2017 im&nbsp;Kino.<\/p>\n<p style=\"text-align: right;\">[<a href=\"https:\/\/fsk-kino.peripherfilm.de\/kinopresseservice\/pressematerial-certain-women\/\">Pressezone<\/a>] [<a href=\"https:\/\/fsk-kino.peripherfilm.de\/peripher-filmverleih\/im-kino#certainwomen\">Kinos<\/a>]<\/p>\n<p>In ihrem sch\u00f6\u00adnen neu\u00aden Film ver\u00adkn\u00fcpft Kelly Reichardt (<em>Old Joy<\/em>, <em>Wendy <span class=\"amp\">&amp;<\/span> Lucy<\/em>, <em>Meek\u2019s Cutoff<\/em>, <em>Night Moves<\/em>) lose drei Geschichten mit vier Frauen in Livingston, Montana, oder vier Autostunden davon entfernt:<br>\nLaura ist Anw\u00e4ltin, die einen ver\u00adzwei\u00adfel\u00adten Klienten davon \u00fcber\u00adzeu\u00adgen will, dass eine Arbeitsrechtsklage erfolg\u00adlos sein wird. Gina und ihr Mann Ryan begin\u00adnen mit\u00adten im Wald mit dem Bau eines eige\u00adnen Hauses und m\u00f6ch\u00adten daf\u00fcr dem alten Nachbarn die Natursteine abluch\u00adsen, und haben eine schwer puber\u00adtie\u00adren\u00adde Tochter im Gep\u00e4ck. Die jun\u00adge Pferdepflegerin Jamie ver\u00adliebt sich in Beth, die ihr Jurastudium gera\u00adde abge\u00adschlos\u00adsen hat und als ers\u00adten Job Abendschulunterricht auf dem Land&nbsp;gibt.<br>\nDer Film, basie\u00adrend auf Kurzgeschichten der Schriftstellerin Maile Meloy, ver\u00adwei\u00adgert sich der Zuschreibung von \u00fcbli\u00adchen Frauen-Filmfigur-Klischees (von der\u201estarken Frau\u201c bis zum \u201eOpfer\u201c). Er gewinnt dadurch rea\u00adlis\u00adti\u00adsche, nach\u00advoll\u00adzieh\u00adba\u00adre Charaktere, die sich mit all\u00adt\u00e4g\u00adli\u00adchen Problemen her\u00adum\u00adschla\u00adgen \u2013 Anerkennung als Kompetenz, Verst\u00e4ndnis ohne G\u00f6nnerhaftigkeit, Einsamkeit und (herz\u00adze\u00adrei\u00ad\u00dfen\u00adde) Sehnsucht. Mit aller Ruhe und beson\u00adde\u00adrer Aufmerksamkeit f\u00fcrs Subtile und f\u00fcr Zwischent\u00f6ne erm\u00f6g\u00adlicht <em>Certain Women<\/em> ein wun\u00adder\u00adbar ange\u00adneh\u00admes, gelas\u00adse\u00adnes Schauen, das es nat\u00fcr\u00adlich in sich hat: gera\u00adde das schein\u00adbar Nebens\u00e4chliche, die all\u00adt\u00e4g\u00adli\u00adchen Kleinigkeiten pr\u00e4\u00adgen hier Beziehungen und Verh\u00e4ltnisse, nicht gro\u00ad\u00dfe Ereignisse.<\/p>\n<p><span class=\"dquo\">\u00bb<\/span>Die wun\u00adder\u00adba\u00adre Laura Dern, die sub\u00adti\u00adle Michelle Williams, die stil\u00adle Kristen Stewart und die viel\u00adleicht ber\u00fch\u00adrends\u00adte unter ihnen, die eigen\u00adsin\u00adni\u00adge Lily Gladstone, machen <em>Certain Women<\/em> zu einem herausragendenKinoereignis. \u2026 Erneut erweist sich Reichardt als Meisterin, Inhalte \u00fcber Bilder zu trans\u00adpor\u00adtie\u00adren, die ohne red\u00adun\u00addan\u00adte Dialoge, ohne umst\u00e4nd\u00adli\u00adche Erkl\u00e4rungen aus\u00adkom\u00admen, und aus einer puren visu\u00adel\u00adlen Kraft gesch\u00f6pft sind.\u00ab Viennale<\/p>\n<div id=\"gallery-1\" class=\"gallery galleryid-4686 gallery-columns-3 gallery-size-thumbnail\"><figure class=\"gallery-item\">\n\t\t\t<div class=\"gallery-icon landscape\">\n\t\t\t\t<a href=\"https:\/\/fsk-kino.peripherfilm.de\/wp-content\/uploads\/2016\/10\/cw11.jpg\"><img loading=\"lazy\" decoding=\"async\" width=\"150\" height=\"150\" src=\"https:\/\/fsk-kino.peripherfilm.de\/wp-content\/uploads\/2016\/10\/cw11-150x150.jpg\" class=\"attachment-thumbnail size-thumbnail\" alt srcset=\"https:\/\/fsk-kino.peripherfilm.de\/wp-content\/uploads\/2016\/10\/cw11-150x150.jpg 150w, https:\/\/fsk-kino.peripherfilm.de\/wp-content\/uploads\/2016\/10\/cw11-100x100.jpg 100w\" sizes=\"auto, (max-width: 150px) 100vw, 150px\"><\/a>\n\t\t\t<\/div><\/figure><figure class=\"gallery-item\">\n\t\t\t<div class=\"gallery-icon landscape\">\n\t\t\t\t<a href=\"https:\/\/fsk-kino.peripherfilm.de\/wp-content\/uploads\/2016\/10\/cw10.jpg\"><img loading=\"lazy\" decoding=\"async\" width=\"150\" height=\"150\" src=\"https:\/\/fsk-kino.peripherfilm.de\/wp-content\/uploads\/2016\/10\/cw10-150x150.jpg\" class=\"attachment-thumbnail size-thumbnail\" alt srcset=\"https:\/\/fsk-kino.peripherfilm.de\/wp-content\/uploads\/2016\/10\/cw10-150x150.jpg 150w, https:\/\/fsk-kino.peripherfilm.de\/wp-content\/uploads\/2016\/10\/cw10-100x100.jpg 100w\" sizes=\"auto, (max-width: 150px) 100vw, 150px\"><\/a>\n\t\t\t<\/div><\/figure><figure class=\"gallery-item\">\n\t\t\t<div class=\"gallery-icon landscape\">\n\t\t\t\t<a href=\"https:\/\/fsk-kino.peripherfilm.de\/wp-content\/uploads\/2016\/10\/cw8.jpg\"><img loading=\"lazy\" decoding=\"async\" width=\"150\" height=\"150\" src=\"https:\/\/fsk-kino.peripherfilm.de\/wp-content\/uploads\/2016\/10\/cw8-150x150.jpg\" class=\"attachment-thumbnail size-thumbnail\" alt srcset=\"https:\/\/fsk-kino.peripherfilm.de\/wp-content\/uploads\/2016\/10\/cw8-150x150.jpg 150w, https:\/\/fsk-kino.peripherfilm.de\/wp-content\/uploads\/2016\/10\/cw8-100x100.jpg 100w\" sizes=\"auto, (max-width: 150px) 100vw, 150px\"><\/a>\n\t\t\t<\/div><\/figure><figure class=\"gallery-item\">\n\t\t\t<div class=\"gallery-icon landscape\">\n\t\t\t\t<a href=\"https:\/\/fsk-kino.peripherfilm.de\/wp-content\/uploads\/2016\/10\/cw7.jpg\"><img loading=\"lazy\" decoding=\"async\" width=\"150\" height=\"150\" src=\"https:\/\/fsk-kino.peripherfilm.de\/wp-content\/uploads\/2016\/10\/cw7-150x150.jpg\" class=\"attachment-thumbnail size-thumbnail\" alt srcset=\"https:\/\/fsk-kino.peripherfilm.de\/wp-content\/uploads\/2016\/10\/cw7-150x150.jpg 150w, https:\/\/fsk-kino.peripherfilm.de\/wp-content\/uploads\/2016\/10\/cw7-100x100.jpg 100w\" sizes=\"auto, (max-width: 150px) 100vw, 150px\"><\/a>\n\t\t\t<\/div><\/figure><figure class=\"gallery-item\">\n\t\t\t<div class=\"gallery-icon landscape\">\n\t\t\t\t<a href=\"https:\/\/fsk-kino.peripherfilm.de\/wp-content\/uploads\/2016\/10\/cw6.jpg\"><img loading=\"lazy\" decoding=\"async\" width=\"150\" height=\"150\" src=\"https:\/\/fsk-kino.peripherfilm.de\/wp-content\/uploads\/2016\/10\/cw6-150x150.jpg\" class=\"attachment-thumbnail size-thumbnail\" alt srcset=\"https:\/\/fsk-kino.peripherfilm.de\/wp-content\/uploads\/2016\/10\/cw6-150x150.jpg 150w, https:\/\/fsk-kino.peripherfilm.de\/wp-content\/uploads\/2016\/10\/cw6-100x100.jpg 100w\" sizes=\"auto, (max-width: 150px) 100vw, 150px\"><\/a>\n\t\t\t<\/div><\/figure><figure class=\"gallery-item\">\n\t\t\t<div class=\"gallery-icon landscape\">\n\t\t\t\t<a href=\"https:\/\/fsk-kino.peripherfilm.de\/wp-content\/uploads\/2016\/10\/cw5.jpg\"><img loading=\"lazy\" decoding=\"async\" width=\"150\" height=\"150\" src=\"https:\/\/fsk-kino.peripherfilm.de\/wp-content\/uploads\/2016\/10\/cw5-150x150.jpg\" class=\"attachment-thumbnail size-thumbnail\" alt srcset=\"https:\/\/fsk-kino.peripherfilm.de\/wp-content\/uploads\/2016\/10\/cw5-150x150.jpg 150w, https:\/\/fsk-kino.peripherfilm.de\/wp-content\/uploads\/2016\/10\/cw5-100x100.jpg 100w\" sizes=\"auto, (max-width: 150px) 100vw, 150px\"><\/a>\n\t\t\t<\/div><\/figure><figure class=\"gallery-item\">\n\t\t\t<div class=\"gallery-icon landscape\">\n\t\t\t\t<a href=\"https:\/\/fsk-kino.peripherfilm.de\/wp-content\/uploads\/2016\/10\/cw4.jpg\"><img loading=\"lazy\" decoding=\"async\" width=\"150\" height=\"150\" src=\"https:\/\/fsk-kino.peripherfilm.de\/wp-content\/uploads\/2016\/10\/cw4-150x150.jpg\" class=\"attachment-thumbnail size-thumbnail\" alt srcset=\"https:\/\/fsk-kino.peripherfilm.de\/wp-content\/uploads\/2016\/10\/cw4-150x150.jpg 150w, https:\/\/fsk-kino.peripherfilm.de\/wp-content\/uploads\/2016\/10\/cw4-100x100.jpg 100w\" sizes=\"auto, (max-width: 150px) 100vw, 150px\"><\/a>\n\t\t\t<\/div><\/figure><figure class=\"gallery-item\">\n\t\t\t<div class=\"gallery-icon landscape\">\n\t\t\t\t<a href=\"https:\/\/fsk-kino.peripherfilm.de\/wp-content\/uploads\/2016\/10\/cw3.jpg\"><img loading=\"lazy\" decoding=\"async\" width=\"150\" height=\"150\" src=\"https:\/\/fsk-kino.peripherfilm.de\/wp-content\/uploads\/2016\/10\/cw3-150x150.jpg\" class=\"attachment-thumbnail size-thumbnail\" alt srcset=\"https:\/\/fsk-kino.peripherfilm.de\/wp-content\/uploads\/2016\/10\/cw3-150x150.jpg 150w, https:\/\/fsk-kino.peripherfilm.de\/wp-content\/uploads\/2016\/10\/cw3-100x100.jpg 100w\" sizes=\"auto, (max-width: 150px) 100vw, 150px\"><\/a>\n\t\t\t<\/div><\/figure><figure class=\"gallery-item\">\n\t\t\t<div class=\"gallery-icon landscape\">\n\t\t\t\t<a href=\"https:\/\/fsk-kino.peripherfilm.de\/wp-content\/uploads\/2016\/10\/cw2.jpg\"><img loading=\"lazy\" decoding=\"async\" width=\"150\" height=\"150\" src=\"https:\/\/fsk-kino.peripherfilm.de\/wp-content\/uploads\/2016\/10\/cw2-150x150.jpg\" class=\"attachment-thumbnail size-thumbnail\" alt srcset=\"https:\/\/fsk-kino.peripherfilm.de\/wp-content\/uploads\/2016\/10\/cw2-150x150.jpg 150w, https:\/\/fsk-kino.peripherfilm.de\/wp-content\/uploads\/2016\/10\/cw2-100x100.jpg 100w\" sizes=\"auto, (max-width: 150px) 100vw, 150px\"><\/a>\n\t\t\t<\/div><\/figure><figure class=\"gallery-item\">\n\t\t\t<div class=\"gallery-icon landscape\">\n\t\t\t\t<a href=\"https:\/\/fsk-kino.peripherfilm.de\/wp-content\/uploads\/2016\/10\/cw1.jpg\"><img loading=\"lazy\" decoding=\"async\" width=\"150\" height=\"150\" src=\"https:\/\/fsk-kino.peripherfilm.de\/wp-content\/uploads\/2016\/10\/cw1-150x150.jpg\" class=\"attachment-thumbnail size-thumbnail\" alt srcset=\"https:\/\/fsk-kino.peripherfilm.de\/wp-content\/uploads\/2016\/10\/cw1-150x150.jpg 150w, https:\/\/fsk-kino.peripherfilm.de\/wp-content\/uploads\/2016\/10\/cw1-100x100.jpg 100w\" sizes=\"auto, (max-width: 150px) 100vw, 150px\"><\/a>\n\t\t\t<\/div><\/figure>\n\t\t<\/div>\n\n<p><em><span class=\"caps\">USA<\/span> 2016, 105 Min., engl.&nbsp;OmU<\/em><br>\n<em>Regie, Buch, Schnitt: Kelly Reichardt<\/em><br>\n<em>Kamera: Christopher Blauvelt<\/em><br>\n<em>mit Laura Dern, Michelle Williams, Kristen Stewart, Lily Gladstone, James LeGros u.a.<\/em><\/p>\n<p>frei\u00adge\u00adge\u00adben ohne Altersbeschr\u00e4nkung (<span class=\"caps\">FSK<\/span> Pr\u00fcfkarte: <a href=\"http:\/\/www.spio.de\/asp\/fskkarte.asp?pvid=570383\">pdf<\/a>)<\/p>\n<p><iframe loading=\"lazy\" src=\"https:\/\/player.vimeo.com\/video\/199737017?dnt=1\" width=\"800\" height=\"432\" frameborder=\"0\" allowfullscreen=\"allowfullscreen\"><\/iframe><\/p>\n<p><a href=\"https:\/\/vimeo.com\/199737017?dnt=1\">Trailer \u201eCertain Women\u201d OmU<\/a> from <a href=\"https:\/\/vimeo.com\/peripherfilm\">Peripher Filmverleih<\/a> on <a href=\"https:\/\/vimeo.com\">Vimeo<\/a>.<\/p>\n","protected":false},"excerpt":{"rendered":"<p>Ein Film von Kelly Reichardt. Ab 2.3.2017 im&nbsp;Kino. [Pressezone] [Kinos] In ihrem sch\u00f6\u00adnen neu\u00aden Film ver\u00adkn\u00fcpft Kelly Reichardt (Old Joy, Wendy <span class=\"amp\">&amp;<\/span> Lucy, Meek\u2019s Cutoff, Night Moves) lose drei Geschichten mit vier Frauen in Livingston, Montana, oder vier Autostunden davon ent\u00adfernt: Laura ist Anw\u00e4ltin, die einen ver\u00adzwei\u00adfel\u00adten Klienten davon \u00fcber\u00adzeu\u00adgen will, dass eine Arbeitsrechtsklage erfolglos&nbsp;[\u2026]<\/p>\n","protected":false},"author":2,"featured_media":4690,"parent":3028,"menu_order":0,"comment_status":"closed","ping_status":"closed","template":"","meta":{"_crdt_document":"","wp_typography_post_enhancements_disabled":false,"slim_seo":{"title":"Certain Women - fsk Kino","description":"Ein Film von Kelly Reichardt. Ab 2.3.2017 im Kino. [ Pressezone ] [ Kinos ] In ihrem sch\u00f6nen neuen Film verkn\u00fcpft Kelly Reichardt ( Old Joy , Wendy &amp; Lucy ,"},"footnotes":""},"class_list":["post-4686","page","type-page","status-publish","has-post-thumbnail","hentry"],"_links":{"self":[{"href":"https:\/\/fsk-kino.peripherfilm.de\/en\/wp-json\/wp\/v2\/pages\/4686","targetHints":{"allow":["GET"]}}],"collection":[{"href":"https:\/\/fsk-kino.peripherfilm.de\/en\/wp-json\/wp\/v2\/pages"}],"about":[{"href":"https:\/\/fsk-kino.peripherfilm.de\/en\/wp-json\/wp\/v2\/types\/page"}],"author":[{"embeddable":true,"href":"https:\/\/fsk-kino.peripherfilm.de\/en\/wp-json\/wp\/v2\/users\/2"}],"replies":[{"embeddable":true,"href":"https:\/\/fsk-kino.peripherfilm.de\/en\/wp-json\/wp\/v2\/comments?post=4686"}],"version-history":[{"count":0,"href":"https:\/\/fsk-kino.peripherfilm.de\/en\/wp-json\/wp\/v2\/pages\/4686\/revisions"}],"up":[{"embeddable":true,"href":"https:\/\/fsk-kino.peripherfilm.de\/en\/wp-json\/wp\/v2\/pages\/3028"}],"wp:featuredmedia":[{"embeddable":true,"href":"https:\/\/fsk-kino.peripherfilm.de\/en\/wp-json\/wp\/v2\/media\/4690"}],"wp:attachment":[{"href":"https:\/\/fsk-kino.peripherfilm.de\/en\/wp-json\/wp\/v2\/media?parent=4686"}],"curies":[{"name":"wp","href":"https:\/\/api.w.org\/{rel}","templated":true}]}}