{"id":4395,"date":"2016-09-28T17:31:26","date_gmt":"2016-09-28T15:31:26","guid":{"rendered":"https:\/\/fsk-kino.peripherfilm.de\/?page_id=4395"},"modified":"2021-10-26T20:00:26","modified_gmt":"2021-10-26T18:00:26","slug":"sparrows-2","status":"publish","type":"page","link":"https:\/\/fsk-kino.peripherfilm.de\/en\/peripher-filmverleih\/sparrows-2\/","title":{"rendered":"Sparrows"},"content":{"rendered":"<p style=\"text-align: left;\">Ein Film von <em>R\u00fanar R\u00fanarsson<\/em>. Ab 24. November 2016 im&nbsp;Kino.<\/p>\n<p style=\"text-align: right;\">&nbsp;[<a href=\"https:\/\/fsk-kino.peripherfilm.de\/peripher-filmverleih\/im-kino#sparrows\">Kinos<\/a>] [<a href=\"https:\/\/fsk-kino.peripherfilm.de\/kinopresseservice\/pressematerial-sparrows\/\">Pressezone<\/a>]<\/p>\n<p>Die Geschichte eines 16-j\u00e4h\u00adri\u00adgen Jungen, der gezwun\u00adgen ist, von sei\u00adner Mutter aus Reykjavik in sei\u00adne alte Heimat, den abge\u00adschie\u00adde\u00adnen Nordwesten Islands, zu sei\u00adnem leib\u00adli\u00adchen Vater zu zie\u00adhen. Dort spie\u00adgelt die raue Landschaft die schwie\u00adri\u00adgen Beziehungen sowohl zu sei\u00adnem Vater als auch zu sei\u00adnen Freunden wider, mit denen er sich aus\u00adein\u00adan\u00adder\u00adset\u00adzen muss. Er wird nach und nach von der Rolle eines Beobachters in die einer han\u00addeln\u00adden Person gedr\u00e4ngt, was nicht ohne Verletzungen von\u00adstat\u00adten geht. Der Weg zum Erwachsenenleben scheint nicht zu haben zu sein, ohne sich schul\u00addig zu machen.<\/p>\n<p>Der Film, \u00fcbri\u00adgens in man\u00adcher Hinsicht mit dem Fr\u00fchwerk von Bruno Dumont ver\u00adgleich\u00adbar, stellt die Frage, ob aus der Vorh\u00f6lle der Jugend noch ein Mindestma\u00df an Empfindsamkeit ins Erwachsenenleben zu ret\u00adten ist, wenn auch nur mit Hilfe einer L\u00fcge, und beant\u00adwor\u00adtet sie mit Ja. \u2013 Das ist&nbsp;sch\u00f6n!<\/p>\n<p><strong>San Sebastian Filmfestival: Concha de oro f\u00fcr <em>Bester Film<\/em>,<br>\nSao Paulo Film Festival: <em>Bester Film<\/em><\/strong><\/p>\n<p>Kritik in der <a href=\"http:\/\/www.epd-film.de\/filmkritiken\/sparrows\">epd Film<\/a>, <a href=\"http:\/\/www.taz.de\/!5356580\/\">taz<\/a><\/p>\n<div id=\"gallery-1\" class=\"gallery galleryid-4395 gallery-columns-3 gallery-size-thumbnail\"><figure class=\"gallery-item\">\n\t\t\t<div class=\"gallery-icon landscape\">\n\t\t\t\t<a href=\"https:\/\/fsk-kino.peripherfilm.de\/wp-content\/uploads\/2016\/09\/sparrows4kl.jpg\"><img loading=\"lazy\" decoding=\"async\" width=\"150\" height=\"150\" src=\"https:\/\/fsk-kino.peripherfilm.de\/wp-content\/uploads\/2016\/09\/sparrows4kl-150x150.jpg\" class=\"attachment-thumbnail size-thumbnail\" alt srcset=\"https:\/\/fsk-kino.peripherfilm.de\/wp-content\/uploads\/2016\/09\/sparrows4kl-150x150.jpg 150w, https:\/\/fsk-kino.peripherfilm.de\/wp-content\/uploads\/2016\/09\/sparrows4kl-100x100.jpg 100w\" sizes=\"auto, (max-width: 150px) 100vw, 150px\"><\/a>\n\t\t\t<\/div><\/figure><figure class=\"gallery-item\">\n\t\t\t<div class=\"gallery-icon landscape\">\n\t\t\t\t<a href=\"https:\/\/fsk-kino.peripherfilm.de\/wp-content\/uploads\/2016\/09\/sparrows3kl.jpg\"><img loading=\"lazy\" decoding=\"async\" width=\"150\" height=\"150\" src=\"https:\/\/fsk-kino.peripherfilm.de\/wp-content\/uploads\/2016\/09\/sparrows3kl-150x150.jpg\" class=\"attachment-thumbnail size-thumbnail\" alt srcset=\"https:\/\/fsk-kino.peripherfilm.de\/wp-content\/uploads\/2016\/09\/sparrows3kl-150x150.jpg 150w, https:\/\/fsk-kino.peripherfilm.de\/wp-content\/uploads\/2016\/09\/sparrows3kl-100x100.jpg 100w\" sizes=\"auto, (max-width: 150px) 100vw, 150px\"><\/a>\n\t\t\t<\/div><\/figure><figure class=\"gallery-item\">\n\t\t\t<div class=\"gallery-icon landscape\">\n\t\t\t\t<a href=\"https:\/\/fsk-kino.peripherfilm.de\/wp-content\/uploads\/2016\/09\/sparrows5kl.jpg\"><img loading=\"lazy\" decoding=\"async\" width=\"150\" height=\"150\" src=\"https:\/\/fsk-kino.peripherfilm.de\/wp-content\/uploads\/2016\/09\/sparrows5kl-150x150.jpg\" class=\"attachment-thumbnail size-thumbnail\" alt srcset=\"https:\/\/fsk-kino.peripherfilm.de\/wp-content\/uploads\/2016\/09\/sparrows5kl-150x150.jpg 150w, https:\/\/fsk-kino.peripherfilm.de\/wp-content\/uploads\/2016\/09\/sparrows5kl-100x100.jpg 100w\" sizes=\"auto, (max-width: 150px) 100vw, 150px\"><\/a>\n\t\t\t<\/div><\/figure><figure class=\"gallery-item\">\n\t\t\t<div class=\"gallery-icon landscape\">\n\t\t\t\t<a href=\"https:\/\/fsk-kino.peripherfilm.de\/wp-content\/uploads\/2016\/09\/sparrows6kl.jpg\"><img loading=\"lazy\" decoding=\"async\" width=\"150\" height=\"150\" src=\"https:\/\/fsk-kino.peripherfilm.de\/wp-content\/uploads\/2016\/09\/sparrows6kl-150x150.jpg\" class=\"attachment-thumbnail size-thumbnail\" alt srcset=\"https:\/\/fsk-kino.peripherfilm.de\/wp-content\/uploads\/2016\/09\/sparrows6kl-150x150.jpg 150w, https:\/\/fsk-kino.peripherfilm.de\/wp-content\/uploads\/2016\/09\/sparrows6kl-100x100.jpg 100w\" sizes=\"auto, (max-width: 150px) 100vw, 150px\"><\/a>\n\t\t\t<\/div><\/figure><figure class=\"gallery-item\">\n\t\t\t<div class=\"gallery-icon landscape\">\n\t\t\t\t<a href=\"https:\/\/fsk-kino.peripherfilm.de\/wp-content\/uploads\/2016\/09\/sparrows1kl.jpg\"><img loading=\"lazy\" decoding=\"async\" width=\"150\" height=\"150\" src=\"https:\/\/fsk-kino.peripherfilm.de\/wp-content\/uploads\/2016\/09\/sparrows1kl-150x150.jpg\" class=\"attachment-thumbnail size-thumbnail\" alt srcset=\"https:\/\/fsk-kino.peripherfilm.de\/wp-content\/uploads\/2016\/09\/sparrows1kl-150x150.jpg 150w, https:\/\/fsk-kino.peripherfilm.de\/wp-content\/uploads\/2016\/09\/sparrows1kl-100x100.jpg 100w\" sizes=\"auto, (max-width: 150px) 100vw, 150px\"><\/a>\n\t\t\t<\/div><\/figure><figure class=\"gallery-item\">\n\t\t\t<div class=\"gallery-icon portrait\">\n\t\t\t\t<a href=\"https:\/\/fsk-kino.peripherfilm.de\/wp-content\/uploads\/2016\/09\/Plakatkl.jpg\"><img loading=\"lazy\" decoding=\"async\" width=\"150\" height=\"150\" src=\"https:\/\/fsk-kino.peripherfilm.de\/wp-content\/uploads\/2016\/09\/Plakatkl-150x150.jpg\" class=\"attachment-thumbnail size-thumbnail\" alt srcset=\"https:\/\/fsk-kino.peripherfilm.de\/wp-content\/uploads\/2016\/09\/Plakatkl-150x150.jpg 150w, https:\/\/fsk-kino.peripherfilm.de\/wp-content\/uploads\/2016\/09\/Plakatkl-100x100.jpg 100w\" sizes=\"auto, (max-width: 150px) 100vw, 150px\"><\/a>\n\t\t\t<\/div><\/figure>\n\t\t<\/div>\n\n<p><em>Originaltitel: \u00derestir<\/em><br>\n<em>Island, D\u00e4nemark, Kroatien 2015, 99&nbsp;Min.<\/em><br>\n<em>island. OmU<\/em><\/p>\n<p><em>Regie: R\u00fanar R\u00fanarsson<\/em><br>\n<em>Mit: Atli Oskar Fjalarsson, Ingvar E. Sigursson, Kristbj\u00f6rg Kjeld<\/em><br>\n<em>Kamera: Sophia Olsson<\/em><br>\n<em>Schnitt: Jacob Secher Schulsinger<\/em><\/p>\n<p><iframe loading=\"lazy\" src=\"https:\/\/player.vimeo.com\/video\/186309055\" width=\"640\" height=\"346\" frameborder=\"0\" allowfullscreen=\"allowfullscreen\"><\/iframe><\/p>\n<p><a href=\"https:\/\/vimeo.com\/186309055\">Trailer \u201eSparrows\u201d<\/a> from <a href=\"https:\/\/vimeo.com\/user47537856\">Peripher Filmverleih<\/a> on <a href=\"https:\/\/vimeo.com\">Vimeo<\/a>.<\/p>\n","protected":false},"excerpt":{"rendered":"<p>Ein Film von R\u00fanar R\u00fanarsson. Ab 24. November 2016 im&nbsp;Kino. &nbsp;[Kinos] [Pressezone] Die Geschichte eines 16-j\u00e4h\u00adri\u00ad\u00adgen Jungen, der gezwun\u00adgen ist, von sei\u00adner Mutter aus Reykjavik in sei\u00adne alte Heimat, den abge\u00adschie\u00adde\u00adnen Nordwesten Islands, zu sei\u00adnem leib\u00adli\u00adchen Vater zu zie\u00adhen. Dort spie\u00adgelt die raue Landschaft die schwie\u00adri\u00adgen Beziehungen sowohl zu sei\u00adnem Vater als auch zu seinen&nbsp;[\u2026]<\/p>\n","protected":false},"author":2,"featured_media":4400,"parent":3028,"menu_order":0,"comment_status":"closed","ping_status":"closed","template":"","meta":{"_crdt_document":"","wp_typography_post_enhancements_disabled":false,"slim_seo":{"title":"Sparrows - fsk Kino","description":"Ein Film von R\u00fanar R\u00fanarsson . Ab 24. November 2016 im Kino. \u00a0[ Kinos ] [ Pressezone ] Die Geschichte eines 16-j\u00e4hrigen Jungen, der gezwungen ist, von seiner Mu"},"footnotes":""},"class_list":["post-4395","page","type-page","status-publish","has-post-thumbnail","hentry"],"_links":{"self":[{"href":"https:\/\/fsk-kino.peripherfilm.de\/en\/wp-json\/wp\/v2\/pages\/4395","targetHints":{"allow":["GET"]}}],"collection":[{"href":"https:\/\/fsk-kino.peripherfilm.de\/en\/wp-json\/wp\/v2\/pages"}],"about":[{"href":"https:\/\/fsk-kino.peripherfilm.de\/en\/wp-json\/wp\/v2\/types\/page"}],"author":[{"embeddable":true,"href":"https:\/\/fsk-kino.peripherfilm.de\/en\/wp-json\/wp\/v2\/users\/2"}],"replies":[{"embeddable":true,"href":"https:\/\/fsk-kino.peripherfilm.de\/en\/wp-json\/wp\/v2\/comments?post=4395"}],"version-history":[{"count":0,"href":"https:\/\/fsk-kino.peripherfilm.de\/en\/wp-json\/wp\/v2\/pages\/4395\/revisions"}],"up":[{"embeddable":true,"href":"https:\/\/fsk-kino.peripherfilm.de\/en\/wp-json\/wp\/v2\/pages\/3028"}],"wp:featuredmedia":[{"embeddable":true,"href":"https:\/\/fsk-kino.peripherfilm.de\/en\/wp-json\/wp\/v2\/media\/4400"}],"wp:attachment":[{"href":"https:\/\/fsk-kino.peripherfilm.de\/en\/wp-json\/wp\/v2\/media?parent=4395"}],"curies":[{"name":"wp","href":"https:\/\/api.w.org\/{rel}","templated":true}]}}