{"id":4186,"date":"2016-09-14T10:55:08","date_gmt":"2016-09-14T08:55:08","guid":{"rendered":"https:\/\/fsk-kino.peripherfilm.de\/?page_id=4186"},"modified":"2026-04-27T09:21:31","modified_gmt":"2026-04-27T07:21:31","slug":"die-kommenden-vorstellungen","status":"publish","type":"page","link":"https:\/\/fsk-kino.peripherfilm.de\/en\/die-kommenden-vorstellungen\/","title":{"rendered":"The next&nbsp;shows"},"content":{"rendered":"<ul class=\"eo-events eo-events-shortcode\"> \n\n\t\t\n\t\t\t\n\t\t\t<li class=\"eo-event-cat-vorstellung eo-event-future\">\n\t\t\t\t<a href=\"https:\/\/fsk-kino.peripherfilm.de\/en\/events\/event\/cotton-queen-6\/\">Cotton Queen<\/a> on Tue, 28. 4.: 18:00\t\t\t<\/li>\n\n\t\t\n\t\t\t\n\t\t\t<li class=\"eo-event-cat-vorstellung eo-event-future\">\n\t\t\t\t<a href=\"https:\/\/fsk-kino.peripherfilm.de\/en\/events\/event\/wanda-wa-2026-7\/\">Wanda<\/a> on Tue, 28. 4.: 18:15\t\t\t<\/li>\n\n\t\t\n\t\t\t\n\t\t\t<li class=\"eo-event-cat-vorstellung eo-event-future\">\n\t\t\t\t<a href=\"https:\/\/fsk-kino.peripherfilm.de\/en\/events\/event\/luisa-9\/\">Luisa<\/a> on Tue, 28. 4.: 20:00\t\t\t<\/li>\n\n\t\t\n\t\t\t\n\t\t\t<li class=\"eo-event-cat-vorstellung eo-event-future\">\n\t\t\t\t<a href=\"https:\/\/fsk-kino.peripherfilm.de\/en\/events\/event\/wohin-der-wind-uns-traegt-13\/\">Wohin Der Wind Uns&nbsp;Tr\u00e4gt<\/a> on Tue, 28. 4.: 20:30\t\t\t<\/li>\n\n\t\t\n\t\t\t\n\t\t\t<li class=\"eo-event-cat-filmpolska eo-event-cat-spezialvorstellung eo-event-cat-vorstellung eo-event-future\">\n\t\t\t\t<a href=\"https:\/\/fsk-kino.peripherfilm.de\/en\/events\/event\/pociagi-trains\/\">Pociagi \/ Trains<\/a> on Wed, 29. 4.: 18:00\t\t\t<\/li>\n\n\t\t\n\t\t\t\n\t\t\t<li class=\"eo-event-cat-vorstellung eo-event-future\">\n\t\t\t\t<a href=\"https:\/\/fsk-kino.peripherfilm.de\/en\/events\/event\/cotton-queen-7\/\">Cotton Queen<\/a> on Wed, 29. 4.: 18:15\t\t\t<\/li>\n\n\t\t\n\t\t\t\n\t\t\t<li class=\"eo-event-cat-vorstellung eo-event-future\">\n\t\t\t\t<a href=\"https:\/\/fsk-kino.peripherfilm.de\/en\/events\/event\/luisa-10\/\">Luisa<\/a> on Wed, 29. 4.: 20:00\t\t\t<\/li>\n\n\t\t\n\t\t\t\n\t\t\t<li class=\"eo-event-cat-vorstellung eo-event-future\">\n\t\t\t\t<a href=\"https:\/\/fsk-kino.peripherfilm.de\/en\/events\/event\/wohin-der-wind-uns-traegt-14\/\">Wohin Der Wind Uns&nbsp;Tr\u00e4gt<\/a> on Wed, 29. 4.: 20:30\t\t\t<\/li>\n\n\t\t\n\t\t\t\n\t\t\t<li class=\"eo-event-cat-vorstellung eo-event-future\">\n\t\t\t\t<a href=\"https:\/\/fsk-kino.peripherfilm.de\/en\/events\/event\/luisa-11\/\">Luisa<\/a> on Thu, 30. 4.: 18:00\t\t\t<\/li>\n\n\t\t\n\t\t\t\n\t\t\t<li class=\"eo-event-cat-vorstellung eo-event-future\">\n\t\t\t\t<a href=\"https:\/\/fsk-kino.peripherfilm.de\/en\/events\/event\/rose\/\">Rose<\/a> on Thu, 30. 4.: 18:15\t\t\t<\/li>\n\n\t\t\n\t\t\t\n\t\t\t<li class=\"eo-event-cat-vorstellung eo-event-future\">\n\t\t\t\t<a href=\"https:\/\/fsk-kino.peripherfilm.de\/en\/events\/event\/gavagai-2\/\">Gavagai<\/a> on Thu, 30. 4.: 20:00\t\t\t<\/li>\n\n\t\t\n\t\t\t\n\t\t\t<li class=\"eo-event-cat-vorstellung eo-event-future\">\n\t\t\t\t<a href=\"https:\/\/fsk-kino.peripherfilm.de\/en\/events\/event\/rose-2\/\">Rose<\/a> on Thu, 30. 4.: 20:30\t\t\t<\/li>\n\n\t\t\n\t\t\t\n\t\t\t<li class=\"eo-event-cat-vorstellung eo-event-future\">\n\t\t\t\t<a href=\"https:\/\/fsk-kino.peripherfilm.de\/en\/events\/event\/gavagai-3\/\">Gavagai<\/a> on Sat, 2. 5.: 13:45\t\t\t<\/li>\n\n\t\t\n\t\t\t\n\t\t\t<li class=\"eo-event-cat-vorstellung eo-event-future\">\n\t\t\t\t<a href=\"https:\/\/fsk-kino.peripherfilm.de\/en\/events\/event\/father-mother-sister-brother-64\/\">Father Mother Sister Brother<\/a> on Sat, 2. 5.: 14:00\t\t\t<\/li>\n\n\t\t\n\t\t\t\n\t\t\t<li class=\"eo-event-cat-vorstellung eo-event-future\">\n\t\t\t\t<a href=\"https:\/\/fsk-kino.peripherfilm.de\/en\/events\/event\/wanda-8\/\">Wanda<\/a> on Sat, 2. 5.: 15:45\t\t\t<\/li>\n\n\t\t\n\t\t\t\n\t\t\t<li class=\"eo-event-cat-vorstellung eo-event-future\">\n\t\t\t\t<a href=\"https:\/\/fsk-kino.peripherfilm.de\/en\/events\/event\/cotton-queen-8\/\">Cotton Queen<\/a> on Sat, 2. 5.: 16:15\t\t\t<\/li>\n\n\t\t\n\t\t\t\n\t\t\t<li class=\"eo-event-cat-vorstellung eo-event-future\">\n\t\t\t\t<a href=\"https:\/\/fsk-kino.peripherfilm.de\/en\/events\/event\/luisa-12\/\">Luisa<\/a> on Sat, 2. 5.: 18:00\t\t\t<\/li>\n\n\t\t\n\t\t\t\n\t\t\t<li class=\"eo-event-cat-vorstellung eo-event-future\">\n\t\t\t\t<a href=\"https:\/\/fsk-kino.peripherfilm.de\/en\/events\/event\/rose-3\/\">Rose<\/a> on Sat, 2. 5.: 18:15\t\t\t<\/li>\n\n\t\t\n\t\t\t\n\t\t\t<li class=\"eo-event-cat-vorstellung eo-event-future\">\n\t\t\t\t<a href=\"https:\/\/fsk-kino.peripherfilm.de\/en\/events\/event\/gavagai-4\/\">Gavagai<\/a> on Sat, 2. 5.: 20:00\t\t\t<\/li>\n\n\t\t\n\t\t\t\n\t\t\t<li class=\"eo-event-cat-vorstellung eo-event-future\">\n\t\t\t\t<a href=\"https:\/\/fsk-kino.peripherfilm.de\/en\/events\/event\/rose-4\/\">Rose<\/a> on Sat, 2. 5.: 20:30\t\t\t<\/li>\n\n\t\t\n\t\t\t\n\t\t\t<li class=\"eo-event-cat-vorstellung eo-event-future\">\n\t\t\t\t<a href=\"https:\/\/fsk-kino.peripherfilm.de\/en\/events\/event\/gavagai-5\/\">Gavagai<\/a> on Sun, 3. 5.: 13:45\t\t\t<\/li>\n\n\t\t\n\t\t\t\n\t\t\t<li class=\"eo-event-cat-vorstellung eo-event-future\">\n\t\t\t\t<a href=\"https:\/\/fsk-kino.peripherfilm.de\/en\/events\/event\/father-mother-sister-brother-65\/\">Father Mother Sister Brother<\/a> on Sun, 3. 5.: 14:00\t\t\t<\/li>\n\n\t\t\n\t\t\t\n\t\t\t<li class=\"eo-event-cat-vorstellung eo-event-future\">\n\t\t\t\t<a href=\"https:\/\/fsk-kino.peripherfilm.de\/en\/events\/event\/luisa-13\/\">Luisa<\/a> on Sun, 3. 5.: 15:45\t\t\t<\/li>\n\n\t\t\n\t\t\t\n\t\t\t<li class=\"eo-event-cat-vorstellung eo-event-future\">\n\t\t\t\t<a href=\"https:\/\/fsk-kino.peripherfilm.de\/en\/events\/event\/cotton-queen-9\/\">Cotton Queen<\/a> on Sun, 3. 5.: 16:15\t\t\t<\/li>\n\n\t\t\n\t\t\t\n\t\t\t<li class=\"eo-event-cat-vorstellung eo-event-future\">\n\t\t\t\t<a href=\"https:\/\/fsk-kino.peripherfilm.de\/en\/events\/event\/gavagai-6\/\">Gavagai<\/a> on Sun, 3. 5.: 18:00\t\t\t<\/li>\n\n\t\t\n\t\t\t\n\t\t\t<li class=\"eo-event-cat-vorstellung eo-event-future\">\n\t\t\t\t<a href=\"https:\/\/fsk-kino.peripherfilm.de\/en\/events\/event\/rose-5\/\">Rose<\/a> on Sun, 3. 5.: 18:15\t\t\t<\/li>\n\n\t\t\n\t\t\t\n\t\t\t<li class=\"eo-event-cat-vorstellung eo-event-future\">\n\t\t\t\t<a href=\"https:\/\/fsk-kino.peripherfilm.de\/en\/events\/event\/rose-6\/\">Rose<\/a> on Sun, 3. 5.: 20:00\t\t\t<\/li>\n\n\t\t\n\t\t\t\n\t\t\t<li class=\"eo-event-cat-spezialvorstellung eo-event-cat-vorstellung eo-event-future\">\n\t\t\t\t<a href=\"https:\/\/fsk-kino.peripherfilm.de\/en\/events\/event\/scherbenland\/\">Scherbenland<\/a> on Sun, 3. 5.: 20:30\t\t\t<\/li>\n\n\t\t\n\t\t\t\n\t\t\t<li class=\"eo-event-cat-vorstellung eo-event-future\">\n\t\t\t\t<a href=\"https:\/\/fsk-kino.peripherfilm.de\/en\/events\/event\/luisa-14\/\">Luisa<\/a> on Mon, 4. 5.: 18:00\t\t\t<\/li>\n\n\t\t\n\t\t\t\n\t\t\t<li class=\"eo-event-cat-vorstellung eo-event-future\">\n\t\t\t\t<a href=\"https:\/\/fsk-kino.peripherfilm.de\/en\/events\/event\/rose-7\/\">Rose<\/a> on Mon, 4. 5.: 18:15\t\t\t<\/li>\n\n\t\t\n\t\t\t\n\t\t\t<li class=\"eo-event-cat-vorstellung eo-event-future\">\n\t\t\t\t<a href=\"https:\/\/fsk-kino.peripherfilm.de\/en\/events\/event\/gavagai-7\/\">Gavagai<\/a> on Mon, 4. 5.: 20:00\t\t\t<\/li>\n\n\t\t\n\t\t\t\n\t\t\t<li class=\"eo-event-cat-vorstellung eo-event-future\">\n\t\t\t\t<a href=\"https:\/\/fsk-kino.peripherfilm.de\/en\/events\/event\/rose-8\/\">Rose<\/a> on Mon, 4. 5.: 20:30\t\t\t<\/li>\n\n\t\t\n\t\t\t\n\t\t\t<li class=\"eo-event-cat-vorstellung eo-event-future\">\n\t\t\t\t<a href=\"https:\/\/fsk-kino.peripherfilm.de\/en\/events\/event\/rose-9\/\">Rose<\/a> on Tue, 5. 5.: 18:00\t\t\t<\/li>\n\n\t\t\n\t\t\t\n\t\t\t<li class=\"eo-event-cat-vorstellung eo-event-future\">\n\t\t\t\t<a href=\"https:\/\/fsk-kino.peripherfilm.de\/en\/events\/event\/luisa-15\/\">Luisa<\/a> on Tue, 5. 5.: 18:30\t\t\t<\/li>\n\n\t\t\n\t\t\t\n\t\t\t<li class=\"eo-event-cat-spezialvorstellung eo-event-cat-vorstellung eo-event-future\">\n\t\t\t\t<a href=\"https:\/\/fsk-kino.peripherfilm.de\/en\/events\/event\/gavagai\/\">Gavagai<\/a> on Tue, 5. 5.: 20:00\t\t\t<\/li>\n\n\t\t\n\t\t\t\n\t\t\t<li class=\"eo-event-cat-vorstellung eo-event-future\">\n\t\t\t\t<a href=\"https:\/\/fsk-kino.peripherfilm.de\/en\/events\/event\/rose-10\/\">Rose<\/a> on Tue, 5. 5.: 20:30\t\t\t<\/li>\n\n\t\t\n\t\t\t\n\t\t\t<li class=\"eo-event-cat-vorstellung eo-event-future\">\n\t\t\t\t<a href=\"https:\/\/fsk-kino.peripherfilm.de\/en\/events\/event\/luisa-16\/\">Luisa<\/a> on Wed, 6. 5.: 18:00\t\t\t<\/li>\n\n\t\t\n\t\t\t\n\t\t\t<li class=\"eo-event-cat-vorstellung eo-event-future\">\n\t\t\t\t<a href=\"https:\/\/fsk-kino.peripherfilm.de\/en\/events\/event\/rose-11\/\">Rose<\/a> on Wed, 6. 5.: 18:15\t\t\t<\/li>\n\n\t\t\n\t\t\t\n\t\t\t<li class=\"eo-event-cat-vorstellung eo-event-future\">\n\t\t\t\t<a href=\"https:\/\/fsk-kino.peripherfilm.de\/en\/events\/event\/gavagai-8\/\">Gavagai<\/a> on Wed, 6. 5.: 20:00\t\t\t<\/li>\n\n\t\t\n\t\t\t\n\t\t\t<li class=\"eo-event-cat-vorstellung eo-event-future\">\n\t\t\t\t<a href=\"https:\/\/fsk-kino.peripherfilm.de\/en\/events\/event\/rose-12\/\">Rose<\/a> on Wed, 6. 5.: 20:30\t\t\t<\/li>\n\n\t\t\n\t\t\t\n\t\t\t<li class=\"eo-event-cat-vorstellung eo-event-future\">\n\t\t\t\t<a href=\"https:\/\/fsk-kino.peripherfilm.de\/en\/events\/event\/wild-foxes\/\">Wild Foxes<\/a> on Thu, 7. 5.: 18:00\t\t\t<\/li>\n\n\t\t\n\t\t\t\n\t\t\t<li class=\"eo-event-cat-vorstellung eo-event-future\">\n\t\t\t\t<a href=\"https:\/\/fsk-kino.peripherfilm.de\/en\/events\/event\/wir-glauben-euch\/\">Wir Glauben Euch<\/a> on Thu, 7. 5.: 19:00\t\t\t<\/li>\n\n\t\t\n\t\t\t\n\t\t\t<li class=\"eo-event-cat-vorstellung eo-event-future\">\n\t\t\t\t<a href=\"https:\/\/fsk-kino.peripherfilm.de\/en\/events\/event\/rose-13\/\">Rose<\/a> on Thu, 7. 5.: 20:00\t\t\t<\/li>\n\n\t\t\n\t\t\t\n\t\t\t<li class=\"eo-event-cat-vorstellung eo-event-future\">\n\t\t\t\t<a href=\"https:\/\/fsk-kino.peripherfilm.de\/en\/events\/event\/gavagai-9\/\">Gavagai<\/a> on Thu, 7. 5.: 20:45\t\t\t<\/li>\n\n\t\t\n\t\t\t\n\t\t\t<li class=\"eo-event-cat-vorstellung eo-event-future\">\n\t\t\t\t<a href=\"https:\/\/fsk-kino.peripherfilm.de\/en\/events\/event\/wild-foxes-2\/\">Wild Foxes<\/a> on Fri, 8. 5.: 18:00\t\t\t<\/li>\n\n\t\t\n\t\t\t\n\t\t\t<li class=\"eo-event-cat-vorstellung eo-event-future\">\n\t\t\t\t<a href=\"https:\/\/fsk-kino.peripherfilm.de\/en\/events\/event\/wir-glauben-euch-2\/\">Wir Glauben Euch<\/a> on Fri, 8. 5.: 19:00\t\t\t<\/li>\n\n\t\t\n\t\t\t\n\t\t\t<li class=\"eo-event-cat-vorstellung eo-event-future\">\n\t\t\t\t<a href=\"https:\/\/fsk-kino.peripherfilm.de\/en\/events\/event\/rose-14\/\">Rose<\/a> on Fri, 8. 5.: 20:00\t\t\t<\/li>\n\n\t\t\n\t\t\t\n\t\t\t<li class=\"eo-event-cat-vorstellung eo-event-future\">\n\t\t\t\t<a href=\"https:\/\/fsk-kino.peripherfilm.de\/en\/events\/event\/gavagai-10\/\">Gavagai<\/a> on Fri, 8. 5.: 20:45\t\t\t<\/li>\n\n\t\t\n\t\t\t\n\t\t\t<li class=\"eo-event-cat-vorstellung eo-event-future\">\n\t\t\t\t<a href=\"https:\/\/fsk-kino.peripherfilm.de\/en\/events\/event\/gavagai-11\/\">Gavagai<\/a> on Sat, 9. 5.: 14:00\t\t\t<\/li>\n\n\t\t\n\t\t\t\n\t\t\t<li class=\"eo-event-cat-vorstellung eo-event-future\">\n\t\t\t\t<a href=\"https:\/\/fsk-kino.peripherfilm.de\/en\/events\/event\/father-mother-sister-brother-66\/\">Father Mother Sister Brother<\/a> on Sat, 9. 5.: 14:30\t\t\t<\/li>\n\n\t\t\n\t\t\t\n\t\t\t<li class=\"eo-event-cat-spezialvorstellung eo-event-cat-vorstellung eo-event-future\">\n\t\t\t\t<a href=\"https:\/\/fsk-kino.peripherfilm.de\/en\/events\/event\/saving-spoonie\/\">Saving Spoonie<\/a> on Sat, 9. 5.: 16:00\t\t\t<\/li>\n\n\t\t\n\t\t\t\n\t\t\t<li class=\"eo-event-cat-vorstellung eo-event-future\">\n\t\t\t\t<a href=\"https:\/\/fsk-kino.peripherfilm.de\/en\/events\/event\/rose-15\/\">Rose<\/a> on Sat, 9. 5.: 17:00\t\t\t<\/li>\n\n\t\t\n\t\t\t\n\t\t\t<li class=\"eo-event-cat-vorstellung eo-event-future\">\n\t\t\t\t<a href=\"https:\/\/fsk-kino.peripherfilm.de\/en\/events\/event\/wild-foxes-3\/\">Wild Foxes<\/a> on Sat, 9. 5.: 18:15\t\t\t<\/li>\n\n\t\t\n\t\t\t\n\t\t\t<li class=\"eo-event-cat-vorstellung eo-event-future\">\n\t\t\t\t<a href=\"https:\/\/fsk-kino.peripherfilm.de\/en\/events\/event\/wir-glauben-euch-3\/\">Wir Glauben Euch<\/a> on Sat, 9. 5.: 19:00\t\t\t<\/li>\n\n\t\t\n\t\t\t\n\t\t\t<li class=\"eo-event-cat-vorstellung eo-event-future\">\n\t\t\t\t<a href=\"https:\/\/fsk-kino.peripherfilm.de\/en\/events\/event\/rose-16\/\">Rose<\/a> on Sat, 9. 5.: 20:15\t\t\t<\/li>\n\n\t\t\n\t\t\t\n\t\t\t<li class=\"eo-event-cat-vorstellung eo-event-future\">\n\t\t\t\t<a href=\"https:\/\/fsk-kino.peripherfilm.de\/en\/events\/event\/gavagai-12\/\">Gavagai<\/a> on Sat, 9. 5.: 20:45\t\t\t<\/li>\n\n\t\t\n\t\t\t\n\t\t\t<li class=\"eo-event-cat-vorstellung eo-event-future\">\n\t\t\t\t<a href=\"https:\/\/fsk-kino.peripherfilm.de\/en\/events\/event\/gavagai-13\/\">Gavagai<\/a> on Sun, 10. 5.: 13:45\t\t\t<\/li>\n\n\t\t\n\t\t\t\n\t\t\t<li class=\"eo-event-cat-vorstellung eo-event-future\">\n\t\t\t\t<a href=\"https:\/\/fsk-kino.peripherfilm.de\/en\/events\/event\/father-mother-sister-brother-67\/\">Father Mother Sister Brother<\/a> on Sun, 10. 5.: 14:30\t\t\t<\/li>\n\n\t\t\n\t\t\t\n\t\t\t<li class=\"eo-event-cat-vorstellung eo-event-future\">\n\t\t\t\t<a href=\"https:\/\/fsk-kino.peripherfilm.de\/en\/events\/event\/scherbenland-2\/\">Scherbenland<\/a> on Sun, 10. 5.: 15:45\t\t\t<\/li>\n\n\t\t\n\t\t\t\n\t\t\t<li class=\"eo-event-cat-vorstellung eo-event-future\">\n\t\t\t\t<a href=\"https:\/\/fsk-kino.peripherfilm.de\/en\/events\/event\/rose-17\/\">Rose<\/a> on Sun, 10. 5.: 17:00\t\t\t<\/li>\n\n\t\t\n\t\t\t\n\t\t\t<li class=\"eo-event-cat-vorstellung eo-event-future\">\n\t\t\t\t<a href=\"https:\/\/fsk-kino.peripherfilm.de\/en\/events\/event\/wild-foxes-4\/\">Wild Foxes<\/a> on Sun, 10. 5.: 18:00\t\t\t<\/li>\n\n\t\t\n\t\t\t\n\t\t\t<li class=\"eo-event-cat-vorstellung eo-event-future\">\n\t\t\t\t<a href=\"https:\/\/fsk-kino.peripherfilm.de\/en\/events\/event\/wir-glauben-euch-4\/\">Wir Glauben Euch<\/a> on Sun, 10. 5.: 19:00\t\t\t<\/li>\n\n\t\t\n\t\t\t\n\t\t\t<li class=\"eo-event-cat-vorstellung eo-event-future\">\n\t\t\t\t<a href=\"https:\/\/fsk-kino.peripherfilm.de\/en\/events\/event\/rose-18\/\">Rose<\/a> on Sun, 10. 5.: 20:00\t\t\t<\/li>\n\n\t\t\n\t\t\t\n\t\t\t<li class=\"eo-event-cat-vorstellung eo-event-future\">\n\t\t\t\t<a href=\"https:\/\/fsk-kino.peripherfilm.de\/en\/events\/event\/gavagai-14\/\">Gavagai<\/a> on Sun, 10. 5.: 20:45\t\t\t<\/li>\n\n\t\t\n\t\t\t\n\t\t\t<li class=\"eo-event-cat-vorstellung eo-event-future\">\n\t\t\t\t<a href=\"https:\/\/fsk-kino.peripherfilm.de\/en\/events\/event\/wild-foxes-5\/\">Wild Foxes<\/a> on Mon, 11. 5.: 18:00\t\t\t<\/li>\n\n\t\t\n\t\t\t\n\t\t\t<li class=\"eo-event-cat-vorstellung eo-event-future\">\n\t\t\t\t<a href=\"https:\/\/fsk-kino.peripherfilm.de\/en\/events\/event\/wir-glauben-euch-5\/\">Wir Glauben Euch<\/a> on Mon, 11. 5.: 19:00\t\t\t<\/li>\n\n\t\t\n\t\t\t\n\t\t\t<li class=\"eo-event-cat-vorstellung eo-event-future\">\n\t\t\t\t<a href=\"https:\/\/fsk-kino.peripherfilm.de\/en\/events\/event\/rose-19\/\">Rose<\/a> on Mon, 11. 5.: 20:00\t\t\t<\/li>\n\n\t\t\n\t\t\t\n\t\t\t<li class=\"eo-event-cat-vorstellung eo-event-future\">\n\t\t\t\t<a href=\"https:\/\/fsk-kino.peripherfilm.de\/en\/events\/event\/gavagai-15\/\">Gavagai<\/a> on Mon, 11. 5.: 20:45\t\t\t<\/li>\n\n\t\t\n\t\t\t\n\t\t\t<li class=\"eo-event-cat-vorstellung eo-event-future\">\n\t\t\t\t<a href=\"https:\/\/fsk-kino.peripherfilm.de\/en\/events\/event\/wild-foxes-6\/\">Wild Foxes<\/a> on Tue, 12. 5.: 18:00\t\t\t<\/li>\n\n\t\t\n\t\t\t\n\t\t\t<li class=\"eo-event-cat-vorstellung eo-event-future\">\n\t\t\t\t<a href=\"https:\/\/fsk-kino.peripherfilm.de\/en\/events\/event\/wir-glauben-euch-6\/\">Wir Glauben Euch<\/a> on Tue, 12. 5.: 19:00\t\t\t<\/li>\n\n\t\t\n\t\t\t\n\t\t\t<li class=\"eo-event-cat-vorstellung eo-event-future\">\n\t\t\t\t<a href=\"https:\/\/fsk-kino.peripherfilm.de\/en\/events\/event\/rose-20\/\">Rose<\/a> on Tue, 12. 5.: 20:00\t\t\t<\/li>\n\n\t\t\n\t\t\t\n\t\t\t<li class=\"eo-event-cat-vorstellung eo-event-future\">\n\t\t\t\t<a href=\"https:\/\/fsk-kino.peripherfilm.de\/en\/events\/event\/gavagai-16\/\">Gavagai<\/a> on Tue, 12. 5.: 20:45\t\t\t<\/li>\n\n\t\t\n\t\t\t\n\t\t\t<li class=\"eo-event-cat-vorstellung eo-event-future\">\n\t\t\t\t<a href=\"https:\/\/fsk-kino.peripherfilm.de\/en\/events\/event\/wild-foxes-7\/\">Wild Foxes<\/a> on Wed, 13. 5.: 18:00\t\t\t<\/li>\n\n\t\t\n\t\t\t\n\t\t\t<li class=\"eo-event-cat-vorstellung eo-event-future\">\n\t\t\t\t<a href=\"https:\/\/fsk-kino.peripherfilm.de\/en\/events\/event\/wir-glauben-euch-7\/\">Wir Glauben Euch<\/a> on Wed, 13. 5.: 19:00\t\t\t<\/li>\n\n\t\t\n\t\t\t\n\t\t\t<li class=\"eo-event-cat-vorstellung eo-event-future\">\n\t\t\t\t<a href=\"https:\/\/fsk-kino.peripherfilm.de\/en\/events\/event\/rose-21\/\">Rose<\/a> on Wed, 13. 5.: 20:00\t\t\t<\/li>\n\n\t\t\n\t\t\t\n\t\t\t<li class=\"eo-event-cat-vorstellung eo-event-future\">\n\t\t\t\t<a href=\"https:\/\/fsk-kino.peripherfilm.de\/en\/events\/event\/gavagai-17\/\">Gavagai<\/a> on Wed, 13. 5.: 20:45\t\t\t<\/li>\n\n\t\t\n\t\t\t\n\t\t\t<li class=\"eo-event-cat-spezialvorstellung eo-event-cat-vorstellung eo-event-future\">\n\t\t\t\t<a href=\"https:\/\/fsk-kino.peripherfilm.de\/en\/events\/event\/was-an-empfindsamkeit-bleibt\/\">Was An Empfindsamkeit Bleibt<\/a> on Thu, 14. 5.: 17:00\t\t\t<\/li>\n\n\t\t\n\t\t\t\n\t\t\t<li class=\"eo-event-cat-filmpolska eo-event-cat-vorstellung eo-event-future\">\n\t\t\t\t<a href=\"https:\/\/fsk-kino.peripherfilm.de\/en\/events\/event\/travel-essentials\/\">Travel Essentials<\/a> on Wed, 27. 5.: 18:00\t\t\t<\/li>\n\n\t\t\n\t\t\t\n\t\t\t<li class=\"eo-event-cat-spezialvorstellung eo-event-cat-vorstellung eo-event-future\">\n\t\t\t\t<a href=\"https:\/\/fsk-kino.peripherfilm.de\/en\/events\/event\/wolken-ueber-luetzerath\/\">Wolken \u00dcber L\u00fctzerath<\/a> on Sat, 30. 5.: 17:30\t\t\t<\/li>\n\n\t\t\n\t<\/ul>\n\n\n\n\n\n<p class=\"wp-block-paragraph\"><\/p>","protected":false},"excerpt":{"rendered":"<p>What\u2019s next \u2013 Die kom\u00admen\u00adden Vorstellungen<\/p>\n","protected":false},"author":2,"featured_media":0,"parent":0,"menu_order":0,"comment_status":"closed","ping_status":"closed","template":"","meta":{"_crdt_document":"{\"document\":\"AADKBIbuqL8fuce6vwW3paWUCLnHur8Ft6WllAi5x7q\/BbelpZQIuce6vwW3paWUCLnHur8Fk8Hw6h35x7q\/BQGEnNKfHrelpZQIh6qp1gfEnNKfHgWHqqnWB5PB8OodhKTp5AKK88eOGL\/tiP0Ft6WllAi\/7Yj9BbelpZQIv+2I\/QW3paWUCL\/tiP0Ft6WllAj\/7Yj9BQLG7qi\/HwC3paWUCMrzx44YAJi+gKAXivPHjhi\/7Yj9BbelpZQIv+2I\/QX3paWUCACK88eOGLelpZQIivPHjhi3paWUCIrzx44Yv+2I\/QW3paWUCMrzx44YBZvdjY8WmZCryxKt5M+KEYeqqdYHt6WllAiHqqnWB7elpZQIh6qp1ge3paWUCIeqqdYHt6WllAjHqqnWBwL3paWUCByWh7DvB4eqqdYHhu6ovx+5x7q\/BbelpZQIuce6vwX3paWUCACG7qi\/H7elpZQIhu6ovx+3paWUCIbuqL8fuce6vwW3paWUCIbuqL8fuce6vwXG7qi\/HwG3paWUCLnHur8Fv+2I\/QWt5M+KEYeqqdYHt6WllAiHqqnWB\/elpZQIAK3kz4oRt6WllAit5M+KEbelpZQIreTPihGHqqnWB7elpZQI7eTPihECxJzSnx4Auce6vwWR94EY96WllAgDkfeBGLelpZQIkfeBGLelpZQIkfeBGPelpZQIAJH3gRi3paWUCNH3gRgB96WllAgAmu6zlwOEpOnkArelpZQIjZHV3gK2rPvMAbygr5EBkfeBGPelpZQICoSksgWTASAFAKYBzAKaAgMAgAPeBQEBCABImALYAh4FAKYB3gEDAFICpgTqBAJUAhAFAACmAfQBAwCYAQJE1AEFAKYBDgMA2AIFAAoDBxSOAQaIAboBAQAIAgECCkoA0gUCEAUAAKYBDP4BAwCABdIFAhAFAACmAfQBAwBaQhgEAgUAFpABugLuBAMAggVG+gQFAKYBlAMEBjoCEAMAFLgB4AIQAwAUaBoEWgUAAk4QAwAUaBoEWgUAApIC4AIaBFoFAAJOGgRaBQACoAXmBRgFAKYBzQEoAEEAwQOoAKECIQLHACEAKAEnASgAJwCEACEAoQAhAEEAwQOhBAEAoQEhAEQAxASEAMQAqASEACECQQDBA6ECIQAoAicAAQCEAIEAhACBAIQAgQCEAIEAhACBAIQAgQAnAAQAgQCEAIEAJwAoBCcAKAAhACgAJwAHACEAKAAhACgAJwAhACcAgQAAACEBQQDBBIEAwQCBAKECwQAAACEAQQDBBIEAwQChAqgAKAAhAEEAwQSBAMEAgQChAsEAAAAhAaEAIQNBAMEDoQIhqQfDBnN0YXRldmVyc2lvbnN0YXRlc2F2ZWRBdHN0YXRlc2F2ZWRCeXN0YXRldmVyc2lvbmNsaWVudElkaXNWYWxpZG5hbWVhdHRyaWJ1dGVzY29udGVudGRyb3BDYXBpbm5lckJsb2NrcwoKPCEtLSB3cDpwYXJhZ3JhcGggLS0+CjxwPjwvcD4KPCEtLSAvd3A6cGFyYWdyYXBoIC0tPnN0YXRldmVyc2lvbnN0YXRldmVyc2lvbnN0YXRldmVyc2lvbkRpa29tbWVkblZydGVsbHVuZ2VuZW5kRGllIGtvbW1lbmRlbiBWb3JzdGVsbHVuZ2Vuc3RhdGV2ZXJzaW9uc3RhdGV2ZXJzaW9uc3RhdGV2ZXJzaW9uc3RhdGV2ZXJzaW9uZG9jdW1lbnRkYXRlZG9jdW1lbnRzbHVnZG9jdW1lbnRzdGF0dXNkb2N1bWVudHRpdGxlZSBuZSBvc2RvY3VtZW50Y29udGVudDwhLS0gd3A6c2hvcnRjb2RlIC0tPgpbZW9fZXZlbnRzIGV2ZW50X19hZnRlcj0ibm93Il0KPCEtLSAvd3A6c2hvcnRjb2RlIC0tPmRvY3VtZW50ZXhjZXJwdGRvY3VtZW50YXV0aG9yZG9jdW1lbnRmZWF0dXJlZF9tZWRpYWRvY3VtZW50Y29tbWVudF9zdGF0dXNkb2N1bWVudHBpbmdfc3RhdHVzZG9jdW1lbnR0ZW1wbGF0ZWRvY3VtZW50bWV0YXdwX3R5cG9ncmFwaHlfcG9zdF9lbmhhbmNlbWVudHNfZGlzYWJsZWRzbGltX3Nlb2Zvb3Rub3Rlc2RvY3VtZW50YmxvY2tzY2xpZW50SWRpc1ZhbGlkb3JpZ2luYWxDb250ZW50bmFtZWF0dHJpYnV0ZXN0ZXh0aW5uZXJCbG9ja3NzdGF0ZXZlcnNpb25zdGF0ZXZlcnNpb25zdGF0ZXZlcnNpb25vcmlnaW5hbENvbnRlbnRzdGF0ZXZlcnNpb25zdGF0ZXZlcnNpb25zdGF0ZXZlcnNpb25zdGF0ZXZlcnNpb25zdGF0ZXZlcnNpb25zdGF0ZXZlcnNpb25zdGF0ZXZlcnNpb25zdGF0ZXZlcnNpb24FBwUHBQcFBwgHBApHAAs2BQcFBwUHAgVBAgkDGwUHBQcFBwUHCAQIBAgGCAUCQQMIByckCAcIBggOCA4IC0gBBCgICQgGCAcPBAoECwUHBQcFBw8FBwUHBQcFBwUHBQcFBwUHHQEDAAYBAQAAAQgAAAEAAAABBgACAQAABwECAAABC0EAAgBCAQEAQQAARwFCAQEFQQxCAQEFQQMpQQlCAQEFQQUCBUECCQM2QQwIQQACBUECCQM2QQIIAQIFQQIJA0EEAgVBAgkDNkECCEEFQgEBBUECFAwAfQF2AgV0aXRsZXciV29sa2VuIMOcYmVyIEzDvHR6ZXJhdGggLSBmc2sgS2lubwtkZXNjcmlwdGlvbnenAUzDvHR6ZXJhdGggd2lyZCB6dW0gU3ltYm9sIGbDvHIgZWluZSBmZWhsZXJoYWZ0ZSBFbmVyZ2llLSB1bmQgS2xpbWFwb2xpdGlrIOKAkyB1bmQgZGllIEdyw7xuZW4sIGRpZSBpbiBOUlcgw7xiZXIgZGVuIEVyaGFsdCBkZXMgRG9yZmVzIGVudHNjaGVpZGVuIG3DvHNzZW4sIHNjaGVpbmVuIHNpCgB4dw5jb3JlL3BhcmFncmFwaHkCAA4ADwB3JDc3ZTA0NzU5LTRiMDgtNDQ4Yi05YjRiLWFjNGEzOWUzYjg2N3chW2VvX2V2ZW50cyBldmVudF9lbmRfYWZ0ZXI9Im5vdyJddyFbZW9fZXZlbnRzIGV2ZW50X2VuZF9hZnRlcj0ibm93Il17Qnnc3QCFMAB7QedAAfMAAAABAAEACQAsAHcTMjAxNi0wOS0xNFQxMDo1NTowOHcbZGllLWtvbW1lbmRlbi12b3JzdGVsbHVuZ2VudwdwdWJsaXNofQJ9AHcGY2xvc2VkdwZjbG9zZWR3AHl3AHh3DmNvcmUvc2hvcnRjb2RlAQAPAA4AdyQ1ZGRlOTEyZS1mOTI2LTRkZmUtOTNmNy1kMDU5YTljZTZiMmJ3BzxwPjwvcD4PAAEAAgABAAEAAQAJAAEAFIa31N8PAgELAQSEjumPDwIAAAEA06C49Q4BAAHK+aOHDAEAPJifgNALAQAA2+7GhwsBAACZyNWlCQEAAK3yp8UIAQAP99KSigQPAAAEAQIEAQABAAEAAQABCCgCJDUIAAMAAQACAAEI1oPY9wMBAACH1ZTrAwEAWf+2xP4CAQAa+aPd3wIBAFma99nLAQEAAITStLIBAQABzciqrwEBAAC21r1mAQAAvNDXSAEAANH7gAwBAA+EktkCAQAA\",\"updateId\":264996723}","wp_typography_post_enhancements_disabled":false,"slim_seo":{"title":"Wolken \u00dcber L\u00fctzerath - fsk Kino","description":"L\u00fctzerath wird zum Symbol f\u00fcr eine fehlerhafte Energie- und Klimapolitik \u2013 und die Gr\u00fcnen, die in NRW \u00fcber den Erhalt des Dorfes entscheiden m\u00fcssen, scheinen si"},"footnotes":""},"class_list":["post-4186","page","type-page","status-publish","hentry"],"_links":{"self":[{"href":"https:\/\/fsk-kino.peripherfilm.de\/en\/wp-json\/wp\/v2\/pages\/4186","targetHints":{"allow":["GET"]}}],"collection":[{"href":"https:\/\/fsk-kino.peripherfilm.de\/en\/wp-json\/wp\/v2\/pages"}],"about":[{"href":"https:\/\/fsk-kino.peripherfilm.de\/en\/wp-json\/wp\/v2\/types\/page"}],"author":[{"embeddable":true,"href":"https:\/\/fsk-kino.peripherfilm.de\/en\/wp-json\/wp\/v2\/users\/2"}],"replies":[{"embeddable":true,"href":"https:\/\/fsk-kino.peripherfilm.de\/en\/wp-json\/wp\/v2\/comments?post=4186"}],"version-history":[{"count":3,"href":"https:\/\/fsk-kino.peripherfilm.de\/en\/wp-json\/wp\/v2\/pages\/4186\/revisions"}],"predecessor-version":[{"id":32670,"href":"https:\/\/fsk-kino.peripherfilm.de\/en\/wp-json\/wp\/v2\/pages\/4186\/revisions\/32670"}],"wp:attachment":[{"href":"https:\/\/fsk-kino.peripherfilm.de\/en\/wp-json\/wp\/v2\/media?parent=4186"}],"curies":[{"name":"wp","href":"https:\/\/api.w.org\/{rel}","templated":true}]}}