{"id":3349,"date":"2015-09-06T13:06:57","date_gmt":"2015-09-06T11:06:57","guid":{"rendered":"http:\/\/fsk-kino.peripherfilm.de\/?p=3349"},"modified":"2021-10-26T20:00:26","modified_gmt":"2021-10-26T18:00:26","slug":"body","status":"publish","type":"page","link":"https:\/\/fsk-kino.peripherfilm.de\/en\/peripher-filmverleih\/body\/","title":{"rendered":"Body"},"content":{"rendered":"<p style=\"text-align: left;\">ein Film von Ma\u0142gorzata Szumowska.<\/p>\n<p style=\"text-align: right;\"><a href=\"http:\/\/fsk-kino.peripherfilm.de\/peripher-filmverleih\/im-kino\/#body\">im Kino<\/a> \u2013 <a href=\"https:\/\/absolutmedien.de\/film\/7016\/Body\"><span class=\"caps\">DVD<\/span><\/a> \u2013 <a href=\"http:\/\/kinopresseservice.de\/body\">Pressezone<\/a><\/p>\n<p><span class=\"dquo\">\u201e<\/span>Body\u201c \/ \u201eCialo\u201c \/ \u201cK\u00f6rper\u201c: Der Titel benennt sehr kon\u00adkret das Thema des&nbsp;Films.<br>\nMalgorzata Szumowska setzt \u201eBody\u201c schmerz\u00adhaft direkt um und l\u00e4\u00dft gleich\u00adzei\u00adtig Raum f\u00fcr die Sehnsucht nach Unverg\u00e4nglichkeit, um dem Verlust gelieb\u00adter Menschen stand\u00adhal\u00adten zu k\u00f6n\u00adnen. Sie tut das so sen\u00adsi\u00adbel und char\u00admant, wie sie in ihrem vor\u00adletz\u00adten Film \u201eIm Namen des\u2026\u201c den fest\u00adge\u00adbrann\u00adten Bodensatz der pol\u00adni\u00adschen Gesellschaft namens Katholizismus auf eine v\u00f6l\u00adlig selbst\u00adver\u00adst\u00e4nd\u00adli\u00adche Art hops\u00adnahm <span class=\"amp\">&amp;<\/span> suspendierte.<br>\n\u201eKommst du mit in den Alltag?\u201c ist eine Tradition des pol\u00adni\u00adschen Kinos und steht mit Janusz Gajos wie\u00adder auf, der als Untersuchungsrichter an die Tatorte von Gewaltverbrechen geru\u00adfen wird und die Grausamkeit der Realit\u00e4t in n\u00fcch\u00adter\u00adne Protokolle \u00fcber\u00adsetzt. Seine mager\u00ads\u00fcch\u00adti\u00adge Tochter Olga pro\u00advo\u00adziert ihn, dr\u00fcckt ihn in die Ecke, er weicht aus und ver\u00addr\u00e4ngt die Ursachen des Todesfalls in der Familie. Die drit\u00adte Person des Films, Olgas Therapeutin Anna, kann und will bei\u00adden hel\u00adfen, aber steht sich selbst rat\u00adlos gegen\u00ad\u00fcber. Gleichzeitig spie\u00adgeln sich bei ihr die Brechungen des gesell\u00adschaft\u00adli\u00adchen Umbruchs bei gleich\u00adzei\u00adti\u00adger Kontinuit\u00e4t beson\u00adders stark&nbsp;wider.<br>\nFazit: Nach Jahren anstren\u00adgen\u00adder, klein\u00adkri\u00admi\u00adnel\u00adler, glatz\u00adk\u00f6p\u00adfi\u00adger Bengel hat der pol\u00adni\u00adsche Film mit \u201eKleine Tricks\u201c, \u201eIn mei\u00adnem Kopf ein Universum\u201c, \u201eIm Namen des\u2026\u201c und beson\u00adders \u201eIda\u201c viel Aufmerksamkeit verdient.<br>\n<strong>Silberner B\u00e4r 2015<\/strong> f\u00fcr Body \u2013 Beste Regie: Malgorzata Szumowska.<\/p>\n<p><span class=\"dquo\">\u201e<\/span>The action takes place in pre\u00adsent day Poland, alt\u00adhough it looks a bit like it took place 20 years ago. And this is some\u00adthing I wan\u00adted to show. Just around the cor\u00adner of new hip shops that sell orga\u00adnic food are peo\u00adp\u00adle living the way they did back in the 90s. Poland of ordi\u00adna\u00adry peo\u00adp\u00adle is less \u00abpho\u00adto\u00adge\u00adnic\u00bb and this is the Poland of the\u00adse peo\u00adp\u00adle that I\u2019m show\u00ading, peo\u00adp\u00adle who earn less than the natio\u00adnal avera\u00adge sala\u00adry working sta\u00adte jobs and are miles away from the hips\u00adter cafes in their neigh\u00adbour\u00adhood. There are thou\u00adsands of peo\u00adp\u00adle like the\u00adse. Today, 25 years after the col\u00adlap\u00adse of com\u00admu\u00adnism, in a coun\u00adtry whe\u00adre ever\u00ady\u00adthing is con\u00adstant\u00adly chan\u00adging from one day to ano\u00adther, whe\u00adre Church no lon\u00adger has such a strong impact on poli\u00adtics and sta\u00adte, peo\u00adp\u00adle of a cer\u00adtain age feel sim\u00adply lost.Anna sear\u00adches for a mea\u00adning in her job. She tre\u00adats the sick girls in a very emo\u00adtio\u00adnal way and wants to imple\u00adment new the\u00adra\u00adpeu\u00adtic methods, but Polish hos\u00adpi\u00adtals are not open nor rea\u00addy for that. She is seen as a luna\u00adtic. Anna finds her faith in spi\u00adri\u00adtua\u00adlism, as Catholicism is for her an obso\u00adle\u00adte and untrue form.\u201c<br>\n(Malgorzata Szumowska)<\/p>\n<p><strong>Kritiken:<\/strong><\/p>\n<ul>\n<li>Jury der Evangelischen Filmarbeit: <a href=\"http:\/\/www.epd-film.de\/tipps\/2015\/film-des-monats-november-body\">Film des Monats November<\/a><\/li>\n<li><a href=\"http:\/\/www.zeit.de\/2015\/43\/body-film-malgorzata-szumowska-sozialdrama\"><span class=\"caps\">DIE<\/span> <span class=\"caps\">ZEIT<\/span><\/a><\/li>\n<li><a href=\"http:\/\/www.neues-deutschland.de\/artikel\/989144.bis-der-verstand-das-essen-ablehnt.html\">Neues Deutschland<\/a><\/li>\n<li><a href=\"http:\/\/www.zeit.de\/2015\/43\/body-film-malgorzata-szumowska-sozialdrama\">Filmdienst<\/a><\/li>\n<li><a href=\"http:\/\/www.tagesspiegel.de\/kultur\/polnisches-kino-body-von-malgorzata-szumowska-so-nah-so-fern\/12510084.html\">Tagesspiegel<\/a><\/li>\n<li><a href=\"https:\/\/www.taz.de\/Film-Body-von-Magorzata-Szumowska\/%215242331\/\">taz<\/a><\/li>\n<li><a href=\"http:\/\/www.faz.net\/aktuell\/feuilleton\/kino\/ein-film-ueber-verluste-body-im-kino-13883340.html\"><span class=\"caps\">FAZ<\/span><\/a><\/li>\n<li><a href=\"http:\/\/www.sueddeutsche.de\/kultur\/film-body-geistertherapie-1.2720679\">S\u00fcddeutsche Zeitung<\/a><\/li>\n<\/ul>\n<div id=\"gallery-1\" class=\"gallery galleryid-3349 gallery-columns-3 gallery-size-thumbnail\"><figure class=\"gallery-item\">\n\t\t\t<div class=\"gallery-icon landscape\">\n\t\t\t\t<a href=\"https:\/\/fsk-kino.peripherfilm.de\/wp-content\/uploads\/2015\/09\/body1.jpg\"><img loading=\"lazy\" decoding=\"async\" width=\"150\" height=\"150\" src=\"https:\/\/fsk-kino.peripherfilm.de\/wp-content\/uploads\/2015\/09\/body1-150x150.jpg\" class=\"attachment-thumbnail size-thumbnail\" alt srcset=\"https:\/\/fsk-kino.peripherfilm.de\/wp-content\/uploads\/2015\/09\/body1-150x150.jpg 150w, https:\/\/fsk-kino.peripherfilm.de\/wp-content\/uploads\/2015\/09\/body1-100x100.jpg 100w\" sizes=\"auto, (max-width: 150px) 100vw, 150px\"><\/a>\n\t\t\t<\/div><\/figure><figure class=\"gallery-item\">\n\t\t\t<div class=\"gallery-icon landscape\">\n\t\t\t\t<a href=\"https:\/\/fsk-kino.peripherfilm.de\/wp-content\/uploads\/2015\/09\/body2.jpg\"><img loading=\"lazy\" decoding=\"async\" width=\"150\" height=\"150\" src=\"https:\/\/fsk-kino.peripherfilm.de\/wp-content\/uploads\/2015\/09\/body2-150x150.jpg\" class=\"attachment-thumbnail size-thumbnail\" alt srcset=\"https:\/\/fsk-kino.peripherfilm.de\/wp-content\/uploads\/2015\/09\/body2-150x150.jpg 150w, https:\/\/fsk-kino.peripherfilm.de\/wp-content\/uploads\/2015\/09\/body2-100x100.jpg 100w\" sizes=\"auto, (max-width: 150px) 100vw, 150px\"><\/a>\n\t\t\t<\/div><\/figure><figure class=\"gallery-item\">\n\t\t\t<div class=\"gallery-icon landscape\">\n\t\t\t\t<a href=\"https:\/\/fsk-kino.peripherfilm.de\/wp-content\/uploads\/2015\/09\/body3.jpg\"><img loading=\"lazy\" decoding=\"async\" width=\"150\" height=\"150\" src=\"https:\/\/fsk-kino.peripherfilm.de\/wp-content\/uploads\/2015\/09\/body3-150x150.jpg\" class=\"attachment-thumbnail size-thumbnail\" alt srcset=\"https:\/\/fsk-kino.peripherfilm.de\/wp-content\/uploads\/2015\/09\/body3-150x150.jpg 150w, https:\/\/fsk-kino.peripherfilm.de\/wp-content\/uploads\/2015\/09\/body3-100x100.jpg 100w\" sizes=\"auto, (max-width: 150px) 100vw, 150px\"><\/a>\n\t\t\t<\/div><\/figure><figure class=\"gallery-item\">\n\t\t\t<div class=\"gallery-icon landscape\">\n\t\t\t\t<a href=\"https:\/\/fsk-kino.peripherfilm.de\/wp-content\/uploads\/2015\/09\/body4.jpg\"><img loading=\"lazy\" decoding=\"async\" width=\"150\" height=\"150\" src=\"https:\/\/fsk-kino.peripherfilm.de\/wp-content\/uploads\/2015\/09\/body4-150x150.jpg\" class=\"attachment-thumbnail size-thumbnail\" alt srcset=\"https:\/\/fsk-kino.peripherfilm.de\/wp-content\/uploads\/2015\/09\/body4-150x150.jpg 150w, https:\/\/fsk-kino.peripherfilm.de\/wp-content\/uploads\/2015\/09\/body4-100x100.jpg 100w\" sizes=\"auto, (max-width: 150px) 100vw, 150px\"><\/a>\n\t\t\t<\/div><\/figure>\n\t\t<\/div>\n\n<p><em><span class=\"caps\">PL<\/span> 2015, poln. OmU, 90&nbsp;Min.<\/em><\/p>\n<p><em><strong>Regie <span class=\"amp\">&amp;<\/span> Buch<\/strong> Ma\u0142gorzata Szumowska<\/em><\/p>\n<p><em><strong>Kamera <\/strong>Micha\u0142 Englert<\/em><br>\n<em><strong> Musik<\/strong> Pawe\u0142 Mykietyn<br>\n<\/em><strong>Schnitt <\/strong>Jacek Drosio<br>\n<em><strong>mit:<\/strong> Janusz Gajos, Maja Ostaszewska, Justyna<\/em><br>\n<em> Suwa\u0142a, Ewa Da\u0142kowska, Adam Woronowicz, Tomasz Zi\u0119tek, Ma\u0142gorzata Hajewska-Krzysztofik, Ewa Kolasi\u0144ska, Roman Gancarczyk, W\u0142adys\u0142aw Kowalski u.&nbsp;a.<\/em><\/p>\n<p>Verleih unter\u00adst\u00fctzt von:<br>\n<a href=\"http:\/\/berlin.polnischekultur.de\/\"><img loading=\"lazy\" decoding=\"async\" class=\"size-full wp-image-5455 alignnone\" src=\"https:\/\/fsk-kino.peripherfilm.de\/wp-content\/uploads\/2015\/09\/polninstitut.png\" alt width=\"335\" height=\"100\" srcset=\"https:\/\/fsk-kino.peripherfilm.de\/wp-content\/uploads\/2015\/09\/polninstitut.png 335w, https:\/\/fsk-kino.peripherfilm.de\/wp-content\/uploads\/2015\/09\/polninstitut-300x90.png 300w\" sizes=\"auto, (max-width: 335px) 100vw, 335px\"><\/a><\/p>\n<div class=\"lyte-wrapper\" title=\"Trailer Body\" style=\"width:640px;max-width:100%;margin:5px;\"><div class=\"lyMe\" id=\"WYL_VjWPUowbobI\" itemprop=\"video\" itemscope itemtype=\"https:\/\/schema.org\/VideoObject\"><div><meta itemprop=\"thumbnailUrl\" content=\"https:\/\/fsk-kino.peripherfilm.de\/wp-content\/plugins\/wp-youtube-lyte\/lyteCache.php?origThumbUrl=https%3A%2F%2Fi.ytimg.com%2Fvi%2FVjWPUowbobI%2Fhqdefault.jpg\"><meta itemprop=\"embedURL\" content=\"https:\/\/www.youtube.com\/embed\/VjWPUowbobI\"><meta itemprop=\"duration\" content=\"PT1M47S\"><meta itemprop=\"uploadDate\" content=\"2015-09-21T14:28:12Z\"><\/div><div id=\"lyte_VjWPUowbobI\" data-src=\"https:\/\/fsk-kino.peripherfilm.de\/wp-content\/plugins\/wp-youtube-lyte\/lyteCache.php?origThumbUrl=https%3A%2F%2Fi.ytimg.com%2Fvi%2FVjWPUowbobI%2Fhqdefault.jpg\" class=\"pL\"><div class=\"tC\"><div class=\"tT\" itemprop=\"name\">Trailer Body<\/div><\/div><div class=\"play\"><\/div><div class=\"ctrl\"><div class=\"Lctrl\"><\/div><div class=\"Rctrl\"><\/div><\/div><\/div><noscript><a href=\"https:\/\/youtu.be\/VjWPUowbobI\" rel=\"nofollow\"><img loading=\"lazy\" decoding=\"async\" src=\"https:\/\/fsk-kino.peripherfilm.de\/wp-content\/plugins\/wp-youtube-lyte\/lyteCache.php?origThumbUrl=https%3A%2F%2Fi.ytimg.com%2Fvi%2FVjWPUowbobI%2F0.jpg\" alt=\"Trailer Body\" width=\"640\" height=\"340\"><br>Watch this video on YouTube<\/a><\/noscript><meta itemprop=\"description\" content=\"Trailer zum Film Body von Ma\u0142gorzata Szumowska polnische Originalfassung mit deutschen Untertiteln Berlinale 2015 Silberner B\u00e4r f\u00fcr die beste Regie.\"><\/div><\/div><div class=\"lL\" style=\"max-width:100%;width:640px;margin:5px;\"><\/div>\n","protected":false},"excerpt":{"rendered":"<p>ein Film von Ma\u0142gorzata Szumowska. im Kino \u2013 <span class=\"caps\">DVD<\/span> \u2013 Pressezone \u201eBody\u201c \/ \u201eCialo\u201c \/ \u201cK\u00f6rper\u201c: Der Titel benennt sehr kon\u00adkret das Thema des&nbsp;Films. Malgorzata Szumowska setzt \u201eBody\u201c schmerz\u00adhaft direkt um und l\u00e4\u00dft gleich\u00adzei\u00adtig Raum f\u00fcr die Sehnsucht nach Unverg\u00e4nglichkeit, um dem Verlust gelieb\u00adter Menschen stand\u00adhal\u00adten zu k\u00f6n\u00adnen. Sie tut das so sen\u00adsi\u00adbel und charmant,&nbsp;[\u2026]<\/p>\n","protected":false},"author":2,"featured_media":1504,"parent":3028,"menu_order":0,"comment_status":"closed","ping_status":"closed","template":"","meta":{"_crdt_document":"","wp_typography_post_enhancements_disabled":false,"slim_seo":{"title":"Body - fsk Kino","description":"ein Film von Ma\u0142gorzata Szumowska. im Kino - DVD - Pressezone \u201eBody\u201c \/ \u201eCialo\u201c \/ \u201cK\u00f6rper\u201c: Der Titel benennt sehr konkret das Thema des Films. Malgorzata Szumow"},"footnotes":""},"class_list":["post-3349","page","type-page","status-publish","has-post-thumbnail","hentry"],"_links":{"self":[{"href":"https:\/\/fsk-kino.peripherfilm.de\/en\/wp-json\/wp\/v2\/pages\/3349","targetHints":{"allow":["GET"]}}],"collection":[{"href":"https:\/\/fsk-kino.peripherfilm.de\/en\/wp-json\/wp\/v2\/pages"}],"about":[{"href":"https:\/\/fsk-kino.peripherfilm.de\/en\/wp-json\/wp\/v2\/types\/page"}],"author":[{"embeddable":true,"href":"https:\/\/fsk-kino.peripherfilm.de\/en\/wp-json\/wp\/v2\/users\/2"}],"replies":[{"embeddable":true,"href":"https:\/\/fsk-kino.peripherfilm.de\/en\/wp-json\/wp\/v2\/comments?post=3349"}],"version-history":[{"count":0,"href":"https:\/\/fsk-kino.peripherfilm.de\/en\/wp-json\/wp\/v2\/pages\/3349\/revisions"}],"up":[{"embeddable":true,"href":"https:\/\/fsk-kino.peripherfilm.de\/en\/wp-json\/wp\/v2\/pages\/3028"}],"wp:featuredmedia":[{"embeddable":true,"href":"https:\/\/fsk-kino.peripherfilm.de\/en\/wp-json\/wp\/v2\/media\/1504"}],"wp:attachment":[{"href":"https:\/\/fsk-kino.peripherfilm.de\/en\/wp-json\/wp\/v2\/media?parent=3349"}],"curies":[{"name":"wp","href":"https:\/\/api.w.org\/{rel}","templated":true}]}}