{"id":3346,"date":"2015-11-01T00:00:00","date_gmt":"2015-10-31T23:00:00","guid":{"rendered":"http:\/\/fsk-kino.peripherfilm.de\/?p=3346"},"modified":"2021-10-26T20:00:26","modified_gmt":"2021-10-26T18:00:26","slug":"results","status":"publish","type":"page","link":"https:\/\/fsk-kino.peripherfilm.de\/en\/peripher-filmverleih\/results\/","title":{"rendered":"Results"},"content":{"rendered":"<p style=\"text-align: left;\">Ein Film von Andrew Bujalski.<\/p>\n<p style=\"text-align: right;\"><a href=\"http:\/\/kinopresseservice.de\/results\">[Pressematerial]<\/a> [<a href=\"http:\/\/fsk-kino.peripherfilm.de\/peripher-filmverleih\/im-kino#results\">im Kino<\/a>]<\/p>\n<p style=\"text-align: left;\">Danny will Ver\u00e4nderung, auch der K\u00f6rper soll anders wer\u00adden und daf\u00fcr bezahlt er das Fitnessstudio gleich mal Jahre im Voraus. Das Geld daf\u00fcr hat er, weil die Mutter gestor\u00adben ist und ihm unver\u00adhofft eine gr\u00f6\u00ad\u00dfe\u00adre Summe ver\u00aderbt hat. Davon kauft er sich noch ein rie\u00adsi\u00adges Haus, eine E\u2011Gitarre und ein paar ver\u00adein\u00adzel\u00adte M\u00f6belst\u00fccke. Kate, sei\u00adne Fitnesstrainerin, hat zwar einen per\u00adfek\u00adten K\u00f6rper, aber noch kei\u00adnen pas\u00adsen\u00adden Mann gefun\u00adden. Und Trevor, dem das Fitnessstudio geh\u00f6rt, will ver\u00adgr\u00f6\u00ad\u00dfern und daf\u00fcr braucht er&nbsp;Geld.<br>\nDass der Erz\u00e4hlfluss unge\u00adw\u00f6hn\u00adli\u00adche Wege ein\u00adschl\u00e4gt, macht den Reiz die\u00adses ent\u00adspann\u00adten Films aus. Andrew Bujalski, bekannt gewor\u00adden mit klei\u00adnen, kos\u00adten\u00adg\u00fcns\u00adti\u00adgen Mumblecore-Filmen, arbei\u00adte\u00adte dies\u00admal mit pro\u00admi\u00adnen\u00adte\u00adren Schauspielern und gr\u00f6\u00ad\u00dfe\u00adrem Budget \u2013 und bleibt doch ganz eigen\u00adsin\u00adnig&nbsp;dabei.<\/p>\n<div id=\"gallery-1\" class=\"gallery galleryid-3346 gallery-columns-3 gallery-size-thumbnail\"><figure class=\"gallery-item\">\n\t\t\t<div class=\"gallery-icon landscape\">\n\t\t\t\t<a href=\"https:\/\/fsk-kino.peripherfilm.de\/wp-content\/uploads\/2015\/11\/results2.jpg\"><img loading=\"lazy\" decoding=\"async\" width=\"150\" height=\"150\" src=\"https:\/\/fsk-kino.peripherfilm.de\/wp-content\/uploads\/2015\/11\/results2-150x150.jpg\" class=\"attachment-thumbnail size-thumbnail\" alt srcset=\"https:\/\/fsk-kino.peripherfilm.de\/wp-content\/uploads\/2015\/11\/results2-150x150.jpg 150w, https:\/\/fsk-kino.peripherfilm.de\/wp-content\/uploads\/2015\/11\/results2-100x100.jpg 100w\" sizes=\"auto, (max-width: 150px) 100vw, 150px\"><\/a>\n\t\t\t<\/div><\/figure><figure class=\"gallery-item\">\n\t\t\t<div class=\"gallery-icon landscape\">\n\t\t\t\t<a href=\"https:\/\/fsk-kino.peripherfilm.de\/wp-content\/uploads\/2015\/11\/results3.jpg\"><img loading=\"lazy\" decoding=\"async\" width=\"150\" height=\"150\" src=\"https:\/\/fsk-kino.peripherfilm.de\/wp-content\/uploads\/2015\/11\/results3-150x150.jpg\" class=\"attachment-thumbnail size-thumbnail\" alt srcset=\"https:\/\/fsk-kino.peripherfilm.de\/wp-content\/uploads\/2015\/11\/results3-150x150.jpg 150w, https:\/\/fsk-kino.peripherfilm.de\/wp-content\/uploads\/2015\/11\/results3-100x100.jpg 100w\" sizes=\"auto, (max-width: 150px) 100vw, 150px\"><\/a>\n\t\t\t<\/div><\/figure><figure class=\"gallery-item\">\n\t\t\t<div class=\"gallery-icon landscape\">\n\t\t\t\t<a href=\"https:\/\/fsk-kino.peripherfilm.de\/wp-content\/uploads\/2015\/11\/results4.jpg\"><img loading=\"lazy\" decoding=\"async\" width=\"150\" height=\"150\" src=\"https:\/\/fsk-kino.peripherfilm.de\/wp-content\/uploads\/2015\/11\/results4-150x150.jpg\" class=\"attachment-thumbnail size-thumbnail\" alt srcset=\"https:\/\/fsk-kino.peripherfilm.de\/wp-content\/uploads\/2015\/11\/results4-150x150.jpg 150w, https:\/\/fsk-kino.peripherfilm.de\/wp-content\/uploads\/2015\/11\/results4-100x100.jpg 100w\" sizes=\"auto, (max-width: 150px) 100vw, 150px\"><\/a>\n\t\t\t<\/div><\/figure><figure class=\"gallery-item\">\n\t\t\t<div class=\"gallery-icon landscape\">\n\t\t\t\t<a href=\"https:\/\/fsk-kino.peripherfilm.de\/wp-content\/uploads\/2015\/11\/results5.jpg\"><img loading=\"lazy\" decoding=\"async\" width=\"150\" height=\"150\" src=\"https:\/\/fsk-kino.peripherfilm.de\/wp-content\/uploads\/2015\/11\/results5-150x150.jpg\" class=\"attachment-thumbnail size-thumbnail\" alt srcset=\"https:\/\/fsk-kino.peripherfilm.de\/wp-content\/uploads\/2015\/11\/results5-150x150.jpg 150w, https:\/\/fsk-kino.peripherfilm.de\/wp-content\/uploads\/2015\/11\/results5-100x100.jpg 100w\" sizes=\"auto, (max-width: 150px) 100vw, 150px\"><\/a>\n\t\t\t<\/div><\/figure><figure class=\"gallery-item\">\n\t\t\t<div class=\"gallery-icon landscape\">\n\t\t\t\t<a href=\"https:\/\/fsk-kino.peripherfilm.de\/wp-content\/uploads\/2015\/11\/results6.jpg\"><img loading=\"lazy\" decoding=\"async\" width=\"150\" height=\"150\" src=\"https:\/\/fsk-kino.peripherfilm.de\/wp-content\/uploads\/2015\/11\/results6-150x150.jpg\" class=\"attachment-thumbnail size-thumbnail\" alt srcset=\"https:\/\/fsk-kino.peripherfilm.de\/wp-content\/uploads\/2015\/11\/results6-150x150.jpg 150w, https:\/\/fsk-kino.peripherfilm.de\/wp-content\/uploads\/2015\/11\/results6-100x100.jpg 100w\" sizes=\"auto, (max-width: 150px) 100vw, 150px\"><\/a>\n\t\t\t<\/div><\/figure><figure class=\"gallery-item\">\n\t\t\t<div class=\"gallery-icon landscape\">\n\t\t\t\t<a href=\"https:\/\/fsk-kino.peripherfilm.de\/wp-content\/uploads\/2015\/11\/results7.jpg\"><img loading=\"lazy\" decoding=\"async\" width=\"150\" height=\"150\" src=\"https:\/\/fsk-kino.peripherfilm.de\/wp-content\/uploads\/2015\/11\/results7-150x150.jpg\" class=\"attachment-thumbnail size-thumbnail\" alt srcset=\"https:\/\/fsk-kino.peripherfilm.de\/wp-content\/uploads\/2015\/11\/results7-150x150.jpg 150w, https:\/\/fsk-kino.peripherfilm.de\/wp-content\/uploads\/2015\/11\/results7-100x100.jpg 100w\" sizes=\"auto, (max-width: 150px) 100vw, 150px\"><\/a>\n\t\t\t<\/div><\/figure><figure class=\"gallery-item\">\n\t\t\t<div class=\"gallery-icon landscape\">\n\t\t\t\t<a href=\"https:\/\/fsk-kino.peripherfilm.de\/wp-content\/uploads\/2015\/11\/results8.jpg\"><img loading=\"lazy\" decoding=\"async\" width=\"150\" height=\"150\" src=\"https:\/\/fsk-kino.peripherfilm.de\/wp-content\/uploads\/2015\/11\/results8-150x150.jpg\" class=\"attachment-thumbnail size-thumbnail\" alt srcset=\"https:\/\/fsk-kino.peripherfilm.de\/wp-content\/uploads\/2015\/11\/results8-150x150.jpg 150w, https:\/\/fsk-kino.peripherfilm.de\/wp-content\/uploads\/2015\/11\/results8-100x100.jpg 100w\" sizes=\"auto, (max-width: 150px) 100vw, 150px\"><\/a>\n\t\t\t<\/div><\/figure><figure class=\"gallery-item\">\n\t\t\t<div class=\"gallery-icon landscape\">\n\t\t\t\t<a href=\"https:\/\/fsk-kino.peripherfilm.de\/wp-content\/uploads\/2015\/11\/results9.jpg\"><img loading=\"lazy\" decoding=\"async\" width=\"150\" height=\"150\" src=\"https:\/\/fsk-kino.peripherfilm.de\/wp-content\/uploads\/2015\/11\/results9-150x150.jpg\" class=\"attachment-thumbnail size-thumbnail\" alt srcset=\"https:\/\/fsk-kino.peripherfilm.de\/wp-content\/uploads\/2015\/11\/results9-150x150.jpg 150w, https:\/\/fsk-kino.peripherfilm.de\/wp-content\/uploads\/2015\/11\/results9-100x100.jpg 100w\" sizes=\"auto, (max-width: 150px) 100vw, 150px\"><\/a>\n\t\t\t<\/div><\/figure>\n\t\t<\/div>\n\n<p><em><span class=\"caps\">USA<\/span> 2015, 105 Min., engl.&nbsp;OmU<\/em><\/p>\n<p><em>Buch und Regie: Andrew Bujalski<\/em><br>\n<em> Kamera: Matthias Grunsky<\/em><br>\n<em> Schnitt: Robin Schwartz<\/em><br>\n<em> Mit: Guy Pearce, Cobie Smulders, Kevin Corrigan u.a.<\/em><\/p>\n<p>Verleih: Peripher<\/p>\n<p><strong>Besprechung<\/strong> von Ekkehard Knoerer in der <strong><a href=\"https:\/\/www.taz.de\/!5241030\/\">taz<\/a><\/strong> (den letz\u00adten Satz mit der <span class=\"caps\">DVD<\/span> aus England bit\u00adte ignorieren)<br>\nim <strong><a href=\"http:\/\/www.filmdienst.de\/nc\/kinokritiken\/einzelansicht\/results,547622.html\">Filmdienst<br>\n<\/a><\/strong>bei<strong> <a href=\"http:\/\/www.indiekino.de\/film\/de\/results_2015\">Indiekino<\/a><\/strong><\/p>\n<p><strong>Filmografie<\/strong> von Andrew Bujalski (Auswahl):<br>\n<a href=\"http:\/\/home.snafu.de\/fsk-kino\/archiv\/computerchess.html\">Computer Chess<\/a><br>\n<a href=\"http:\/\/home.snafu.de\/fsk-kino\/archiv\/beeswax.html\">Beeswax<\/a><br>\nMutual Appreciation<br>\nFunny Ha&nbsp;Ha<\/p>\n<p><iframe loading=\"lazy\" src=\"https:\/\/player.vimeo.com\/video\/150919157\" width=\"800\" height=\"432\" frameborder=\"0\" allowfullscreen=\"allowfullscreen\"><\/iframe><\/p>\n<p><a href=\"https:\/\/vimeo.com\/150919157\">Trailer \u201eResults\u201d von Andrew Bujalski<\/a> from <a href=\"https:\/\/vimeo.com\/user47537856\">Peripher<\/a> on <a href=\"https:\/\/vimeo.com\">Vimeo<\/a>.<\/p>\n<p>Trailer down\u00adload: (<a href=\"http:\/\/peripherfilm.de\/video\/resultstrailerweb.m4v\">m4v<\/a>)<\/p>\n","protected":false},"excerpt":{"rendered":"<p>Ein Film von Andrew Bujalski. [Pressematerial] [im Kino] Danny will Ver\u00e4nderung, auch der K\u00f6rper soll anders wer\u00adden und daf\u00fcr bezahlt er das Fitnessstudio gleich mal Jahre im Voraus. Das Geld daf\u00fcr hat er, weil die Mutter gestor\u00adben ist und ihm unver\u00adhofft eine gr\u00f6\u00ad\u00dfe\u00adre Summe ver\u00aderbt hat. Davon kauft er sich noch ein rie\u00adsi\u00adges Haus,&nbsp;eine&nbsp;[\u2026]<\/p>\n","protected":false},"author":2,"featured_media":2083,"parent":3028,"menu_order":0,"comment_status":"closed","ping_status":"open","template":"","meta":{"_crdt_document":"","wp_typography_post_enhancements_disabled":false,"slim_seo":{"title":"Results - fsk Kino","description":"Ein Film von Andrew Bujalski. [Pressematerial] [ im Kino ] Danny will Ver\u00e4nderung, auch der K\u00f6rper soll anders werden und daf\u00fcr bezahlt er das Fitnessstudio gle"},"footnotes":""},"class_list":["post-3346","page","type-page","status-publish","has-post-thumbnail","hentry"],"_links":{"self":[{"href":"https:\/\/fsk-kino.peripherfilm.de\/en\/wp-json\/wp\/v2\/pages\/3346","targetHints":{"allow":["GET"]}}],"collection":[{"href":"https:\/\/fsk-kino.peripherfilm.de\/en\/wp-json\/wp\/v2\/pages"}],"about":[{"href":"https:\/\/fsk-kino.peripherfilm.de\/en\/wp-json\/wp\/v2\/types\/page"}],"author":[{"embeddable":true,"href":"https:\/\/fsk-kino.peripherfilm.de\/en\/wp-json\/wp\/v2\/users\/2"}],"replies":[{"embeddable":true,"href":"https:\/\/fsk-kino.peripherfilm.de\/en\/wp-json\/wp\/v2\/comments?post=3346"}],"version-history":[{"count":0,"href":"https:\/\/fsk-kino.peripherfilm.de\/en\/wp-json\/wp\/v2\/pages\/3346\/revisions"}],"up":[{"embeddable":true,"href":"https:\/\/fsk-kino.peripherfilm.de\/en\/wp-json\/wp\/v2\/pages\/3028"}],"wp:featuredmedia":[{"embeddable":true,"href":"https:\/\/fsk-kino.peripherfilm.de\/en\/wp-json\/wp\/v2\/media\/2083"}],"wp:attachment":[{"href":"https:\/\/fsk-kino.peripherfilm.de\/en\/wp-json\/wp\/v2\/media?parent=3346"}],"curies":[{"name":"wp","href":"https:\/\/api.w.org\/{rel}","templated":true}]}}