{"id":32301,"date":"2026-04-15T14:06:14","date_gmt":"2026-04-15T12:06:14","guid":{"rendered":"https:\/\/fsk-kino.peripherfilm.de\/?page_id=32301"},"modified":"2026-04-15T14:39:30","modified_gmt":"2026-04-15T12:39:30","slug":"special-screenings","status":"publish","type":"page","link":"https:\/\/fsk-kino.peripherfilm.de\/en\/special-screenings\/","title":{"rendered":"Special Screenings"},"content":{"rendered":"<!--W4PL_List_16512-->\n<style id=\"w4pl-css-16512\" type=\"text\/css\">.img {\n display: block;\n float: left;\n margin-right: 30px;\n}<\/style>\n<div id=\"w4pl-list-16512\" class=\"w4pl\">\n\t<div id=\"w4pl-inner-16512\" class=\"w4pl-inner\">\n\t\t<div class=\"img\"> \n<a href=\"https:\/\/fsk-kino.peripherfilm.de\/en\/gavagai\/\"><img loading=\"lazy\" decoding=\"async\" width=\"200\" height=\"200\" src=\"https:\/\/fsk-kino.peripherfilm.de\/wp-content\/uploads\/2026\/03\/gavagai5-200x200.webp\" class=\"img\" alt=\"Gavagai\" size=\"thumbnail\" srcset=\"https:\/\/fsk-kino.peripherfilm.de\/wp-content\/uploads\/2026\/03\/gavagai5-200x200.webp 200w, https:\/\/fsk-kino.peripherfilm.de\/wp-content\/uploads\/2026\/03\/gavagai5-100x100.webp 100w\" sizes=\"auto, (max-width: 200px) 100vw, 200px\"><\/a> \n<strong><a class=\"post_title w4pl_post_title\" href=\"https:\/\/fsk-kino.peripherfilm.de\/en\/gavagai\/\" title=\"View Gavagai\">Gavagai<\/a><\/strong> <div class=\"post-excerpt\">A film by Ulrich K\u00f6hler. Starts April 30th at the fsk . In French, English, German and Wolof with German sub\u00adtit\u00adles. [Credits] [Tickets <span class=\"amp\">&amp;<\/span> Termine] [Trailer] Actors Maja and Nourou have an affair while shoo\u00adting a modern adapt\u00ada\u00adti\u00adon of Medea in Senegal, but things take a dark turn after&nbsp;the\u2026<\/div> <a class=\"read_more\" href=\"https:\/\/fsk-kino.peripherfilm.de\/en\/gavagai\/\" title=\"mehr Gavagai\">mehr<\/a><br><br><hr class=\"wp-block-separator has-text-color has-accent-3-color has-alpha-channel-opacity has-accent-3-background-color has-background is-style-dots\">\n<\/div>\n<div class=\"img\"> \n<a href=\"https:\/\/fsk-kino.peripherfilm.de\/en\/luisa\/\"><img loading=\"lazy\" decoding=\"async\" width=\"200\" height=\"200\" src=\"https:\/\/fsk-kino.peripherfilm.de\/wp-content\/uploads\/2026\/03\/luisa1-200x200.webp\" class=\"img\" alt size=\"thumbnail\" srcset=\"https:\/\/fsk-kino.peripherfilm.de\/wp-content\/uploads\/2026\/03\/luisa1-200x200.webp 200w, https:\/\/fsk-kino.peripherfilm.de\/wp-content\/uploads\/2026\/03\/luisa1-100x100.webp 100w\" sizes=\"auto, (max-width: 200px) 100vw, 200px\"><\/a> \n<strong><a class=\"post_title w4pl_post_title\" href=\"https:\/\/fsk-kino.peripherfilm.de\/en\/luisa\/\" title=\"View Luisa\">Luisa<\/a><\/strong> <div class=\"post-excerpt\">A film byJulia Roesler. Starts April 23rd at the fsk. [Credits] [Tickets <span class=\"amp\">&amp;<\/span> Termine] [Trailer] Luisa&nbsp;lives in a resi\u00adden\u00adti\u00adal group at a faci\u00adli\u00adty for peo\u00adp\u00adle\u00adwi\u00adth disa\u00adbi\u00adli\u00adties on the out\u00adskirts of a small German town. It isun\u00adex\u00adpec\u00adted\u00adly dis\u00adco\u00adver\u00aded that she is pregnant. Everyone knows that her\u00adboy\u00adfri\u00adend, Anton, is infer\u00adti\u00adle. The suspicion\u2026<\/div> <a class=\"read_more\" href=\"https:\/\/fsk-kino.peripherfilm.de\/en\/luisa\/\" title=\"mehr Luisa\">mehr<\/a><br><br><hr class=\"wp-block-separator has-text-color has-accent-3-color has-alpha-channel-opacity has-accent-3-background-color has-background is-style-dots\">\n<\/div>\n<div class=\"img\"> \n<a href=\"https:\/\/fsk-kino.peripherfilm.de\/en\/die-liebe-der-kinder\/\"><img loading=\"lazy\" decoding=\"async\" width=\"200\" height=\"200\" src=\"https:\/\/fsk-kino.peripherfilm.de\/wp-content\/uploads\/2026\/03\/dieliebederkinder-200x200.webp\" class=\"img\" alt=\"Die Liebe der Kinder\" size=\"thumbnail\" srcset=\"https:\/\/fsk-kino.peripherfilm.de\/wp-content\/uploads\/2026\/03\/dieliebederkinder-200x200.webp 200w, https:\/\/fsk-kino.peripherfilm.de\/wp-content\/uploads\/2026\/03\/dieliebederkinder-100x100.webp 100w\" sizes=\"auto, (max-width: 200px) 100vw, 200px\"><\/a> \n<strong><a class=\"post_title w4pl_post_title\" href=\"https:\/\/fsk-kino.peripherfilm.de\/en\/die-liebe-der-kinder\/\" title=\"View Die Liebe der Kinder\">Die Liebe der Kinder<\/a><\/strong> <div class=\"post-excerpt\">Sorry, this ent\u00adry is only available in Deutsch. Ein Film von Franz M\u00fcller. Am 19.4. 13:30Uhr in Anwesenheit von Franz M\u00fcller. im fsk. [Credits] [Tickets <span class=\"amp\">&amp;<\/span> Termine] [Trailer] Maren und Robert ler\u00adnen sich durchs Internet ken\u00adnen, ver\u00adlie\u00adben sich, obwohl sie sehr unter\u00adschied\u00adlich sind. Sie sind schon etwas \u00e4lter und&nbsp;haben\u2026<\/div> <a class=\"read_more\" href=\"https:\/\/fsk-kino.peripherfilm.de\/en\/die-liebe-der-kinder\/\" title=\"mehr Die Liebe der Kinder\">mehr<\/a><br><br><hr class=\"wp-block-separator has-text-color has-accent-3-color has-alpha-channel-opacity has-accent-3-background-color has-background is-style-dots\">\n<\/div>\n<div class=\"img\"> \n<a href=\"https:\/\/fsk-kino.peripherfilm.de\/en\/pociagi-trains\/\"><img loading=\"lazy\" decoding=\"async\" width=\"200\" height=\"200\" src=\"https:\/\/fsk-kino.peripherfilm.de\/wp-content\/uploads\/2026\/04\/trains5-200x200.webp\" class=\"img\" alt size=\"thumbnail\" srcset=\"https:\/\/fsk-kino.peripherfilm.de\/wp-content\/uploads\/2026\/04\/trains5-200x200.webp 200w, https:\/\/fsk-kino.peripherfilm.de\/wp-content\/uploads\/2026\/04\/trains5-100x100.webp 100w\" sizes=\"auto, (max-width: 200px) 100vw, 200px\"><\/a> \n<strong><a class=\"post_title w4pl_post_title\" href=\"https:\/\/fsk-kino.peripherfilm.de\/en\/pociagi-trains\/\" title=\"View filmPOLSKA reloaded \u2013 Poci\u0105gi \/ Trains\">filmPOLSKA rel\u00adoa\u00added \u2013 Poci\u0105gi \/ Trains<\/a><\/strong> <div class=\"post-excerpt\">Sorry, this ent\u00adry is only available in Deutsch. am 29.4.. 18:00 im fsk. Einf\u00fchrung: Bartek Tesarz (Polnisches Institut Berlin) [Tickets] Poci\u0105gi \/ TrainsPL\/<span class=\"caps\">LT<\/span> <span class=\"caps\">2024R<\/span>\/B: Maciej Drygas80 min, oTS: Rafa\u0142 ListopadM: Pawe\u0142 Szyma\u0144ski Hitze und Unmengen von Stahl in einer gro\u00ad\u00dfen Werkhalle. Eine schwe\u00adre Dampflok wird zusam\u00admen\u00adge\u00adsetzt und auf die Schienen\u2026<\/div> <a class=\"read_more\" href=\"https:\/\/fsk-kino.peripherfilm.de\/en\/pociagi-trains\/\" title=\"mehr filmPOLSKA reloaded \u2013 Poci\u0105gi \/ Trains\">mehr<\/a><br><br><hr class=\"wp-block-separator has-text-color has-accent-3-color has-alpha-channel-opacity has-accent-3-background-color has-background is-style-dots\">\n<\/div>\n\t<\/div><!--#w4pl-inner-16512-->\n<\/div><!--#w4pl-16512-->\n<!--END_W4PL_List_16512-->\n\n","protected":false},"excerpt":{"rendered":"","protected":false},"author":2,"featured_media":0,"parent":0,"menu_order":0,"comment_status":"closed","ping_status":"closed","template":"","meta":{"_crdt_document":"{\"document\":\"AACYAqLIh\/gdk6bXhRfH8dylAQeiyIf4HYfx3KUBosiH+B3H8dylAQGTpteFF670i5oak6bXhReiyIf4HYfx3KUBosiH+B2H8dylAaLIh\/gdh\/HcpQHiyIf4HQGu9IuaGqLIh\/gdrvSLmhriyIf4HQGu9IuaGqLIh\/gdh\/HcpQHTpteFFx6cqLjTCZOm14UXt5GV4gSH8dylAbeRleIEh\/HcpQG3kZXiBIfx3KUB95GV4gQDrvSLmhq3kZXiBJOm14UXrvSLmhqH8dylAa70i5oah\/HcpQGu9IuaGofx3KUB7vSLmhoBt5GV4gSu9IuaGreRleIErvSLmhqH8dylAdOm14UXAcfx3KUBCZOm14UXx\/HcpQEHk6bXhRdgmgPiAggEJNgBAg4CLIwC4gIIBHQkAmQoOu4BCA4GAgQSDBIBAAjSAQ4GAgQSDALEAYYBkALiAggEdAIylgLiAggESmoCUJoB1gEBAQgASAJCBgKMA+QCAgYDASQDALADKSQWCAQkAQDoAQQCBAYBAAIATAgOBgIEEgwq8AEEAgQGAlIUBgIeAQAmdygAwQaoAiEAwQTEAMECgQAhAicAAQCBBicBIQAoAycAKAAhACgAJwABAAAAQQDBBgAAQQCBAKgAAQAhAMQFhAAhAMEDxAHBACEAqAFHACEAKAAhACcAIQEnAKgAKACoACgBIQGBAIQAgQCEAIEAhACBAYQAgQCE2gSVBHN0YXRldmVyc2lvbnN0YXRldmVyc2lvbmVzdGF0ZXZlcnNpb25kb2N1bWVudGRhdGVkb2N1bWVudHN0YXR1c2RvY3VtZW50dGl0bGVkb2N1bWVudGNvbnRlbnRkb2N1bWVudGV4Y2VycHRkb2N1bWVudGF1dGhvcmRvY3VtZW50ZmVhdHVyZWRfbWVkaWFkb2N1bWVudGNvbW1lbnRfc3RhdHVzZG9jdW1lbnRwaW5nX3N0YXR1c2RvY3VtZW50dGVtcGxhdGVkb2N1bWVudG1ldGF3cF90eXBvZ3JhcGh5X3Bvc3RfZW5oYW5jZW1lbnRzX2Rpc2FibGVkc2xpbV9zZW9mb290bm90ZXNkb2N1bWVudGJsb2Nrc3N0YXRldmVyc2lvblZvcmbDvGhydW5nbiBtdEfDpHN0IG9kZXIgUHJldmV3IC4uLnN0YXRldmVyc2lvbm5pc3RhdGV2ZXJzaW9uY2xpZW50SWRpc1ZhbGlkbmFtZWF0dHJpYnV0ZXNjb250ZW50ZHJvcENhcGlubmVyQmxvY2tzb3JpZ2luYWxDb250ZW50dGV4dGRvY3VtZW50c2x1Z3N0YXRlc2F2ZWRBdHN0YXRlc2F2ZWRCeWVpIHM8IS0tIHdwOnNob3J0Y29kZSAtLT4KW3Bvc3RsaXN0IGlkPTE2NTEyXQo8IS0tIC93cDpzaG9ydGNvZGUgLS0+BQcFBwEFBwgECAYIBQgHCAcIBggOCA4IC0gBBCgICQgGBQcKAwEECgIEBQdBAAUHCAcECkcACw8ECAQFBwUHQQKAAREBBQAAAQcAAgEAAAEBAgAIAQdCAQEAQQAAOgECAUIAQQACQQIKAwEECEEBBEEBBAcDAQIJBkEIBwFDAAgBBAEKAwESAYABQQACAUIBQQ0KAwESAQQGCwB9AXtCedkRN7TQAHtB7fAeREAAAH0CCwAnAH0AdwZjbG9zZWR3BmNsb3NlZHcAeXcAdwdwdWJsaXNoCAAIAB0AdxMyMDI2LTA0LTE1VDE0OjA2OjE0dgIFdGl0bGV3O1s6ZGVdZmlsbVBPTFNLQSByZWxvYWRlZCAtIEZsb3dlcnMgT2YgVWtyYWluZVs6XSAtIGZzayBLaW5vC2Rlc2NyaXB0aW9ud6ABWzpkZV0gS3dpYXR5IFVrcmFpbnkgLyBGbG93ZXJzIE9mIFVrcmFpbmUgYW0gMjUuMi4gMTg6MDAgaW0gZnNrIFsgVGlja2V0cyBdIFVLUi9QTCAyMDI0IFI6IEFkZWxpbmEgQm9yZXRzIDcwIG1pbiwgT21lVSBLOiBCb2hkYW4gUm96dW1ueWkgJmFtcDsgQm9nZGFuIEJvcnlzZW5rb3h3JDdiOGE2MDg2LThmZTEtNDg5MC1iOTI1LTI2NjdhMjY1ODMwM3cTW3Bvc3RsaXN0IGlkPTE2NTEyXXcOY29yZS9zaG9ydGNvZGV3E1twb3N0bGlzdCBpZD0xNjUxMl13EnNwZWNpYWwtc2NyZWVuaW5ncwai5IP8DgEBCq76hY0NAgAaAQaT0+vCCwYAAgEgAgAGAAI8AT+clNzpBAEAAPfIirECAgAHAgHHuO5SCQAAAwABAAEBBgsBAgEAARIBAw==\",\"updateId\":143539278}","wp_typography_post_enhancements_disabled":false,"slim_seo":{"title":"Pociagi \/ Trains - fsk Kino","description":"Hitze und Unmengen von Stahl in einer gro\u00dfen Werkhalle. Eine schwere Dampflok wird zusammengesetzt und auf die Schienen gestellt. Waggons werden angekoppelt, de"},"footnotes":""},"class_list":["post-32301","page","type-page","status-publish","hentry"],"_links":{"self":[{"href":"https:\/\/fsk-kino.peripherfilm.de\/en\/wp-json\/wp\/v2\/pages\/32301","targetHints":{"allow":["GET"]}}],"collection":[{"href":"https:\/\/fsk-kino.peripherfilm.de\/en\/wp-json\/wp\/v2\/pages"}],"about":[{"href":"https:\/\/fsk-kino.peripherfilm.de\/en\/wp-json\/wp\/v2\/types\/page"}],"author":[{"embeddable":true,"href":"https:\/\/fsk-kino.peripherfilm.de\/en\/wp-json\/wp\/v2\/users\/2"}],"replies":[{"embeddable":true,"href":"https:\/\/fsk-kino.peripherfilm.de\/en\/wp-json\/wp\/v2\/comments?post=32301"}],"version-history":[{"count":3,"href":"https:\/\/fsk-kino.peripherfilm.de\/en\/wp-json\/wp\/v2\/pages\/32301\/revisions"}],"predecessor-version":[{"id":32305,"href":"https:\/\/fsk-kino.peripherfilm.de\/en\/wp-json\/wp\/v2\/pages\/32301\/revisions\/32305"}],"wp:attachment":[{"href":"https:\/\/fsk-kino.peripherfilm.de\/en\/wp-json\/wp\/v2\/media?parent=32301"}],"curies":[{"name":"wp","href":"https:\/\/api.w.org\/{rel}","templated":true}]}}