{"id":3185,"date":"2016-04-23T11:06:42","date_gmt":"2016-04-23T09:06:42","guid":{"rendered":"http:\/\/fsk-kino.peripherfilm.de\/?p=3185"},"modified":"2021-10-26T20:00:26","modified_gmt":"2021-10-26T18:00:26","slug":"petting-zoo","status":"publish","type":"page","link":"https:\/\/fsk-kino.peripherfilm.de\/en\/peripher-filmverleih\/petting-zoo\/","title":{"rendered":"Petting Zoo"},"content":{"rendered":"<p>Ein Film von Micah&nbsp;Magee.<\/p>\n<p style=\"text-align: right;\">[<a href=\"http:\/\/fsk-kino.peripherfilm.de\/peripher-filmverleih\/im-kino#pettingzoo\">im Kino<\/a>] [<a href=\"http:\/\/fsk-kino.peripherfilm.de\/pressematerial-petting-zoo\/\">Pressezone<\/a>]<\/p>\n<p>Layla steht kurz vor ihrem Schulabschluss, als sie erf\u00e4hrt, dass sie schwan\u00adger ist. Ihren Freund hat sie gera\u00adde ver\u00adlas\u00adsen und weil sich ihre Familie wei\u00adgert, einer Abtreibung zuzu\u00adstim\u00admen, f\u00fcgt sich Layla in ihre Situation und l\u00e4sst den Plan, auf\u00ad\u2019s College zu gehen, fal\u00adlen. Weil es zwi\u00adschen ihr und den Eltern nicht funk\u00adtio\u00adniert, zieht sie zur Gro\u00dfmutter, wo auch der Onkel mit sei\u00adner Familie lebt. Sie h\u00e4lt sich mit einem Job in einem Call Center \u00fcber Wasser und lernt neben\u00adbei f\u00fcr ihre Abschlusspr\u00fcfungen. Auf einem Konzert wirft Layla einen Blick auf Aaron, der so ganz anders ist als der Junge, von dem sie schwan\u00adger&nbsp;ist.<\/p>\n<p>Mit genau\u00adem und empa\u00adthi\u00adschem Blick erz\u00e4hlt <span class=\"caps\">PETTING<\/span> <span class=\"caps\">ZOO<\/span> davon, wie es sich anf\u00fchlt, als Minderj\u00e4hrige aus der Bahn gewor\u00adfen zu wer\u00adden. Dabei ent\u00adsteht nicht nur eine gro\u00ad\u00dfe N\u00e4he zur Hauptfigur Layla, son\u00addern auch zu den ande\u00adren Figuren. <span class=\"caps\">PETTING<\/span> <span class=\"caps\">ZOO<\/span> ist Micah Magees Abschlussfilm, ko-pro\u00addu\u00adziert unter ande\u00adrem von der dffb und der grie\u00adchi\u00adschen Regisseurin Athina Rachel Tsangari und gedreht in einem Vorort von San Antonio, Texas \u2013 der Stadt mit der zweit\u00adh\u00f6chs\u00adten Rate von Teenagerschwangerschaften in den&nbsp;<span class=\"caps\">USA<\/span>.<\/p>\n<div id=\"gallery-2\" class=\"gallery galleryid-3185 gallery-columns-3 gallery-size-thumbnail\"><figure class=\"gallery-item\">\n\t\t\t<div class=\"gallery-icon landscape\">\n\t\t\t\t<a href=\"https:\/\/fsk-kino.peripherfilm.de\/wp-content\/uploads\/2016\/03\/PettingZoo10web.jpg\"><img loading=\"lazy\" decoding=\"async\" width=\"150\" height=\"150\" src=\"https:\/\/fsk-kino.peripherfilm.de\/wp-content\/uploads\/2016\/03\/PettingZoo10web-150x150.jpg\" class=\"attachment-thumbnail size-thumbnail\" alt srcset=\"https:\/\/fsk-kino.peripherfilm.de\/wp-content\/uploads\/2016\/03\/PettingZoo10web-150x150.jpg 150w, https:\/\/fsk-kino.peripherfilm.de\/wp-content\/uploads\/2016\/03\/PettingZoo10web-100x100.jpg 100w\" sizes=\"auto, (max-width: 150px) 100vw, 150px\"><\/a>\n\t\t\t<\/div><\/figure><figure class=\"gallery-item\">\n\t\t\t<div class=\"gallery-icon landscape\">\n\t\t\t\t<a href=\"https:\/\/fsk-kino.peripherfilm.de\/wp-content\/uploads\/2016\/03\/PettingZoo09web.jpg\"><img loading=\"lazy\" decoding=\"async\" width=\"150\" height=\"150\" src=\"https:\/\/fsk-kino.peripherfilm.de\/wp-content\/uploads\/2016\/03\/PettingZoo09web-150x150.jpg\" class=\"attachment-thumbnail size-thumbnail\" alt srcset=\"https:\/\/fsk-kino.peripherfilm.de\/wp-content\/uploads\/2016\/03\/PettingZoo09web-150x150.jpg 150w, https:\/\/fsk-kino.peripherfilm.de\/wp-content\/uploads\/2016\/03\/PettingZoo09web-100x100.jpg 100w\" sizes=\"auto, (max-width: 150px) 100vw, 150px\"><\/a>\n\t\t\t<\/div><\/figure><figure class=\"gallery-item\">\n\t\t\t<div class=\"gallery-icon landscape\">\n\t\t\t\t<a href=\"https:\/\/fsk-kino.peripherfilm.de\/wp-content\/uploads\/2016\/03\/PettingZoo12web.jpg\"><img loading=\"lazy\" decoding=\"async\" width=\"150\" height=\"150\" src=\"https:\/\/fsk-kino.peripherfilm.de\/wp-content\/uploads\/2016\/03\/PettingZoo12web-150x150.jpg\" class=\"attachment-thumbnail size-thumbnail\" alt srcset=\"https:\/\/fsk-kino.peripherfilm.de\/wp-content\/uploads\/2016\/03\/PettingZoo12web-150x150.jpg 150w, https:\/\/fsk-kino.peripherfilm.de\/wp-content\/uploads\/2016\/03\/PettingZoo12web-100x100.jpg 100w\" sizes=\"auto, (max-width: 150px) 100vw, 150px\"><\/a>\n\t\t\t<\/div><\/figure><figure class=\"gallery-item\">\n\t\t\t<div class=\"gallery-icon landscape\">\n\t\t\t\t<a href=\"https:\/\/fsk-kino.peripherfilm.de\/wp-content\/uploads\/2016\/03\/PettingZoo04web.jpg\"><img loading=\"lazy\" decoding=\"async\" width=\"150\" height=\"150\" src=\"https:\/\/fsk-kino.peripherfilm.de\/wp-content\/uploads\/2016\/03\/PettingZoo04web-150x150.jpg\" class=\"attachment-thumbnail size-thumbnail\" alt srcset=\"https:\/\/fsk-kino.peripherfilm.de\/wp-content\/uploads\/2016\/03\/PettingZoo04web-150x150.jpg 150w, https:\/\/fsk-kino.peripherfilm.de\/wp-content\/uploads\/2016\/03\/PettingZoo04web-100x100.jpg 100w\" sizes=\"auto, (max-width: 150px) 100vw, 150px\"><\/a>\n\t\t\t<\/div><\/figure><figure class=\"gallery-item\">\n\t\t\t<div class=\"gallery-icon landscape\">\n\t\t\t\t<a href=\"https:\/\/fsk-kino.peripherfilm.de\/wp-content\/uploads\/2016\/03\/PettingZoo06web.jpg\"><img loading=\"lazy\" decoding=\"async\" width=\"150\" height=\"150\" src=\"https:\/\/fsk-kino.peripherfilm.de\/wp-content\/uploads\/2016\/03\/PettingZoo06web-150x150.jpg\" class=\"attachment-thumbnail size-thumbnail\" alt srcset=\"https:\/\/fsk-kino.peripherfilm.de\/wp-content\/uploads\/2016\/03\/PettingZoo06web-150x150.jpg 150w, https:\/\/fsk-kino.peripherfilm.de\/wp-content\/uploads\/2016\/03\/PettingZoo06web-100x100.jpg 100w\" sizes=\"auto, (max-width: 150px) 100vw, 150px\"><\/a>\n\t\t\t<\/div><\/figure><figure class=\"gallery-item\">\n\t\t\t<div class=\"gallery-icon landscape\">\n\t\t\t\t<a href=\"https:\/\/fsk-kino.peripherfilm.de\/wp-content\/uploads\/2016\/03\/PettingZoo01web.jpg\"><img loading=\"lazy\" decoding=\"async\" width=\"150\" height=\"150\" src=\"https:\/\/fsk-kino.peripherfilm.de\/wp-content\/uploads\/2016\/03\/PettingZoo01web-150x150.jpg\" class=\"attachment-thumbnail size-thumbnail\" alt srcset=\"https:\/\/fsk-kino.peripherfilm.de\/wp-content\/uploads\/2016\/03\/PettingZoo01web-150x150.jpg 150w, https:\/\/fsk-kino.peripherfilm.de\/wp-content\/uploads\/2016\/03\/PettingZoo01web-100x100.jpg 100w\" sizes=\"auto, (max-width: 150px) 100vw, 150px\"><\/a>\n\t\t\t<\/div><\/figure><figure class=\"gallery-item\">\n\t\t\t<div class=\"gallery-icon landscape\">\n\t\t\t\t<a href=\"https:\/\/fsk-kino.peripherfilm.de\/wp-content\/uploads\/2016\/03\/PettingZoo02web.jpg\"><img loading=\"lazy\" decoding=\"async\" width=\"150\" height=\"150\" src=\"https:\/\/fsk-kino.peripherfilm.de\/wp-content\/uploads\/2016\/03\/PettingZoo02web-150x150.jpg\" class=\"attachment-thumbnail size-thumbnail\" alt srcset=\"https:\/\/fsk-kino.peripherfilm.de\/wp-content\/uploads\/2016\/03\/PettingZoo02web-150x150.jpg 150w, https:\/\/fsk-kino.peripherfilm.de\/wp-content\/uploads\/2016\/03\/PettingZoo02web-100x100.jpg 100w\" sizes=\"auto, (max-width: 150px) 100vw, 150px\"><\/a>\n\t\t\t<\/div><\/figure><figure class=\"gallery-item\">\n\t\t\t<div class=\"gallery-icon landscape\">\n\t\t\t\t<a href=\"https:\/\/fsk-kino.peripherfilm.de\/wp-content\/uploads\/2016\/03\/PettingZoo05web.jpg\"><img loading=\"lazy\" decoding=\"async\" width=\"150\" height=\"150\" src=\"https:\/\/fsk-kino.peripherfilm.de\/wp-content\/uploads\/2016\/03\/PettingZoo05web-150x150.jpg\" class=\"attachment-thumbnail size-thumbnail\" alt srcset=\"https:\/\/fsk-kino.peripherfilm.de\/wp-content\/uploads\/2016\/03\/PettingZoo05web-150x150.jpg 150w, https:\/\/fsk-kino.peripherfilm.de\/wp-content\/uploads\/2016\/03\/PettingZoo05web-100x100.jpg 100w\" sizes=\"auto, (max-width: 150px) 100vw, 150px\"><\/a>\n\t\t\t<\/div><\/figure><figure class=\"gallery-item\">\n\t\t\t<div class=\"gallery-icon landscape\">\n\t\t\t\t<a href=\"https:\/\/fsk-kino.peripherfilm.de\/wp-content\/uploads\/2016\/03\/PettingZoo07web.jpg\"><img loading=\"lazy\" decoding=\"async\" width=\"150\" height=\"150\" src=\"https:\/\/fsk-kino.peripherfilm.de\/wp-content\/uploads\/2016\/03\/PettingZoo07web-150x150.jpg\" class=\"attachment-thumbnail size-thumbnail\" alt srcset=\"https:\/\/fsk-kino.peripherfilm.de\/wp-content\/uploads\/2016\/03\/PettingZoo07web-150x150.jpg 150w, https:\/\/fsk-kino.peripherfilm.de\/wp-content\/uploads\/2016\/03\/PettingZoo07web-100x100.jpg 100w\" sizes=\"auto, (max-width: 150px) 100vw, 150px\"><\/a>\n\t\t\t<\/div><\/figure><figure class=\"gallery-item\">\n\t\t\t<div class=\"gallery-icon landscape\">\n\t\t\t\t<a href=\"https:\/\/fsk-kino.peripherfilm.de\/wp-content\/uploads\/2016\/03\/PettingZoo08web.jpg\"><img loading=\"lazy\" decoding=\"async\" width=\"150\" height=\"150\" src=\"https:\/\/fsk-kino.peripherfilm.de\/wp-content\/uploads\/2016\/03\/PettingZoo08web-150x150.jpg\" class=\"attachment-thumbnail size-thumbnail\" alt srcset=\"https:\/\/fsk-kino.peripherfilm.de\/wp-content\/uploads\/2016\/03\/PettingZoo08web-150x150.jpg 150w, https:\/\/fsk-kino.peripherfilm.de\/wp-content\/uploads\/2016\/03\/PettingZoo08web-100x100.jpg 100w\" sizes=\"auto, (max-width: 150px) 100vw, 150px\"><\/a>\n\t\t\t<\/div><\/figure><figure class=\"gallery-item\">\n\t\t\t<div class=\"gallery-icon landscape\">\n\t\t\t\t<a href=\"https:\/\/fsk-kino.peripherfilm.de\/wp-content\/uploads\/2016\/03\/PettingZoo03web.jpg\"><img loading=\"lazy\" decoding=\"async\" width=\"150\" height=\"150\" src=\"https:\/\/fsk-kino.peripherfilm.de\/wp-content\/uploads\/2016\/03\/PettingZoo03web-150x150.jpg\" class=\"attachment-thumbnail size-thumbnail\" alt srcset=\"https:\/\/fsk-kino.peripherfilm.de\/wp-content\/uploads\/2016\/03\/PettingZoo03web-150x150.jpg 150w, https:\/\/fsk-kino.peripherfilm.de\/wp-content\/uploads\/2016\/03\/PettingZoo03web-100x100.jpg 100w\" sizes=\"auto, (max-width: 150px) 100vw, 150px\"><\/a>\n\t\t\t<\/div><\/figure>\n\t\t<\/div>\n\n<hr>\n<p><strong>Micah Magee \u00fcber ihren&nbsp;Film:<\/strong><\/p>\n<p><em>San Antonio<\/em><br>\n<span class=\"caps\">PETTING<\/span> <span class=\"caps\">ZOO<\/span> wur\u00adde in San Antonio, Texas an den Orten mei\u00adner Kindheit, gedreht. Da wo mei\u00adne Cousinen im Teenageralter jetzt leben: Schulen ent\u00adwor\u00adfen von Gef\u00e4ngnisarchitekten, Wohnmobile, Rock-Bars, ver\u00adlas\u00adse\u00adne halb\u00adfer\u00adti\u00adge Stadtteile,&nbsp;<strong><\/strong><\/p><div class=\"show_more\"><p class=\"wpsm-show\" style=\"color: #0066CC; font-size: 100%; text-align: left;\"><span class=\"dquo\">\u00bb<\/span> wei\u00adter\u00adle\u00adsen<\/p><div class=\"wpsm-content\">Gewerbegebiete zwi\u00adschen den Feldern. Ich woll\u00adte die unter\u00adschied\u00adli\u00adchen Menschen im Film und den Ort an sich her\u00advor\u00adhe\u00adben. Ich den\u00adke, wenn man sich die Eigenheiten einer Gemeinschaft oder eines Ortes super\u00adge\u00adnau ansieht, dann k\u00f6n\u00adnen ande\u00adre Orte auch was damit anfan\u00adgen. Durch das Genaue und \u00d6rtliche erreicht man was Allgemeing\u00fcltiges.\n<p><em>Petting Zoo<\/em><br>\nIn San Antonio bin ich damals zu Fu\u00df den Highway ent\u00adlang zur Arbeit gelau\u00adfen. Als Fu\u00dfg\u00e4nger lebt man in St\u00e4dten wie S.A. eher aben\u00adteu\u00ader\u00adlich. Es gab einen klei\u00adnen Streichelzoo auf dem Weg zwi\u00adschen unse\u00adrem Haus und dem Highway mit einem leicht lah\u00admen Lama, einem Esel, einem statt\u00adli\u00adchen Hahn und ein paar halb\u00adgro\u00ad\u00dfen Pferden in einem Pferch. Das Lama und der Esel ver\u00adsuch\u00adten st\u00e4n\u00addig zu kopu\u00adlie\u00adren, wahr\u00adschein\u00adlich weil es nichts Besseres zu tun gab. Einmal, als ich vor\u00adbei\u00adkam, stopp\u00adte die\u00adses rote Cabrio\u00adlet und eine gut\u00adaus\u00adse\u00adhen\u00adde blon\u00adde Frau stieg mit ihrem gut\u00adaus\u00adse\u00adhen\u00adden, son\u00adnen\u00adbe\u00adbrill\u00adten Freund aus. Sie woll\u00adte das Lama strei\u00adcheln, auf dem aber immer noch der Esel hock\u00adte. Sie und ihr Freund tur\u00adtel\u00adten der\u00adweil. Ich ging da ein\u00adfach vor\u00adbei, aber die all\u00adge\u00admei\u00adne Kaputtheit die\u00adser Szene blieb mir erhal\u00adten. F\u00fcr mich bezieht sich <span class=\"caps\">PETTING<\/span> <span class=\"caps\">ZOO<\/span> auf Sex und irgend\u00adwo ste\u00adcken\u00adblei\u00adben, aber hat auch was Verspieltes.<\/p>\n<p><em>Film als Ballade<\/em><br>\nFilmsprache und Sprache an sich, sind mir wich\u00adtig. Dramaturgie ist mir egal, dar\u00adum folgt <span class=\"caps\">PETTING<\/span> <span class=\"caps\">ZOO<\/span> auch nicht so sehr einer stren\u00adgen Zeitfolge. Er ist eher bal\u00adla\u00adden\u00adar\u00adtig, wo Dinge gesche\u00adhen, weil sie nun\u00admal eben gesche\u00adhen und nicht weil sie f\u00fcr eine sch\u00f6\u00adne Geschichte wich\u00adtig sind. Meine Eltern san\u00adgen viel als ich auf\u00adwuchs. Sehr lan\u00adge Lieder mit Geschichten und ich den\u00adke, die\u00adse Struktur ent\u00adspricht ziem\u00adlich gut dem Leben: und dann, und dann, und&nbsp;dann.<br>\nSehr sel\u00adten, au\u00dfer in einer fik\u00adtio\u00adna\u00adlen Konstruktion oder beim Gespr\u00e4ch mit dem Analytiker, gibt es die\u00adses \u201ewenn \u2013 dann\u201d, \u201es\u00e4hen und ern\u00adten\u201d oder ein klar ver\u00adst\u00e4nd\u00adli\u00adches \u201edes\u00adwe\u00adgen\u201d. Ich mag Trickfilme in de\u00adnen Leuten das Piano auf den Kopf f\u00e4llt. Das scheint mir ziem\u00adlich realistisch.<\/p>\n<p><em>Statistisch Ausgedr\u00fcckt<\/em><br>\nIch habe die meis\u00adte Zeit in den letz\u00adten Jahren in Europa gelebt, trotz\u00addem: Ich lie\u00adbe Texas \u2013 ich bin voll die Texas-Nationalistin. Weil ich es so lie\u00adbe, h\u00e4t\u00adte ich ger\u00adne wenn sich ein paar Dinge dort \u00e4ndern.<br>\nSeit vie\u00adlen Jahren schl\u00e4gt sich Texas mit Themen wie Geschlechterselbstbestimmung, frau\u00aden\u00adspe\u00adzi\u00adfi\u00adsche Gesundheitsthemen, glei\u00adcher Lohn und Fr\u00fcherziehung rum. Als ich an mei\u00adnem Drehbuch arbei\u00adte\u00adte, fand ich eini\u00adge erstaun\u00adli\u00adche Unterlagen. 2011 hat\u00adte San Antonia die zweit\u00adh\u00f6chs\u00adte Teenagerschwangerschafts\u00adrate aller St\u00e4dte in den <span class=\"caps\">USA<\/span> \u2013 \u00fcber 50% h\u00f6her als der natio\u00adna\u00adle Durchschnitt. Statistisch betrach\u00adtet hat eine texa\u00adni\u00adsche Teenagerin mehr und fr\u00fc\u00adher Sex und den mit mehr Partnern als der Rest der <span class=\"caps\">USA<\/span> \u2013 aber benutzt wesent\u00adlich sel\u00adte\u00adner ein Kondom. Jedes Jahr gibt es 4000 neue schwan\u00adge\u00adre Teenager in San An\u00adtonio. Laut einem Report von 2011 geben 94% der \u00f6ffent\u00adli\u00adchen Schulen im Aufkl\u00e4rungsunterricht Absti\u00adnenz als die ein\u00adzi\u00adge Verh\u00fctungsmethode an.<\/p>\n<p><em>Unbetreute Erkundungen<\/em><br>\nIch will wirk\u00adlich nie\u00adman\u00addem erkl\u00e4\u00adren, was man \u00fcber die Rechte von M\u00e4dchen, Teenagerschwanger-schaf\u00ad\u00adten oder Abtreibung den\u00adken soll\u00adte \u2013 aber ich hof\u00adfe, der Film gene\u00adriert eine posi\u00adti\u00adve, vom gemein\u00adsa\u00admen Respekt getra\u00adge\u00adne Diskussion dar\u00ad\u00fcber. Als Teenagerin hat man manch\u00admal Sex ohne viel dar\u00ad\u00fcber zu wis\u00adsen. Der eige\u00adne K\u00f6rper wird gera\u00adde erst ent\u00addeckt. Sex ist f\u00fcr einen ein st\u00e4n\u00addi\u00adges Thema. Es ist neu, es ist \u00fcber\u00adall. Kindern wird zu oft erz\u00e4hlt, Sex sei etwas Schlimmes, wovor man Angst haben soll\u00adte. Und so blei\u00adben sie unauf\u00adge\u00adkl\u00e4rt und allein\u00adge\u00adlas\u00adsen mit den Konsequenzen ihrer eige\u00adnen Erfahrungen.<\/p>\n<p><em>Dieses beun\u00adru\u00adhi\u00adgen\u00adde Gef\u00fchl<\/em><br>\nIch woll\u00adte <span class=\"caps\">PETTING<\/span> <span class=\"caps\">ZOO<\/span> mit einem Element, da\u00df mir sehr wich\u00adtig ist, durch\u00adwe\u00adben: Dieses Gef\u00fchl, wenn man auf\u00adwacht und sich nicht sicher ist, ob man gera\u00adde ver\u00adgisst wer man ist. Vielleicht ist man woan\u00adders rea\u00adler und man ver\u00adgisst das Wichtigste. Was ist das Wichtigste? Irgendwas ent\u00adglei\u00adtet dir. Es ist ein beun\u00adruhigendes Gef\u00fchl. Besonders zusam\u00admen mit dem Gef\u00fchl da\u00df das Leben dich durch Zeit und Raum jagt und zwar in eine frag\u00adw\u00fcr\u00addi\u00adge Richtung.<\/p>\n<p><em>Schwangere Teenager<\/em><br>\nDa ich sel\u00adber als Teenager schwan\u00adger war, woll\u00adte ich die\u00adse Geschichte eher mit Mitgef\u00fchl und aus der Erfahrung her\u00adaus, als aus einem poli\u00adti\u00adschen Blickwinkel erz\u00e4h\u00adlen. Ich woll\u00adte den Schwerpunkt, unab\u00adh\u00e4ngig von der Entscheidung der jun\u00adgen Frau, auf ihre M\u00f6glichkeiten als Mutter, oder was auch immer sie w\u00e4hlt, set\u00adzen und nicht auf das Bedauern \u00fcber den \u201eFehler\u201d, den sie gemacht hat oder die Belastung, die sie nun f\u00fcr die Gesellschaft dar\u00adstellt. Das Teenagerdasein ist an sich schon schwie\u00adrig genug. Bei einer Schwangerschaft \u00e4ndert sich der K\u00f6rper noch\u00admals komplett.<\/p>\n<p><em>Devon Keller als&nbsp;Layla<\/em><br>\nUm die rich\u00adti\u00adge Layla zu fin\u00adden gab es ein rie\u00adsi\u00adges Casting. Zus\u00e4tzlich zu den gro\u00ad\u00dfen Castings mit Freun\u00adden in <span class=\"caps\">NY<\/span> und <span class=\"caps\">LA<\/span> gab es vie\u00adle Streetcastings. Da unse\u00adre Casting-Leiterin Vicky Boone sonst bei gr\u00f6\u00ad\u00dferen Projekten arbei\u00adtet, gab es eine gro\u00ad\u00dfe Resonanz: etwa 1000 M\u00e4dchen. Zum ers\u00adten Mal sah ich De\u00advon Keller als ich mich bei einer Modenschau an mei\u00adner Highschool Clarke umge\u00adse\u00adhen habe und sie einen Taco-Bell Burrito gewon\u00adnen hat. Sie sa\u00df im Publikum und kam gera\u00adde hoch um ihren Coupon zu bekom\u00admen und sie war ganz offen\u00adsicht\u00adlich die Richtige. Es dau\u00ader\u00adte aber zwei Monate um sie und ihre Mutter zu \u00fcber\u00adzeu\u00adgen zu einem Vorspiel zu kom\u00admen und noch l\u00e4n\u00adger ande\u00adren die Zweifel zu neh\u00admen, da\u00df sie die\u00adse Rolle aus\u00adf\u00fcl\u00adlen kann, wo sie doch noch nie gespielt hat. Sie war erst 16 und noch in der Mittelstufe. seit den Dreharbeiten hat sie ihren Abschluss gemacht und stu\u00addiert in San Antonio, bedient in einem Steakhaus und wohnt bei ihrer Mutter. Sie w\u00fcr\u00adde ger\u00adne wei\u00adter schau\u00adspie\u00adlern und viel\u00adleicht auch am Theater ler\u00adnen, aber im Moment geht es erst\u00admal ums \u00fcber die Runden kommen.<\/p>\n<p><em>Laiendarsteller sind Schauspieler<\/em><br>\nDie jun\u00adgen Schauspieler in <span class=\"caps\">PETTING<\/span> <span class=\"caps\">ZOO<\/span> haben den glei\u00adchen sozio-kul\u00adtu\u00adrel\u00adlen Hintergrund wie ihre Rollen und wur\u00adden alle in mei\u00adnem erwei\u00adter\u00adten Umfeld, durch Castings an mei\u00adner ehe\u00adma\u00adli\u00adgen High-School und offe\u00adnen Castings in San Antonio und Houston ent\u00addeckt. Ich arbei\u00adte ger\u00adne mit die\u00adser Beset\u00adzung aus Laiendarstellern. Meine Laiendarsteller waren alle wirk\u00adlich gute Schauspieler. Laiendarsteller hei\u00dft ja nicht, da\u00df sie sich kei\u00adne M\u00fche machen, um die Geschichte und die Herkunft ihrer Figur zu begrei\u00adfen. Devon Keller ist eine erstaun\u00adli\u00adche Schauspielerin, sehr flei\u00ad\u00dfig und super\u00adschlau. Ich w\u00fcr\u00adde sie ger\u00adne in vie\u00adlen ande\u00adren Rollen sehen, denn sie wird das super\u00adtoll machen. Genau wie die drei ande\u00adren Ju\u00adgendlichen in <span class=\"caps\">PETTING<\/span> <span class=\"caps\">ZOO<\/span> die alle zum ers\u00adten mal spielen.<\/p>\n<p><em>Dreharbeiten<\/em><br>\nBei den Dreharbeiten waren wir meis\u00adtens ein Team von 10 Leuten (Art Director, Kost\u00fcm, Produzent, Her\u00adstellungsleitung, Kamera, Licht, eine Tonfrau f\u00fcr alles, Kameraassistenz, Devon und ich), wir alle wohn\u00adten drei Monate in Uthas Haus (Art Director), au\u00dfer Devon, die bei ihrer Mutter leb\u00adte. Meine Kinder sind auch in dem Film, weil wir ja kei\u00adnen Babysitter hat\u00adten. Das <span class=\"caps\">FBI<\/span> stand irgend\u00adwann vor der T\u00fcr, weil wir aus Verse\u00adhen ihr gehei\u00admes Hauptquartier gedreht hat\u00adten, als wir ver\u00adsuch\u00adten, Wild f\u00fcr die Tierszenen auf-zuneh\u00ad\u00admen, die wir dann nie ver\u00adwen\u00addet haben. Die gr\u00f6\u00df\u00adte Herausforderung (neben Klapperschlangen, Feu\u00aderameisen und Sonnenbr\u00e4nden) beim Drehen war die Verst\u00e4ndigung.<br>\nEin Film ist die Summe von allem, was du da rein\u00adsteckst. Also soll\u00adtest du, wenn du einen auf\u00adrich\u00adti\u00adgen Film machen willst, dar\u00adauf ach\u00adten, bei der Herstellung des Films ehr\u00adlich und auch ein\u00addeu\u00adtig zu sein. <strong>  <\/strong><\/p><p class=\"wpsm-hide\" style=\"color: #0066CC; font-size: 100%; text-align: left;\"><span class=\"dquo\">\u00bb<\/span> weni\u00adger<\/p><\/div><\/div>\n<hr>\n<p><em>Deutschland, Griechenland, <span class=\"caps\">USA<\/span> 2015, 93 Min., engl.&nbsp;OmU<\/em><br>\n<em> <b>Buch und Regie:<\/b> <a href=\"http:\/\/www.imdb.com\/name\/nm1665295\/\">Micah Magee<\/a><\/em><br>\n<em> <b>Kamera:<\/b> Armin Dierolf<\/em><br>\n<em> <b>Schnitt:<\/b> Chris Wright<\/em><br>\n<em> <b>Mit:<\/b> Devon Keller, Austin Reed, Deztiny Gonzales, Kiowa Tucker u.a.<\/em><\/p>\n<p>frei\u00adge\u00adge\u00adben ab 12 Jahren (<a href=\"http:\/\/www.spio.de\/asp\/fskkarte.asp?pvid=564113\"><span class=\"caps\">FSK<\/span> Pr\u00fcfkarte<\/a>)<\/p>\n<p><strong>Kritiken:<\/strong><\/p>\n<ul>\n<li><a href=\"http:\/\/www.taz.de\/!5302783\/\">taz<\/a><\/li>\n<li><a href=\"http:\/\/www.spiegel.de\/kultur\/kino\/teenager-schwangerschaften-bloss-nicht-reinreden-a-1092865.html\">Spiegel Online<\/a><\/li>\n<li><a href=\"http:\/\/www.tagesspiegel.de\/kultur\/portraet-der-regisseurin-micah-magee-fahrt-ins-ungewisse\/13596344.html\">Tagesspiegel<\/a><\/li>\n<li><a href=\"http:\/\/www.epd-film.de\/filmkritiken\/petting-zoo\">epd Film<\/a><\/li>\n<li><a href=\"http:\/\/www.kino-zeit.de\/filme\/petting-zoo\">kino-zeit.de<\/a><\/li>\n<li><a href=\"http:\/\/www.fr-online.de\/film\/--petting-zoo--teenager-in-texas,1473350,34256374.html\">Frankfurter Rundschau<\/a><\/li>\n<\/ul>\n<p><iframe loading=\"lazy\" src=\"https:\/\/player.vimeo.com\/video\/152619833?dnt=1\" width=\"800\" height=\"450\" frameborder=\"0\" allowfullscreen=\"allowfullscreen\"><\/iframe><\/p>\n<p><a href=\"https:\/\/vimeo.com\/152619833\">Petting Zoo Trailer \u2013 dt. OmU<\/a> from <a href=\"https:\/\/vimeo.com\/user47537856\">Peripher Filmverleih<\/a> on <a href=\"https:\/\/vimeo.com\">Vimeo<\/a>.<\/p>","protected":false},"excerpt":{"rendered":"<p>Ein Film von Micah&nbsp;Magee. [im Kino] [Pressezone] Layla steht kurz vor ihrem Schulabschluss, als sie erf\u00e4hrt, dass sie schwan\u00adger ist. Ihren Freund hat sie gera\u00adde ver\u00adlas\u00adsen und weil sich ihre Familie wei\u00adgert, einer Abtreibung zuzu\u00adstim\u00admen, f\u00fcgt sich Layla in ihre Situation und l\u00e4sst den Plan, auf\u00ad\u2019s College zu gehen, fal\u00adlen. Weil es zwi\u00adschen ihr&nbsp;und&nbsp;[\u2026]<\/p>\n","protected":false},"author":2,"featured_media":2735,"parent":3028,"menu_order":0,"comment_status":"closed","ping_status":"closed","template":"","meta":{"_crdt_document":"","wp_typography_post_enhancements_disabled":false,"slim_seo":{"title":"Petting Zoo - fsk Kino","description":"[:de]Ein Film von Micah Magee. [ im Kino ] [ Pressezone ] Layla steht kurz vor ihrem Schulabschluss, als sie erf\u00e4hrt, dass sie schwanger ist. Ihren Freund hat s"},"footnotes":""},"class_list":["post-3185","page","type-page","status-publish","has-post-thumbnail","hentry"],"_links":{"self":[{"href":"https:\/\/fsk-kino.peripherfilm.de\/en\/wp-json\/wp\/v2\/pages\/3185","targetHints":{"allow":["GET"]}}],"collection":[{"href":"https:\/\/fsk-kino.peripherfilm.de\/en\/wp-json\/wp\/v2\/pages"}],"about":[{"href":"https:\/\/fsk-kino.peripherfilm.de\/en\/wp-json\/wp\/v2\/types\/page"}],"author":[{"embeddable":true,"href":"https:\/\/fsk-kino.peripherfilm.de\/en\/wp-json\/wp\/v2\/users\/2"}],"replies":[{"embeddable":true,"href":"https:\/\/fsk-kino.peripherfilm.de\/en\/wp-json\/wp\/v2\/comments?post=3185"}],"version-history":[{"count":0,"href":"https:\/\/fsk-kino.peripherfilm.de\/en\/wp-json\/wp\/v2\/pages\/3185\/revisions"}],"up":[{"embeddable":true,"href":"https:\/\/fsk-kino.peripherfilm.de\/en\/wp-json\/wp\/v2\/pages\/3028"}],"wp:featuredmedia":[{"embeddable":true,"href":"https:\/\/fsk-kino.peripherfilm.de\/en\/wp-json\/wp\/v2\/media\/2735"}],"wp:attachment":[{"href":"https:\/\/fsk-kino.peripherfilm.de\/en\/wp-json\/wp\/v2\/media?parent=3185"}],"curies":[{"name":"wp","href":"https:\/\/api.w.org\/{rel}","templated":true}]}}