{"id":31022,"date":"2026-02-21T12:03:36","date_gmt":"2026-02-21T11:03:36","guid":{"rendered":"https:\/\/fsk-kino.peripherfilm.de\/?page_id=31022"},"modified":"2026-02-21T12:12:40","modified_gmt":"2026-02-21T11:12:40","slug":"fsk-fuer-zuhause-2","status":"publish","type":"page","link":"https:\/\/fsk-kino.peripherfilm.de\/en\/fsk-fuer-zuhause-2\/","title":{"rendered":"Filmgespr\u00e4che im&nbsp;fsk"},"content":{"rendered":"<p class=\"qtranxs-available-languages-message qtranxs-available-languages-message-en\">Sorry, this ent\u00adry is only available in <a href=\"https:\/\/fsk-kino.peripherfilm.de\/de\/wp-json\/wp\/v2\/pages\/31022\" class=\"qtranxs-available-language-link qtranxs-available-language-link-de\" title=\"Deutsch\">Deutsch<\/a>.<\/p><p class=\"wp-block-paragraph\">F\u00fcr alle, die kei\u00adne Gelegenheit hat\u00adten, bei Filmgespr\u00e4chen dabei\u00adzu\u00adsein, stel\u00adlen wir manch\u00admal die mit\u00adge\u00adfilm\u00adten Filmgespr\u00e4che auf unse\u00adre&nbsp;Seite.<\/p>\n\n\n\n<p class=\"wp-block-paragraph\">Unser Online Angebot:<\/p>\n\n\n\n<p class=\"wp-block-paragraph\">Audioaufzeichnung des Filmgespr\u00e4chs mit <strong>Angela Schanelec <\/strong>(Moderation: Giovanni Marchini Camia) zu ihrem Film <a href=\"https:\/\/fsk-kino.peripherfilm.de\/music\/\" data-type=\"post\" data-id=\"21176\"><strong>Music<\/strong><\/a>:<\/p>\n\n\n\n<figure class=\"wp-block-audio\"><audio controls src=\"https:\/\/fsk-kino.peripherfilm.de\/wp-content\/uploads\/2023\/05\/Filmgespraech_fsk-Kino_Angela_Schanelec.mp3\"><\/audio><\/figure>\n\n\n\n<hr class=\"wp-block-separator has-alpha-channel-opacity is-style-dots\">\n\n\n\n<p class=\"wp-block-paragraph\">Audioaufzeichnung des <strong>Filmgespr\u00e4chs mit Christoph Klein<\/strong>, dem ehe\u00adma\u00adli\u00adgen Direktor der Arbeiterkammer Wien, zum Film <a href=\"https:\/\/fsk-kino.peripherfilm.de\/fuer-die-vielen\/\" data-type=\"post\" data-id=\"21378\"><strong>F\u00fcr die Vielen<\/strong><\/a> (Moderation: Tobias B\u00fcchner):<\/p>\n\n\n\n<figure class=\"wp-block-audio\"><audio controls src=\"https:\/\/fsk-kino.peripherfilm.de\/wp-content\/uploads\/2023\/05\/Fur_die_Vielen_Filmgesprach_fsk-Kino.mp3\"><\/audio><\/figure>\n\n\n\n<hr class=\"wp-block-separator has-alpha-channel-opacity is-style-dots\">\n\n\n\n<p class=\"wp-block-paragraph\"><a href=\"https:\/\/vimeo.com\/573640575\"><strong>Filmgespr\u00e4ch mit Ramon und Silvan Z\u00fcrcher<\/strong><\/a><br>\u00fcber ihren Film <a href=\"https:\/\/fsk-kino.peripherfilm.de\/das-maedchen-und-die-spinne\/\" data-type=\"post\" data-id=\"15215\">Das M\u00e4dchen und die Spinne<\/a><\/p>\n\n\n\n<p class=\"wp-block-paragraph\"><a href=\"https:\/\/vimeo.com\/453258573\"><strong>Filmgespr\u00e4ch mit Bettina B\u00f6hler<\/strong><\/a><br>\u00fcber ihren Film <a href=\"https:\/\/fsk-kino.peripherfilm.de\/schlingensief-in-das-schweigen-hineinschreien\/\">Schlingensief \u2013 In das Schweigen hineinschreien<\/a><\/p>\n\n\n\n<p class=\"wp-block-paragraph\"><a href=\"https:\/\/vimeo.com\/462994054\"><strong>Filmgespr\u00e4ch mit Melanie Waelde<\/strong><\/a><br>\u00fcber ihren Film <a href=\"https:\/\/fsk-kino.peripherfilm.de\/nackte-tiere\/\">Nackte Tiere<\/a><\/p>\n\n\n\n<p class=\"wp-block-paragraph\"><a href=\"https:\/\/vimeo.com\/463530078\"><strong>Filmgespr\u00e4ch mit dem Team von Futur&nbsp;Drei<\/strong><\/a><\/p>\n\n\n\n<p class=\"wp-block-paragraph\"><strong><a href=\"https:\/\/vimeo.com\/469705828\/\">Filmgespr\u00e4ch mit Carmen Losmann<\/a><\/strong><br>zu ihrem Film <a href=\"https:\/\/fsk-kino.peripherfilm.de\/oeconomia\/\">Oeconomia<\/a><\/p>","protected":false},"excerpt":{"rendered":"<p>Sorry, this ent\u00adry is only available in Deutsch. F\u00fcr alle, die kei\u00adne Gelegenheit hat\u00adten, bei Filmgespr\u00e4chen dabei\u00adzu\u00adsein, stel\u00adlen wir manch\u00admal die mit\u00adge\u00adfilm\u00adten Filmgespr\u00e4che auf unse\u00adre&nbsp;Seite. Unser Online Angebot: Audioaufzeichnung des Filmgespr\u00e4chs mit Angela Schanelec (Moderation: Giovanni Marchini Camia) zu ihrem Film Music: Audioaufzeichnung des Filmgespr\u00e4chs mit Christoph Klein, dem ehe\u00adma\u00adli\u00adgen Direktor der Arbeiterkammer Wien,&nbsp;zum&nbsp;[\u2026]<\/p>\n","protected":false},"author":2,"featured_media":31024,"parent":0,"menu_order":0,"comment_status":"closed","ping_status":"closed","template":"","meta":{"_crdt_document":"","wp_typography_post_enhancements_disabled":false,"slim_seo":{"title":"[:de]Filmgespr\u00e4che im fsk[:] - fsk Kino","description":"[:de] F\u00fcr alle, die keine Gelegenheit hatten, bei Filmgespr\u00e4chen dabeizusein, stellen wir manchmal die mitgefilmten Filmgespr\u00e4che auf unsere Seite. Unser Online"},"footnotes":""},"class_list":["post-31022","page","type-page","status-publish","has-post-thumbnail","hentry"],"_links":{"self":[{"href":"https:\/\/fsk-kino.peripherfilm.de\/en\/wp-json\/wp\/v2\/pages\/31022","targetHints":{"allow":["GET"]}}],"collection":[{"href":"https:\/\/fsk-kino.peripherfilm.de\/en\/wp-json\/wp\/v2\/pages"}],"about":[{"href":"https:\/\/fsk-kino.peripherfilm.de\/en\/wp-json\/wp\/v2\/types\/page"}],"author":[{"embeddable":true,"href":"https:\/\/fsk-kino.peripherfilm.de\/en\/wp-json\/wp\/v2\/users\/2"}],"replies":[{"embeddable":true,"href":"https:\/\/fsk-kino.peripherfilm.de\/en\/wp-json\/wp\/v2\/comments?post=31022"}],"version-history":[{"count":2,"href":"https:\/\/fsk-kino.peripherfilm.de\/en\/wp-json\/wp\/v2\/pages\/31022\/revisions"}],"predecessor-version":[{"id":31026,"href":"https:\/\/fsk-kino.peripherfilm.de\/en\/wp-json\/wp\/v2\/pages\/31022\/revisions\/31026"}],"wp:featuredmedia":[{"embeddable":true,"href":"https:\/\/fsk-kino.peripherfilm.de\/en\/wp-json\/wp\/v2\/media\/31024"}],"wp:attachment":[{"href":"https:\/\/fsk-kino.peripherfilm.de\/en\/wp-json\/wp\/v2\/media?parent=31022"}],"curies":[{"name":"wp","href":"https:\/\/api.w.org\/{rel}","templated":true}]}}