{"id":297,"date":"2015-04-07T19:38:13","date_gmt":"2015-04-07T17:38:13","guid":{"rendered":"http:\/\/fsk-kino.peripherfilm.de\/?page_id=297"},"modified":"2025-12-21T08:44:55","modified_gmt":"2025-12-21T07:44:55","slug":"kontakt-impressum","status":"publish","type":"page","link":"https:\/\/fsk-kino.peripherfilm.de\/en\/kontakt-impressum\/","title":{"rendered":"Contact, Imprint and Privacy Policy"},"content":{"rendered":"<p><strong>Post:<\/strong> fsk Kino \u2013 Segitzdamm 2 \u2013 10969 Berlin<\/p>\n<p><strong>mail<\/strong>: post@fsk-kino.de<\/p>\n<p><strong>Telefon:<\/strong> 030 6142464<\/p>\n<h3><a href=\"https:\/\/fsk-kino.peripherfilm.de\/wp-content\/uploads\/2015\/04\/003-sd03.jpg.medium.jpeg\"><img loading=\"lazy\" decoding=\"async\" class=\"alignnone wp-image-4129 size-full\" src=\"https:\/\/fsk-kino.peripherfilm.de\/wp-content\/uploads\/2015\/04\/003-sd03.jpg.medium.jpeg\" alt=\"003-sd03-jpg-medium\" width=\"650\" height=\"366\" srcset=\"https:\/\/fsk-kino.peripherfilm.de\/wp-content\/uploads\/2015\/04\/003-sd03.jpg.medium.jpeg 650w, https:\/\/fsk-kino.peripherfilm.de\/wp-content\/uploads\/2015\/04\/003-sd03.jpg.medium-300x169.jpeg 300w, https:\/\/fsk-kino.peripherfilm.de\/wp-content\/uploads\/2015\/04\/003-sd03.jpg.medium-600x338.jpeg 600w, https:\/\/fsk-kino.peripherfilm.de\/wp-content\/uploads\/2015\/04\/003-sd03.jpg.medium-400x225.jpeg 400w, https:\/\/fsk-kino.peripherfilm.de\/wp-content\/uploads\/2015\/04\/003-sd03.jpg.medium-624x351.jpeg 624w\" sizes=\"auto, (max-width: 650px) 100vw, 650px\"><\/a><\/h3>\n<h3><span class=\"caps\">IMPRESSUM<\/span>:<\/h3>\n<p><strong>Angaben gem\u00e4\u00df \u00a7 5&nbsp;<span class=\"caps\">TMG<\/span>:<\/strong><\/p>\n<p>fsk Kino <span class=\"amp\">&amp;<\/span> Peripher Filmverleih GmbH<br>\nSegitzdamm 2<br>\n10969 Berlin<\/p>\n<h2>Vertreten durch:<\/h2>\n<p>durch die Gesch\u00e4ftsf\u00fchrer<br>\nBar\u00adba\u00adra Suh\u00adren, Chris\u00adti\u00adan Suhren<\/p>\n<h2>Kontakt:<\/h2>\n<table>\n<tbody>\n<tr>\n<td>Telefon:<\/td>\n<td>030 6142464<\/td>\n<\/tr>\n<tr>\n<td>Telefax:<\/td>\n<td>030 6159185<\/td>\n<\/tr>\n<tr>\n<td>E\u2011Mail:<\/td>\n<td>post@fsk-kino.de<\/td>\n<\/tr>\n<\/tbody>\n<\/table>\n<h2>Registereintrag:<\/h2>\n<p>Eintragung im Handelsregister.<br>\nRegistergericht: Amtsgericht Charlottenburg<br>\nRegisternummer: <span class=\"caps\">HR<\/span> B&nbsp;30249<\/p>\n<h2>Verantwortlich f\u00fcr den Inhalt nach \u00a7 55 Abs. 2&nbsp;RStV:<\/h2>\n<p>fsk Kino <span class=\"amp\">&amp;<\/span> Peripher Filmverleih \u2013 Christian Suhren<br>\nhttp:\/\/www.fsk-kino.de<\/p>\n<p>\u00b7 Gesamtkonzeption, Homepage-Editor, Webdesign <span class=\"amp\">&amp;<\/span> Layout, Illustrationen: Christian Suhren<br>\n\u00b7 F\u00fcr inhalt\u00adli\u00adche und tech\u00adni\u00adsche Fragen wen\u00adden Sie sich bit\u00adte an: post@fsk-kino.de<\/p>\n<p>Jugendschutzbeauftragter (gem\u00e4\u00df \u00a7 7 Abs. 1 JMStV&nbsp;neu):<br>\nJ\u00f6rg Olaf Akkermann, jugendschutz@fsk-kino.de<\/p>\n<p>Wir sind nicht bereit oder ver\u00adpflich\u00adtet, an Streitbeilegungsverfahren vor&nbsp;einer<br>\nVerbraucherschlichtungsstelle teilzunehmen.<\/p>\n<h2>Haftung f\u00fcr Inhalte<\/h2>\n<p>Als Diensteanbieter sind wir gem\u00e4\u00df \u00a7 7 Abs.1 <span class=\"caps\">TMG<\/span> f\u00fcr eige\u00adne Inhalte auf die\u00adsen Seiten<br>\nnach den all\u00adge\u00admei\u00adnen Gesetzen ver\u00adant\u00adwort\u00adlich. Nach \u00a7\u00a7 8 bis 10 <span class=\"caps\">TMG<\/span> sind wir&nbsp;als<br>\nDiensteanbieter jedoch nicht ver\u00adpflich\u00adtet, \u00fcber\u00admit\u00adtel\u00adte oder gespei\u00adcher\u00adte frem\u00adde Informationen zu \u00fcber\u00adwa\u00adchen oder nach Umst\u00e4nden zu for\u00adschen, die auf eine rechts\u00adwid\u00adri\u00adge T\u00e4tigkeit hinweisen.<\/p>\n<p>Verpflichtungen zur Entfernung oder Sperrung der Nutzung von Informationen nach<br>\nden all\u00adge\u00admei\u00adnen Gesetzen blei\u00adben hier\u00advon unbe\u00adr\u00fchrt. Eine dies\u00adbe\u00adz\u00fcg\u00adli\u00adche Haftung ist jedoch erst ab dem Zeitpunkt der Kenntnis einer kon\u00adkre\u00adten Rechtsverletzung m\u00f6g\u00adlich. Bei Bekanntwerden von ent\u00adspre\u00adchen\u00adden Rechtsverletzungen wer\u00adden wir die\u00adse Inhalte umge\u00adhend entfernen.<\/p>\n<h2>Haftung f\u00fcr&nbsp;Links<\/h2>\n<p>Unser Angebot ent\u00adh\u00e4lt Links zu exter\u00adnen Webseiten Dritter, auf deren Inhalte wir kei\u00adnen Einfluss haben. Deshalb k\u00f6n\u00adnen wir f\u00fcr die\u00adse frem\u00adden Inhalte auch kei\u00adne Gew\u00e4hr \u00fcber\u00adneh\u00admen. F\u00fcr die Inhalte der ver\u00adlink\u00adten Seiten ist stets der jewei\u00adli\u00adge Anbieter oder Betreiber der Seiten ver\u00adant\u00adwort\u00adlich. Die ver\u00adlink\u00adten Seiten wur\u00adden zum Zeitpunkt der Verlinkung auf m\u00f6g\u00adli\u00adche Rechtsverst\u00f6\u00dfe \u00fcber\u00adpr\u00fcft. Rechtswidrige Inhalte waren zum Zeitpunkt der Verlinkung nicht erkennbar.<\/p>\n<p>Eine per\u00adma\u00adnen\u00adte inhalt\u00adli\u00adche Kontrolle der ver\u00adlink\u00adten Seiten ist jedoch ohne kon\u00adkre\u00adte Anhaltspunkte einer Rechtsverletzung nicht zumut\u00adbar. Bei Bekanntwerden von Rechtsverletzungen wer\u00adden wir der\u00adar\u00adti\u00adge Links umge\u00adhend entfernen.<\/p>\n<h2>Urheberrecht<\/h2>\n<p>Die durch die Seitenbetreiber erstell\u00adten Inhalte und Werke auf die\u00adsen Seiten<br>\nunter\u00adlie\u00adgen dem deut\u00adschen Urheberrecht. Die Vervielf\u00e4ltigung, Bearbeitung, Verbreitung und jede Art der Verwertung au\u00dfer\u00adhalb der Grenzen des Urheberrechtes bed\u00fcr\u00adfen der schrift\u00adli\u00adchen Zustimmung des jewei\u00adli\u00adgen Autors bzw. Erstellers. Downloads und Kopien die\u00adser Seite sind nur f\u00fcr den pri\u00adva\u00adten, nicht kom\u00admer\u00adzi\u00adel\u00adlen Gebrauch gestattet.<\/p>\n<p>Soweit die Inhalte auf die\u00adser Seite nicht vom Betreiber erstellt wur\u00adden, wer\u00adden die Urheberrechte Dritter beach\u00adtet. Insbesondere wer\u00adden Inhalte Dritter als sol\u00adche gekenn\u00adzeich\u00adnet. Sollten Sie trotz\u00addem auf eine Urheberrechtsverletzung aufmerksam<br>\nwer\u00adden, bit\u00adten wir um einen ent\u00adspre\u00adchen\u00adden Hinweis. Bei Bekanntwerden von Rechtsverletzungen wer\u00adden wir der\u00adar\u00adti\u00adge Inhalte umge\u00adhend entfernen.<\/p>\n<h1>Datenschutzerkl\u00e4rung<\/h1>\n<p>Verantwortliche Stelle im Sinne der Datenschutzgesetze ist:<\/p>\n<p>fsk Kino <span class=\"amp\">&amp;<\/span> Peripher Filmverleih GmbH<\/p>\n<p><strong>Erfassung all\u00adge\u00admei\u00adner Informationen<\/strong><\/p>\n<p>Wenn Sie auf unse\u00adre Webseite zugrei\u00adfen, wer\u00adden auto\u00adma\u00adtisch Informationen all\u00adge\u00admei\u00adner Natur erfasst. Diese Informationen (Server-Logfiles) beinhal\u00adten etwa die Art des Webbrowsers, das ver\u00adwen\u00adde\u00adte Betriebssystem, den Domainnamen Ihres Internet Service Providers und \u00c4hnliches. Hierbei han\u00addelt es sich aus\u00adschlie\u00df\u00adlich um Informationen, wel\u00adche kei\u00adne R\u00fcckschl\u00fcsse auf Ihre Person zulas\u00adsen. Diese Informationen sind tech\u00adnisch not\u00adwen\u00addig, um von Ihnen ange\u00adfor\u00adder\u00adte Inhalte von Webseiten kor\u00adrekt aus\u00adzu\u00adlie\u00adfern und fal\u00adlen bei Nutzung des Internets zwin\u00adgend an. Anonyme Informationen die\u00adser Art wer\u00adden von uns sta\u00adtis\u00adtisch aus\u00adge\u00adwer\u00adtet, um unse\u00adren Internetauftritt und die dahin\u00adter ste\u00adhen\u00adde Technik zu optimieren.<\/p>\n<p><b>Erbringung kos\u00adten\u00adpflich\u00adti\u00adger Leistungen<\/b><\/p>\n<p>Zur Erbringung kos\u00adten\u00adpflich\u00adti\u00adger Leistungen wer\u00adden von uns zus\u00e4tz\u00adli\u00adche Daten erfragt, wie z.B. Zahlungsangaben.<\/p>\n<p>Um die Sicherheit Ihrer Daten bei der \u00dcbertragung zu sch\u00fct\u00adzen, ver\u00adwen\u00adden wir dem aktu\u00adel\u00adlen Stand der Technik ent\u00adspre\u00adchen\u00adde Verschl\u00fcsselungsverfahren (z. B. <span class=\"caps\">SSL<\/span>) \u00fcber&nbsp;<span class=\"caps\">HTTPS<\/span>.<\/p>\n<p><b>Newsletter<\/b><\/p>\n<p>Bei der Anmeldung zum Bezug unse\u00adres Newsletters&nbsp;und Heftversands (per email)&nbsp; wer\u00adden die von Ihnen ange\u00adge\u00adbe\u00adnen Daten aus\u00adschlie\u00df\u00adlich f\u00fcr die\u00adsen Zweck ver\u00adwen\u00addet. Abonnenten k\u00f6n\u00adnen auch \u00fcber Umst\u00e4nde per E\u2011Mail infor\u00admiert wer\u00adden, die f\u00fcr den Dienst oder die Registrierung rele\u00advant sind (Beispielsweise \u00c4nderungen des Newsletterangebots oder tech\u00adni\u00adsche Gegebenheiten).<\/p>\n<p>F\u00fcr eine wirk\u00adsa\u00adme Registrierung ben\u00f6\u00adti\u00adgen wir eine vali\u00adde E\u2011Mail-Adresse.&nbsp; Weitere Daten wer\u00adden nicht erho\u00adben. Die Daten wer\u00adden aus\u00adschlie\u00df\u00adlich f\u00fcr den Newsletter-Versand ver\u00adwen\u00addet und nicht an Dritte weitergegeben.<\/p>\n<p>Die Einwilligung zur Speicherung Ihrer per\u00ads\u00f6n\u00adli\u00adchen Daten und ihrer Nutzung f\u00fcr den Newsletterversand k\u00f6n\u00adnen Sie jeder\u00adzeit wider\u00adru\u00adfen. In jedem Newsletter fin\u00addet sich dazu ein ent\u00adspre\u00adchen\u00adder Link. Au\u00dferdem k\u00f6n\u00adnen Sie sich jeder\u00adzeit auch direkt auf die\u00adser Webseite abmel\u00adden oder uns Ihren ent\u00adspre\u00adchen\u00adden Wunsch \u00fcber die am Ende die\u00adses Dokuments ange\u00adge\u00adbe\u00adne Kontaktm\u00f6glichkeiten mitteilen.<\/p>\n<p><strong>Heftversand per&nbsp;Post<\/strong><\/p>\n<p>Bei der Anmeldung zum Bezug unse\u00adres Programmhefts&nbsp; wer\u00adden die von Ihnen ange\u00adge\u00adbe\u00adnen Daten aus\u00adschlie\u00df\u00adlich f\u00fcr die\u00adsen Zweck verwendet.<\/p>\n<p>F\u00fcr eine wirk\u00adsa\u00adme Registrierung ben\u00f6\u00adti\u00adgen wir eine Post Adresse.&nbsp; Weitere Daten wer\u00adden nicht erho\u00adben. Die Daten wer\u00adden aus\u00adschlie\u00df\u00adlich f\u00fcr den Programmheftversand per Post ver\u00adwen\u00addet und nicht an Dritte weitergegeben.<\/p>\n<p>Die Einwilligung zur Speicherung Ihrer per\u00ads\u00f6n\u00adli\u00adchen Daten und ihrer Nutzung f\u00fcr den Newsletterversand k\u00f6n\u00adnen Sie jeder\u00adzeit wider\u00adru\u00adfen. Sie k\u00f6n\u00adnen uns Ihren ent\u00adspre\u00adchen\u00adden Wunsch \u00fcber die am Ende die\u00adses Dokuments ange\u00adge\u00adbe\u00adne Kontaktm\u00f6glichkeiten mitteilen.<\/p>\n<p><b>Kontaktformular<\/b><\/p>\n<p>Treten Sie per E\u2011Mail oder Kontaktformular mit uns in Kontakt, wer\u00adden die von Ihnen gemach\u00adten Angaben zum Zwecke der Bearbeitung der Anfrage sowie f\u00fcr m\u00f6g\u00adli\u00adche Anschlussfragen gespeichert.<\/p>\n<p><b>L\u00f6schung bzw. Sperrung der&nbsp;Daten<\/b><\/p>\n<p>Wir hal\u00adten uns an die Grunds\u00e4tze der Datenvermeidung und Datensparsamkeit. Wir spei\u00adchern Ihre per\u00adso\u00adnen\u00adbe\u00adzo\u00adge\u00adnen Daten daher nur so lan\u00adge, wie dies zur Erreichung der hier genann\u00adten Zwecke erfor\u00adder\u00adlich ist oder wie es die vom Gesetzgeber vor\u00adge\u00adse\u00adhe\u00adnen viel\u00adf\u00e4l\u00adti\u00adgen Speicherfristen vor\u00adse\u00adhen. Nach Fortfall des jewei\u00adli\u00adgen Zweckes bzw. Ablauf die\u00adser Fristen wer\u00adden die ent\u00adspre\u00adchen\u00adden Daten rou\u00adti\u00adne\u00adm\u00e4\u00ad\u00dfig und ent\u00adspre\u00adchend den gesetz\u00adli\u00adchen Vorschriften gesperrt oder gel\u00f6scht.<\/p>\n<p><b>Social Plugins<\/b><br>\nWir bie\u00adten Ihnen auf unse\u00adrer Webseite die M\u00f6glichkeit der Nutzung von sog. \u201eSocial-Media-Buttons\u201c an. Zum Schutze Ihrer Daten set\u00adzen wir bei der Implementierung auf die L\u00f6sung \u201eShariff\u201c. Hierdurch wer\u00adden die\u00adse Buttons auf der Webseite ledig\u00adlich als Grafik ein\u00adge\u00adbun\u00adden, die eine Verlinkung auf die ent\u00adspre\u00adchen\u00adde Webseite des Button-Anbieters ent\u00adh\u00e4lt. Durch Anklicken der Grafik wer\u00adden Sie somit zu den Diensten der jewei\u00adli\u00adgen Anbieter wei\u00adter\u00adge\u00adlei\u00adtet. Erst dann wer\u00adden Ihre Daten an die jewei\u00adli\u00adgen Anbieter gesen\u00addet. Sofern Sie die Grafik nicht ankli\u00adcken, fin\u00addet kei\u00adner\u00adlei Austausch zwi\u00adschen Ihnen und den Anbietern der Social-Media-Buttons statt. Informationen \u00fcber die Erhebung und Verwendung Ihrer Daten in den sozia\u00adlen Netzwerken fin\u00adden Sie in den jewei\u00adli\u00adgen Nutzungsbedingungen der ent\u00adspre\u00adchen\u00adden Anbieter. Mehr Informationen zur Shariff-L\u00f6sung fin\u00adden Sie hier: <a href=\"http:\/\/www.heise.de\/ct\/artikel\/Shariff-Social-Media-Buttons-mit-Datenschutz-2467514.html\" target=\"_blank\" rel=\"noopener\">http:\/\/www.heise.de\/ct\/artikel\/Shariff-Social-Media-Buttons-mit-Datenschutz-2467514.html<\/a><\/p>\n<p>Wir haben auf unse\u00adrer Website die Social-Media-Buttons fol\u00adgen\u00adder Unternehmen eingebunden:<\/p>\n<p>Facebook Inc. (1601 S. California Ave \u2013 Palo Alto \u2013 <span class=\"caps\">CA<\/span> 94304 \u2013&nbsp;<span class=\"caps\">USA<\/span>)<br>\nTwitter Inc. (795 Folsom St. \u2013 Suite 600 \u2013 San Francisco \u2013 <span class=\"caps\">CA<\/span> 94107 \u2013&nbsp;<span class=\"caps\">USA<\/span>)<br>\nGoogle Plus\/Google Inc. (1600 Amphitheatre Parkway \u2013 Mountain View \u2013 <span class=\"caps\">CA<\/span> 94043 \u2013&nbsp;<span class=\"caps\">USA<\/span>)<br>\nWhatsapp<br>\nPinterest<\/p>\n<p><strong>Ihre Rechte auf Auskunft, Berichtigung, Sperre, L\u00f6schung und Widerspruch<\/strong><\/p>\n<p>Sie haben das Recht, jeder\u00adzeit Auskunft \u00fcber Ihre bei uns gespei\u00adcher\u00adten per\u00adso\u00adnen\u00adbe\u00adzo\u00adge\u00adnen Daten zu erhal\u00adten. Ebenso haben Sie das Recht auf Berichtigung, Sperrung oder, abge\u00adse\u00adhen von der vor\u00adge\u00adschrie\u00adbe\u00adnen Datenspeicherung zur Gesch\u00e4ftsabwicklung, L\u00f6schung Ihrer per\u00adso\u00adnen\u00adbe\u00adzo\u00adge\u00adnen Daten. Bitte wen\u00adden Sie sich dazu an unse\u00adren Datenschutzbeauftragten. Die Kontaktdaten fin\u00adden Sie ganz&nbsp;unten.<\/p>\n<p>Damit eine Sperre von Daten jeder\u00adzeit ber\u00fcck\u00adsich\u00adtigt wer\u00adden kann, m\u00fcs\u00adsen die\u00adse Daten zu Kontrollzwecken in einer Sperrdatei vor\u00adge\u00adhal\u00adten wer\u00adden. Sie k\u00f6n\u00adnen auch die L\u00f6schung der Daten ver\u00adlan\u00adgen, soweit kei\u00adne gesetz\u00adli\u00adche Archivierungsverpflichtung besteht. Soweit eine sol\u00adche Verpflichtung besteht, sper\u00adren wir Ihre Daten auf Wunsch.<\/p>\n<p>Sie k\u00f6n\u00adnen \u00c4nderungen oder den Widerruf einer Einwilligung durch ent\u00adspre\u00adchen\u00adde Mitteilung an uns mit Wirkung f\u00fcr die Zukunft vornehmen.<\/p>\n<p><strong>\u00c4nderung unse\u00adrer Datenschutzbestimmungen<\/strong><\/p>\n<p>Wir behal\u00adten uns vor, die\u00adse Datenschutzerkl\u00e4rung gele\u00adgent\u00adlich anzu\u00adpas\u00adsen, damit sie stets den aktu\u00adel\u00adlen recht\u00adli\u00adchen Anforderungen ent\u00adspricht oder um \u00c4nderungen unse\u00adrer Leistungen in der Datenschutzerkl\u00e4rung umzu\u00adset\u00adzen, z. B. bei der Einf\u00fchrung neu\u00ader Services. F\u00fcr Ihren erneu\u00adten Besuch gilt dann die neue Datenschutzerkl\u00e4rung.<\/p>\n<p><strong>Fragen an den Datenschutzbeauftragten<\/strong><\/p>\n<p>Wenn Sie Fragen zum Datenschutz haben, schrei\u00adben Sie uns bit\u00adte eine E\u2011Mail :<\/p>\n<p>Kontaktdaten: post@fsk-kino.de<\/p>\n<p><em>Die Datenschutzerkl\u00e4rung wur\u00adde mit dem <a href=\"https:\/\/www.activemind.de\/datenschutz\/datenschutzhinweis-generator\/\">Datenschutzerkl\u00e4rungs-Generator der activeMind <span class=\"caps\">AG<\/span> erstellt<\/a>.<\/em><\/p>\n<p>&nbsp;<\/p>\n<p>&nbsp;<\/p>\n","protected":false},"excerpt":{"rendered":"<p>Post: fsk Kino \u2013 Segitzdamm 2 \u2013 10969 Berlin mail: post@fsk-kino.de Telefon: 030 6142464 <span class=\"caps\">IMPRESSUM<\/span>: Angaben gem\u00e4\u00df \u00a7 5&nbsp;<span class=\"caps\">TMG<\/span>: fsk Kino <span class=\"amp\">&amp;<\/span> Peripher Filmverleih GmbH Segitzdamm 2 10969 Berlin Vertreten durch: durch die Gesch\u00e4ftsf\u00fchrer Bar\u00adba\u00adra Suh\u00adren, Chris\u00adti\u00adan Suhren Kontakt: Telefon: 030 6142464 Telefax: 030 6159185 E\u2011Mail: post@fsk-kino.de Registereintrag: Eintragung im Handelsregister. Registergericht: Amtsgericht Charlottenburg Registernummer:&nbsp;[\u2026]<\/p>\n","protected":false},"author":2,"featured_media":0,"parent":0,"menu_order":0,"comment_status":"closed","ping_status":"closed","template":"","meta":{"_crdt_document":"","wp_typography_post_enhancements_disabled":false,"slim_seo":{"title":"[:de]Kontakt, Impressum und Datenschutzerkl\u00e4rung[:en]Contact, Imprint and Privacy Policy[:] - fsk Kino","description":"Post: fsk Kino - Segitzdamm 2 - 10969 Berlin mail : post@fsk-kino.de Telefon: 030 6142464 IMPRESSUM: Angaben gem\u00e4\u00df \u00a7 5 TMG: fsk Kino &amp; Peripher Filmverleih"},"footnotes":""},"class_list":["post-297","page","type-page","status-publish","hentry"],"_links":{"self":[{"href":"https:\/\/fsk-kino.peripherfilm.de\/en\/wp-json\/wp\/v2\/pages\/297","targetHints":{"allow":["GET"]}}],"collection":[{"href":"https:\/\/fsk-kino.peripherfilm.de\/en\/wp-json\/wp\/v2\/pages"}],"about":[{"href":"https:\/\/fsk-kino.peripherfilm.de\/en\/wp-json\/wp\/v2\/types\/page"}],"author":[{"embeddable":true,"href":"https:\/\/fsk-kino.peripherfilm.de\/en\/wp-json\/wp\/v2\/users\/2"}],"replies":[{"embeddable":true,"href":"https:\/\/fsk-kino.peripherfilm.de\/en\/wp-json\/wp\/v2\/comments?post=297"}],"version-history":[{"count":0,"href":"https:\/\/fsk-kino.peripherfilm.de\/en\/wp-json\/wp\/v2\/pages\/297\/revisions"}],"wp:attachment":[{"href":"https:\/\/fsk-kino.peripherfilm.de\/en\/wp-json\/wp\/v2\/media?parent=297"}],"curies":[{"name":"wp","href":"https:\/\/api.w.org\/{rel}","templated":true}]}}