{"id":121,"date":"2015-04-01T18:45:18","date_gmt":"2015-04-01T16:45:18","guid":{"rendered":"http:\/\/fsk-kino.peripherfilm.de\/?page_id=121"},"modified":"2025-12-11T11:43:30","modified_gmt":"2025-12-11T10:43:30","slug":"werben-im-kino","status":"publish","type":"page","link":"https:\/\/fsk-kino.peripherfilm.de\/en\/werben-im-kino\/","title":{"rendered":"Werben im&nbsp;Kino"},"content":{"rendered":"<p>&nbsp;<\/p>\n<p style=\"text-align: left;\" align=\"right\">\n<\/p><p><\/p>","protected":false},"excerpt":{"rendered":"<p>&nbsp;<\/p>\n","protected":false},"author":2,"featured_media":0,"parent":0,"menu_order":0,"comment_status":"closed","ping_status":"closed","template":"","meta":{"_crdt_document":"","wp_typography_post_enhancements_disabled":false,"slim_seo":{"title":"Werben im Kino - fsk Kino","description":"[:de] Wir bieten folgende Werbem\u00f6glichkeiten: 1. Auf der gro\u00dfen Leinwand Es gibt die M\u00f6glichkeit, in unserem Kino einen digitalen Werbespot w\u00e4hrend unserer Werb"},"footnotes":""},"class_list":["post-121","page","type-page","status-publish","hentry"],"_links":{"self":[{"href":"https:\/\/fsk-kino.peripherfilm.de\/en\/wp-json\/wp\/v2\/pages\/121","targetHints":{"allow":["GET"]}}],"collection":[{"href":"https:\/\/fsk-kino.peripherfilm.de\/en\/wp-json\/wp\/v2\/pages"}],"about":[{"href":"https:\/\/fsk-kino.peripherfilm.de\/en\/wp-json\/wp\/v2\/types\/page"}],"author":[{"embeddable":true,"href":"https:\/\/fsk-kino.peripherfilm.de\/en\/wp-json\/wp\/v2\/users\/2"}],"replies":[{"embeddable":true,"href":"https:\/\/fsk-kino.peripherfilm.de\/en\/wp-json\/wp\/v2\/comments?post=121"}],"version-history":[{"count":0,"href":"https:\/\/fsk-kino.peripherfilm.de\/en\/wp-json\/wp\/v2\/pages\/121\/revisions"}],"wp:attachment":[{"href":"https:\/\/fsk-kino.peripherfilm.de\/en\/wp-json\/wp\/v2\/media?parent=121"}],"curies":[{"name":"wp","href":"https:\/\/api.w.org\/{rel}","templated":true}]}}