{"id":10448,"date":"2019-01-22T15:44:15","date_gmt":"2019-01-22T14:44:15","guid":{"rendered":"https:\/\/fsk-kino.peripherfilm.de\/?page_id=10448"},"modified":"2021-10-26T20:00:07","modified_gmt":"2021-10-26T18:00:07","slug":"pressematerial-ilmk","status":"publish","type":"page","link":"https:\/\/fsk-kino.peripherfilm.de\/en\/kinopresseservice\/pressematerial-ilmk\/","title":{"rendered":"Pressematerial \u201eIm Land meiner Kinder\u201d"},"content":{"rendered":"<p class=\"qtranxs-available-languages-message qtranxs-available-languages-message-en\">Sorry, this ent\u00adry is only available in <a href=\"https:\/\/fsk-kino.peripherfilm.de\/de\/wp-json\/wp\/v2\/pages\/10448\" class=\"qtranxs-available-language-link qtranxs-available-language-link-de\" title=\"Deutsch\">Deutsch<\/a>.<\/p><p><em>Bitte beach\u00adten Sie, dass die Ver\u00adwen\u00addung des Bild\u00adma\u00adte\u00adri\u00adals aus\u00adschlie\u00df\u00adlich im Zusam\u00admen\u00adhang mit der Bericht\u00aderstat\u00adtung \u00fcber die Fes\u00adti\u00adval <span class=\"amp\">&amp;<\/span> Kino\u00adaus\u00adwer\u00adtung des Films gestat\u00adtet ist! Keine Archivierung.<\/em><\/p>\n<p style=\"text-align: left;\">[<a href=\"https:\/\/fsk-kino.peripherfilm.de\/wp-content\/heftundquiz\/ilmk-presseheft.pdf\">Presseheft (pdf)<\/a>] [<a href=\"https:\/\/fsk-kino.peripherfilm.de\/wp-content\/trailer\/ilmk-trailer.m4v\" download=\"web-Trailer\">web-Trailer<\/a>] [<a href=\"http:\/\/peripherfilm.de\/Trailer-dcp\/ImLandMeinerKi_TLR-1-25_F_DE-de_20_2K_20190225_fsk_SMPTE_OV.zip\" download=\"DCP Trailer\">dcp-Trailer<\/a>] [<a href=\"https:\/\/fsk-kino.peripherfilm.de\/peripher-filmverleih\/im-land-meiner-kinder\/\">Webseite<\/a>] [<a href=\"#ausschnitte\">Ausschnitte]<\/a><\/p>\n<p><strong>Fotos:<\/strong><\/p>\n<div id=\"gallery-1\" class=\"gallery galleryid-10448 gallery-columns-3 gallery-size-thumbnail\"><figure class=\"gallery-item\">\n\t\t\t<div class=\"gallery-icon landscape\">\n\t\t\t\t<a href=\"https:\/\/fsk-kino.peripherfilm.de\/wp-content\/uploads\/2019\/01\/Garten_Andreas-und-Dario\u00a9Helena-Wittmann-B\u00fcchner-Filmproduktion-scaled.jpg\"><img loading=\"lazy\" decoding=\"async\" width=\"150\" height=\"150\" src=\"https:\/\/fsk-kino.peripherfilm.de\/wp-content\/uploads\/2019\/01\/Garten_Andreas-und-Dario\u00a9Helena-Wittmann-B\u00fcchner-Filmproduktion-150x150.jpg\" class=\"attachment-thumbnail size-thumbnail\" alt aria-describedby=\"gallery-1-10435\" srcset=\"https:\/\/fsk-kino.peripherfilm.de\/wp-content\/uploads\/2019\/01\/Garten_Andreas-und-Dario\u00a9Helena-Wittmann-B\u00fcchner-Filmproduktion-150x150.jpg 150w, https:\/\/fsk-kino.peripherfilm.de\/wp-content\/uploads\/2019\/01\/Garten_Andreas-und-Dario\u00a9Helena-Wittmann-B\u00fcchner-Filmproduktion-scaled-100x100.jpg 100w\" sizes=\"auto, (max-width: 150px) 100vw, 150px\"><\/a>\n\t\t\t<\/div>\n\t\t\t\t<figcaption class=\"wp-caption-text gallery-caption\" id=\"gallery-1-10435\">\n\t\t\t\tGarten,  \nAndreas und Dario\n\u00a9Helena Wittmann, B\u00fcchner Filmproduktion&nbsp;<\/figcaption><\/figure><figure class=\"gallery-item\">\n\t\t\t<div class=\"gallery-icon landscape\">\n\t\t\t\t<a href=\"https:\/\/fsk-kino.peripherfilm.de\/wp-content\/uploads\/2019\/01\/Fotoalbum_Dario-und-Christa\u00a9Helena-Wittmann-B\u00fcchner-Filmproduktion-scaled.jpg\"><img loading=\"lazy\" decoding=\"async\" width=\"150\" height=\"150\" src=\"https:\/\/fsk-kino.peripherfilm.de\/wp-content\/uploads\/2019\/01\/Fotoalbum_Dario-und-Christa\u00a9Helena-Wittmann-B\u00fcchner-Filmproduktion-150x150.jpg\" class=\"attachment-thumbnail size-thumbnail\" alt aria-describedby=\"gallery-1-10436\" srcset=\"https:\/\/fsk-kino.peripherfilm.de\/wp-content\/uploads\/2019\/01\/Fotoalbum_Dario-und-Christa\u00a9Helena-Wittmann-B\u00fcchner-Filmproduktion-150x150.jpg 150w, https:\/\/fsk-kino.peripherfilm.de\/wp-content\/uploads\/2019\/01\/Fotoalbum_Dario-und-Christa\u00a9Helena-Wittmann-B\u00fcchner-Filmproduktion-scaled-100x100.jpg 100w\" sizes=\"auto, (max-width: 150px) 100vw, 150px\"><\/a>\n\t\t\t<\/div>\n\t\t\t\t<figcaption class=\"wp-caption-text gallery-caption\" id=\"gallery-1-10436\">\n\t\t\t\tFotoalbum: Dario und Christa\n\u00a9Helena Wittmann, B\u00fcchner Filmproduktion&nbsp;<\/figcaption><\/figure><figure class=\"gallery-item\">\n\t\t\t<div class=\"gallery-icon landscape\">\n\t\t\t\t<a href=\"https:\/\/fsk-kino.peripherfilm.de\/wp-content\/uploads\/2019\/01\/Mariuxi\u00a9Helena-WittmannB\u00fcchner-Filmproduktion-scaled.jpg\"><img loading=\"lazy\" decoding=\"async\" width=\"150\" height=\"150\" src=\"https:\/\/fsk-kino.peripherfilm.de\/wp-content\/uploads\/2019\/01\/Mariuxi\u00a9Helena-WittmannB\u00fcchner-Filmproduktion-150x150.jpg\" class=\"attachment-thumbnail size-thumbnail\" alt aria-describedby=\"gallery-1-10437\" srcset=\"https:\/\/fsk-kino.peripherfilm.de\/wp-content\/uploads\/2019\/01\/Mariuxi\u00a9Helena-WittmannB\u00fcchner-Filmproduktion-150x150.jpg 150w, https:\/\/fsk-kino.peripherfilm.de\/wp-content\/uploads\/2019\/01\/Mariuxi\u00a9Helena-WittmannB\u00fcchner-Filmproduktion-scaled-100x100.jpg 100w\" sizes=\"auto, (max-width: 150px) 100vw, 150px\"><\/a>\n\t\t\t<\/div>\n\t\t\t\t<figcaption class=\"wp-caption-text gallery-caption\" id=\"gallery-1-10437\">\n\t\t\t\tMariuxi\n\u00a9Helena Wittmann, B\u00fcchner Filmproduktion&nbsp;<\/figcaption><\/figure><figure class=\"gallery-item\">\n\t\t\t<div class=\"gallery-icon landscape\">\n\t\t\t\t<a href=\"https:\/\/fsk-kino.peripherfilm.de\/wp-content\/uploads\/2019\/01\/Stephanie-und-Dario\u00a9Helena-Wittmann-B\u00fcchner-Filmproduktion-scaled.jpg\"><img loading=\"lazy\" decoding=\"async\" width=\"150\" height=\"150\" src=\"https:\/\/fsk-kino.peripherfilm.de\/wp-content\/uploads\/2019\/01\/Stephanie-und-Dario\u00a9Helena-Wittmann-B\u00fcchner-Filmproduktion-150x150.jpg\" class=\"attachment-thumbnail size-thumbnail\" alt aria-describedby=\"gallery-1-10438\" srcset=\"https:\/\/fsk-kino.peripherfilm.de\/wp-content\/uploads\/2019\/01\/Stephanie-und-Dario\u00a9Helena-Wittmann-B\u00fcchner-Filmproduktion-150x150.jpg 150w, https:\/\/fsk-kino.peripherfilm.de\/wp-content\/uploads\/2019\/01\/Stephanie-und-Dario\u00a9Helena-Wittmann-B\u00fcchner-Filmproduktion-scaled-100x100.jpg 100w\" sizes=\"auto, (max-width: 150px) 100vw, 150px\"><\/a>\n\t\t\t<\/div>\n\t\t\t\t<figcaption class=\"wp-caption-text gallery-caption\" id=\"gallery-1-10438\">\n\t\t\t\tStephanie und Dario\n\u00a9Helena Wittmann, B\u00fcchner Filmproduktion&nbsp;<\/figcaption><\/figure><figure class=\"gallery-item\">\n\t\t\t<div class=\"gallery-icon landscape\">\n\t\t\t\t<a href=\"https:\/\/fsk-kino.peripherfilm.de\/wp-content\/uploads\/2019\/01\/Zeitung_Dario\u00a9Helena-Wittmann-B\u00fcchner-Filmproduktion-scaled.jpg\"><img loading=\"lazy\" decoding=\"async\" width=\"150\" height=\"150\" src=\"https:\/\/fsk-kino.peripherfilm.de\/wp-content\/uploads\/2019\/01\/Zeitung_Dario\u00a9Helena-Wittmann-B\u00fcchner-Filmproduktion-150x150.jpg\" class=\"attachment-thumbnail size-thumbnail\" alt aria-describedby=\"gallery-1-10439\" srcset=\"https:\/\/fsk-kino.peripherfilm.de\/wp-content\/uploads\/2019\/01\/Zeitung_Dario\u00a9Helena-Wittmann-B\u00fcchner-Filmproduktion-150x150.jpg 150w, https:\/\/fsk-kino.peripherfilm.de\/wp-content\/uploads\/2019\/01\/Zeitung_Dario\u00a9Helena-Wittmann-B\u00fcchner-Filmproduktion-scaled-100x100.jpg 100w\" sizes=\"auto, (max-width: 150px) 100vw, 150px\"><\/a>\n\t\t\t<\/div>\n\t\t\t\t<figcaption class=\"wp-caption-text gallery-caption\" id=\"gallery-1-10439\">\n\t\t\t\tZeitung: Dario\n\u00a9Helena Wittmann, B\u00fcchner Filmproduktion&nbsp;<\/figcaption><\/figure><figure class=\"gallery-item\">\n\t\t\t<div class=\"gallery-icon landscape\">\n\t\t\t\t<a href=\"https:\/\/fsk-kino.peripherfilm.de\/wp-content\/uploads\/2019\/01\/Beh\u00f6rde_Dario_2\u00a9Helena-Wittmann-B\u00fcchner-Filmproduktion.jpg\"><img loading=\"lazy\" decoding=\"async\" width=\"150\" height=\"150\" src=\"https:\/\/fsk-kino.peripherfilm.de\/wp-content\/uploads\/2019\/01\/Beh\u00f6rde_Dario_2\u00a9Helena-Wittmann-B\u00fcchner-Filmproduktion-150x150.jpg\" class=\"attachment-thumbnail size-thumbnail\" alt aria-describedby=\"gallery-1-10440\" srcset=\"https:\/\/fsk-kino.peripherfilm.de\/wp-content\/uploads\/2019\/01\/Beh\u00f6rde_Dario_2\u00a9Helena-Wittmann-B\u00fcchner-Filmproduktion-150x150.jpg 150w, https:\/\/fsk-kino.peripherfilm.de\/wp-content\/uploads\/2019\/01\/Beh\u00f6rde_Dario_2\u00a9Helena-Wittmann-B\u00fcchner-Filmproduktion-100x100.jpg 100w\" sizes=\"auto, (max-width: 150px) 100vw, 150px\"><\/a>\n\t\t\t<\/div>\n\t\t\t\t<figcaption class=\"wp-caption-text gallery-caption\" id=\"gallery-1-10440\">\n\t\t\t\tBeh\u00f6rde: Dario\n\u00a9Helena Wittmann, B\u00fcchner Filmproduktion&nbsp;<\/figcaption><\/figure><figure class=\"gallery-item\">\n\t\t\t<div class=\"gallery-icon landscape\">\n\t\t\t\t<a href=\"https:\/\/fsk-kino.peripherfilm.de\/wp-content\/uploads\/2019\/01\/Dario-und-Sohn\u00a9Dario-Aguirre-B\u00fcchner-Filmproduktion.jpg\"><img loading=\"lazy\" decoding=\"async\" width=\"150\" height=\"150\" src=\"https:\/\/fsk-kino.peripherfilm.de\/wp-content\/uploads\/2019\/01\/Dario-und-Sohn\u00a9Dario-Aguirre-B\u00fcchner-Filmproduktion-150x150.jpg\" class=\"attachment-thumbnail size-thumbnail\" alt aria-describedby=\"gallery-1-10442\" srcset=\"https:\/\/fsk-kino.peripherfilm.de\/wp-content\/uploads\/2019\/01\/Dario-und-Sohn\u00a9Dario-Aguirre-B\u00fcchner-Filmproduktion-150x150.jpg 150w, https:\/\/fsk-kino.peripherfilm.de\/wp-content\/uploads\/2019\/01\/Dario-und-Sohn\u00a9Dario-Aguirre-B\u00fcchner-Filmproduktion-100x100.jpg 100w\" sizes=\"auto, (max-width: 150px) 100vw, 150px\"><\/a>\n\t\t\t<\/div>\n\t\t\t\t<figcaption class=\"wp-caption-text gallery-caption\" id=\"gallery-1-10442\">\n\t\t\t\tDario und Sohn\n\u00a9Dario Aguirre, \nB\u00fcchner Filmproduktion&nbsp;<\/figcaption><\/figure><figure class=\"gallery-item\">\n\t\t\t<div class=\"gallery-icon landscape\">\n\t\t\t\t<a href=\"https:\/\/fsk-kino.peripherfilm.de\/wp-content\/uploads\/2019\/01\/Dario-und-Olaf-Scholz_2\u00a9Helena-Wittmann-B\u00fcchner-Filmproduktion.jpg\"><img loading=\"lazy\" decoding=\"async\" width=\"150\" height=\"150\" src=\"https:\/\/fsk-kino.peripherfilm.de\/wp-content\/uploads\/2019\/01\/Dario-und-Olaf-Scholz_2\u00a9Helena-Wittmann-B\u00fcchner-Filmproduktion-150x150.jpg\" class=\"attachment-thumbnail size-thumbnail\" alt aria-describedby=\"gallery-1-10443\" srcset=\"https:\/\/fsk-kino.peripherfilm.de\/wp-content\/uploads\/2019\/01\/Dario-und-Olaf-Scholz_2\u00a9Helena-Wittmann-B\u00fcchner-Filmproduktion-150x150.jpg 150w, https:\/\/fsk-kino.peripherfilm.de\/wp-content\/uploads\/2019\/01\/Dario-und-Olaf-Scholz_2\u00a9Helena-Wittmann-B\u00fcchner-Filmproduktion-100x100.jpg 100w\" sizes=\"auto, (max-width: 150px) 100vw, 150px\"><\/a>\n\t\t\t<\/div>\n\t\t\t\t<figcaption class=\"wp-caption-text gallery-caption\" id=\"gallery-1-10443\">\n\t\t\t\tDario und Olaf Scholz\n\u00a9Helena Wittmann, B\u00fcchner Filmproduktion&nbsp;<\/figcaption><\/figure><figure class=\"gallery-item\">\n\t\t\t<div class=\"gallery-icon landscape\">\n\t\t\t\t<a href=\"https:\/\/fsk-kino.peripherfilm.de\/wp-content\/uploads\/2019\/01\/Cesar-Aguirre\u00a9Dario-Aguirre-B\u00fcchner-Filmproduktion.jpg\"><img loading=\"lazy\" decoding=\"async\" width=\"150\" height=\"150\" src=\"https:\/\/fsk-kino.peripherfilm.de\/wp-content\/uploads\/2019\/01\/Cesar-Aguirre\u00a9Dario-Aguirre-B\u00fcchner-Filmproduktion-150x150.jpg\" class=\"attachment-thumbnail size-thumbnail\" alt aria-describedby=\"gallery-1-10444\" srcset=\"https:\/\/fsk-kino.peripherfilm.de\/wp-content\/uploads\/2019\/01\/Cesar-Aguirre\u00a9Dario-Aguirre-B\u00fcchner-Filmproduktion-150x150.jpg 150w, https:\/\/fsk-kino.peripherfilm.de\/wp-content\/uploads\/2019\/01\/Cesar-Aguirre\u00a9Dario-Aguirre-B\u00fcchner-Filmproduktion-100x100.jpg 100w\" sizes=\"auto, (max-width: 150px) 100vw, 150px\"><\/a>\n\t\t\t<\/div>\n\t\t\t\t<figcaption class=\"wp-caption-text gallery-caption\" id=\"gallery-1-10444\">\n\t\t\t\tCesar bei der Arbeit\n\u00a9Helena-Wittmann-B\u00fcchner-Filmproduktion\n\t\t\t\t<\/figcaption><\/figure><figure class=\"gallery-item\">\n\t\t\t<div class=\"gallery-icon landscape\">\n\t\t\t\t<a href=\"https:\/\/fsk-kino.peripherfilm.de\/wp-content\/uploads\/2019\/01\/Einb\u00fcrgerungsfeier_Dario\u00a9Helena-Wittmann-B\u00fcchner-Filmproduktion.jpg\"><img loading=\"lazy\" decoding=\"async\" width=\"150\" height=\"150\" src=\"https:\/\/fsk-kino.peripherfilm.de\/wp-content\/uploads\/2019\/01\/Einb\u00fcrgerungsfeier_Dario\u00a9Helena-Wittmann-B\u00fcchner-Filmproduktion-150x150.jpg\" class=\"attachment-thumbnail size-thumbnail\" alt aria-describedby=\"gallery-1-10445\" srcset=\"https:\/\/fsk-kino.peripherfilm.de\/wp-content\/uploads\/2019\/01\/Einb\u00fcrgerungsfeier_Dario\u00a9Helena-Wittmann-B\u00fcchner-Filmproduktion-150x150.jpg 150w, https:\/\/fsk-kino.peripherfilm.de\/wp-content\/uploads\/2019\/01\/Einb\u00fcrgerungsfeier_Dario\u00a9Helena-Wittmann-B\u00fcchner-Filmproduktion-100x100.jpg 100w\" sizes=\"auto, (max-width: 150px) 100vw, 150px\"><\/a>\n\t\t\t<\/div>\n\t\t\t\t<figcaption class=\"wp-caption-text gallery-caption\" id=\"gallery-1-10445\">\n\t\t\t\tEinb\u00fcrgerungsfeier:\nDario\n\u00a9Helena-Wittmann-B\u00fcchner-Filmproduktion\n\t\t\t\t<\/figcaption><\/figure>\n\t\t<\/div>\n\n<hr>\n<div id=\"gallery-2\" class=\"gallery galleryid-10448 gallery-columns-3 gallery-size-medium\"><figure class=\"gallery-item\">\n\t\t\t<div class=\"gallery-icon portrait\">\n\t\t\t\t<a href=\"https:\/\/fsk-kino.peripherfilm.de\/wp-content\/uploads\/2019\/01\/ilmkplakat-scaled.jpg\"><img loading=\"lazy\" decoding=\"async\" width=\"212\" height=\"300\" src=\"https:\/\/fsk-kino.peripherfilm.de\/wp-content\/uploads\/2019\/01\/ilmkplakat-212x300.jpg\" class=\"attachment-medium size-medium\" alt aria-describedby=\"gallery-2-10449\" srcset=\"https:\/\/fsk-kino.peripherfilm.de\/wp-content\/uploads\/2019\/01\/ilmkplakat-212x300.jpg 212w, https:\/\/fsk-kino.peripherfilm.de\/wp-content\/uploads\/2019\/01\/ilmkplakat-scaled-300x425.jpg 300w, https:\/\/fsk-kino.peripherfilm.de\/wp-content\/uploads\/2019\/01\/ilmkplakat-scaled-600x850.jpg 600w, https:\/\/fsk-kino.peripherfilm.de\/wp-content\/uploads\/2019\/01\/ilmkplakat-768x1087.jpg 768w, https:\/\/fsk-kino.peripherfilm.de\/wp-content\/uploads\/2019\/01\/ilmkplakat-723x1024.jpg 723w, https:\/\/fsk-kino.peripherfilm.de\/wp-content\/uploads\/2019\/01\/ilmkplakat-624x884.jpg 624w, https:\/\/fsk-kino.peripherfilm.de\/wp-content\/uploads\/2019\/01\/ilmkplakat-scaled.jpg 1808w\" sizes=\"auto, (max-width: 212px) 100vw, 212px\"><\/a>\n\t\t\t<\/div>\n\t\t\t\t<figcaption class=\"wp-caption-text gallery-caption\" id=\"gallery-2-10449\">\n\t\t\t\tPlakat&nbsp;<\/figcaption><\/figure><figure class=\"gallery-item\">\n\t\t\t<div class=\"gallery-icon landscape\">\n\t\t\t\t<a href=\"https:\/\/fsk-kino.peripherfilm.de\/wp-content\/uploads\/2019\/01\/Aguirre-Dario\u00a9Stephanie-Tonn.jpg\"><img loading=\"lazy\" decoding=\"async\" width=\"400\" height=\"250\" src=\"https:\/\/fsk-kino.peripherfilm.de\/wp-content\/uploads\/2019\/01\/Aguirre-Dario\u00a9Stephanie-Tonn-400x250.jpg\" class=\"attachment-medium size-medium\" alt aria-describedby=\"gallery-2-10450\" srcset=\"https:\/\/fsk-kino.peripherfilm.de\/wp-content\/uploads\/2019\/01\/Aguirre-Dario\u00a9Stephanie-Tonn-400x250.jpg 400w, https:\/\/fsk-kino.peripherfilm.de\/wp-content\/uploads\/2019\/01\/Aguirre-Dario\u00a9Stephanie-Tonn-300x188.jpg 300w, https:\/\/fsk-kino.peripherfilm.de\/wp-content\/uploads\/2019\/01\/Aguirre-Dario\u00a9Stephanie-Tonn-600x376.jpg 600w, https:\/\/fsk-kino.peripherfilm.de\/wp-content\/uploads\/2019\/01\/Aguirre-Dario\u00a9Stephanie-Tonn-768x481.jpg 768w, https:\/\/fsk-kino.peripherfilm.de\/wp-content\/uploads\/2019\/01\/Aguirre-Dario\u00a9Stephanie-Tonn-1024x641.jpg 1024w, https:\/\/fsk-kino.peripherfilm.de\/wp-content\/uploads\/2019\/01\/Aguirre-Dario\u00a9Stephanie-Tonn-624x391.jpg 624w, https:\/\/fsk-kino.peripherfilm.de\/wp-content\/uploads\/2019\/01\/Aguirre-Dario\u00a9Stephanie-Tonn.jpg 1772w\" sizes=\"auto, (max-width: 400px) 100vw, 400px\"><\/a>\n\t\t\t<\/div>\n\t\t\t\t<figcaption class=\"wp-caption-text gallery-caption\" id=\"gallery-2-10450\">\n\t\t\t\tDar\u00edo Aguirre&nbsp;<\/figcaption><\/figure>\n\t\t<\/div>\n\n<p><strong><a name=\"ausschnitte\"><\/a>Ausschnitte:<\/strong><\/p>\n<ol>\n<li>Der dama\u00adli\u00adge Erste B\u00fcrgermeister Hamburgs Olaf Scholz kl\u00e4rt \u00fcber Einb\u00fcrgerung auf.<br>\n<a href=\"https:\/\/fsk-kino.peripherfilm.de\/wp-content\/trailer\/epk\/DeutschWerden-1.m4v\">Ausschnitt 1<\/a><\/li>\n<li><span class=\"dquo\">\u201e<\/span>Seit 15 Jahren bin ich hier \u2026 seit 15 Jahren bin ich Ausl\u00e4nder.\u201c<br>\n<a href=\"https:\/\/fsk-kino.peripherfilm.de\/wp-content\/trailer\/epk\/DeutschWerden-2.m4v\">Ausschnitt 2<\/a><\/li>\n<li>Stephanie spricht \u00fcber das Deutschsein.<br>\n<a href=\"https:\/\/fsk-kino.peripherfilm.de\/wp-content\/trailer\/epk\/DeutschWerden-3.m4v\">Ausschnitt 3<\/a><\/li>\n<li>Dar\u00edo und Stephi gehen den Antrag durch \u2013 Dar\u00edo braucht Informationen von sei\u00adnen Schwiegereltern und macht sich auf den&nbsp;Weg.<br>\n<a href=\"https:\/\/fsk-kino.peripherfilm.de\/wp-content\/trailer\/epk\/DeutschWerden-4.m4v\">Ausschnitt 4<\/a><\/li>\n<li>Dar\u00edos Schwiegermutter \u00fcber ihre anf\u00e4ng\u00adli\u00adchen \u00c4ngste der Beziehung.<br>\n<a href=\"https:\/\/fsk-kino.peripherfilm.de\/wp-content\/trailer\/epk\/DeutschWerden-5.m4v\">Ausschnitt 5<\/a><\/li>\n<li>Dar\u00edos Schwiegervater \u00fcber das Fremde.<br>\n<a href=\"https:\/\/fsk-kino.peripherfilm.de\/wp-content\/trailer\/epk\/DeutschWerden-6.m4v\">Ausschnitt 6<\/a><\/li>\n<li>Dar\u00edos Studienkollegin Mariuxi erz\u00e4hlt, war\u00adum der deut\u00adsche Pass f\u00fcr sie wich\u00adtig ist und wie fremd sie sich&nbsp;f\u00fchlt.<br>\n<a href=\"https:\/\/fsk-kino.peripherfilm.de\/wp-content\/trailer\/epk\/DeutschWerden-7.m4v\">Ausschnitt 7<\/a><\/li>\n<\/ol>\n<p><\/p>","protected":false},"excerpt":{"rendered":"<p>Sorry, this ent\u00adry is only available in Deutsch.Bitte beach\u00adten Sie, dass die Ver\u00adwen\u00addung des Bild\u00adma\u00adte\u00adri\u00adals aus\u00adschlie\u00df\u00adlich im Zusam\u00admen\u00adhang mit der Bericht\u00aderstat\u00adtung \u00fcber die Fes\u00adti\u00adval <span class=\"amp\">&amp;<\/span> Kino\u00adaus\u00adwer\u00adtung des Films gestat\u00adtet ist! Keine Archivierung. [Presseheft (pdf)] [web-Trailer] [dcp-Trailer] [Webseite] [Ausschnitte] Fotos: Ausschnitte: Der dama\u00adli\u00adge Erste B\u00fcrgermeister Hamburgs Olaf Scholz kl\u00e4rt \u00fcber Einb\u00fcrgerung auf. Ausschnitt 1 \u201eSeit&nbsp;15&nbsp;[\u2026]<\/p>\n","protected":false},"author":2,"featured_media":0,"parent":3053,"menu_order":0,"comment_status":"closed","ping_status":"closed","template":"page-templates\/full-width.php","meta":{"_crdt_document":"","wp_typography_post_enhancements_disabled":false,"slim_seo":{"title":"[:de]Pressematerial \"Im Land meiner Kinder\"[:] - fsk Kino","description":"[:de] Bitte beach\u00adten Sie, dass die Ver\u00adwen\u00addung des Bild\u00adma\u00adte\u00adri\u00adals aus\u00adschlie\u00df\u00adlich im Zusam\u00admen\u00adhang mit der Bericht\u00aderstat\u00adtung \u00fcber die Fes\u00adti\u00adval &amp;"},"footnotes":""},"class_list":["post-10448","page","type-page","status-publish","hentry"],"_links":{"self":[{"href":"https:\/\/fsk-kino.peripherfilm.de\/en\/wp-json\/wp\/v2\/pages\/10448","targetHints":{"allow":["GET"]}}],"collection":[{"href":"https:\/\/fsk-kino.peripherfilm.de\/en\/wp-json\/wp\/v2\/pages"}],"about":[{"href":"https:\/\/fsk-kino.peripherfilm.de\/en\/wp-json\/wp\/v2\/types\/page"}],"author":[{"embeddable":true,"href":"https:\/\/fsk-kino.peripherfilm.de\/en\/wp-json\/wp\/v2\/users\/2"}],"replies":[{"embeddable":true,"href":"https:\/\/fsk-kino.peripherfilm.de\/en\/wp-json\/wp\/v2\/comments?post=10448"}],"version-history":[{"count":0,"href":"https:\/\/fsk-kino.peripherfilm.de\/en\/wp-json\/wp\/v2\/pages\/10448\/revisions"}],"up":[{"embeddable":true,"href":"https:\/\/fsk-kino.peripherfilm.de\/en\/wp-json\/wp\/v2\/pages\/3053"}],"wp:attachment":[{"href":"https:\/\/fsk-kino.peripherfilm.de\/en\/wp-json\/wp\/v2\/media?parent=10448"}],"curies":[{"name":"wp","href":"https:\/\/api.w.org\/{rel}","templated":true}]}}